{"id":1204,"date":"2024-09-11T12:48:34","date_gmt":"2024-09-11T12:48:34","guid":{"rendered":"https:\/\/test.nandrikinderhilfe.de\/?page_id=1204"},"modified":"2025-04-15T12:58:11","modified_gmt":"2025-04-15T12:58:11","slug":"blog","status":"publish","type":"page","link":"https:\/\/nandrikinderhilfe.de\/en\/blog\/","title":{"rendered":"Blog"},"content":{"rendered":"\t\t<div data-elementor-type=\"wp-page\" data-elementor-id=\"1204\" class=\"elementor elementor-1204\">\n\t\t\t\t<div class=\"elementor-element elementor-element-d5cfde3 e-flex e-con-boxed wpr-particle-no wpr-jarallax-no wpr-parallax-no wpr-sticky-section-no e-con e-parent\" data-id=\"d5cfde3\" data-element_type=\"container\" data-e-type=\"container\" data-settings=\"{&quot;background_background&quot;:&quot;slideshow&quot;,&quot;background_slideshow_gallery&quot;:[{&quot;id&quot;:912,&quot;url&quot;:&quot;https:\\\/\\\/test.nandrikinderhilfe.de\\\/wp-content\\\/uploads\\\/2024\\\/09\\\/Ausbildungsinstitut_Header_web.jpg&quot;}],&quot;background_slideshow_ken_burns&quot;:&quot;yes&quot;,&quot;background_slideshow_loop&quot;:&quot;yes&quot;,&quot;background_slideshow_slide_duration&quot;:5000,&quot;background_slideshow_slide_transition&quot;:&quot;fade&quot;,&quot;background_slideshow_transition_duration&quot;:500,&quot;background_slideshow_ken_burns_zoom_direction&quot;:&quot;in&quot;}\">\n\t\t\t\t\t<div class=\"e-con-inner\">\n\t\t\t\t\t<\/div>\n\t\t\t\t<\/div>\n\t\t<div class=\"elementor-element elementor-element-4c3cac6b e-flex e-con-boxed wpr-particle-no wpr-jarallax-no wpr-parallax-no wpr-sticky-section-no e-con e-parent\" data-id=\"4c3cac6b\" data-element_type=\"container\" data-e-type=\"container\">\n\t\t\t\t\t<div class=\"e-con-inner\">\n\t\t<div class=\"elementor-element elementor-element-38737bf9 e-con-full e-flex wpr-particle-no wpr-jarallax-no wpr-parallax-no wpr-sticky-section-no e-con e-child\" data-id=\"38737bf9\" data-element_type=\"container\" data-e-type=\"container\">\n\t\t\t\t<div class=\"elementor-element elementor-element-4fa4a666 elementor-widget elementor-widget-heading\" data-id=\"4fa4a666\" data-element_type=\"widget\" data-e-type=\"widget\" data-widget_type=\"heading.default\">\n\t\t\t\t<div class=\"elementor-widget-container\">\n\t\t\t\t\t<h2 class=\"elementor-heading-title elementor-size-default\">Unsere Blog-Artikel<\/h2>\t\t\t\t<\/div>\n\t\t\t\t<\/div>\n\t\t\t\t<div class=\"elementor-element elementor-element-767ad46 wpr-grid-columns-3 wpr-grid-columns--tablet2 wpr-grid-columns--mobile1 wpr-grid-pagination-center wpr-item-styles-inner elementor-widget elementor-widget-wpr-grid\" data-id=\"767ad46\" data-element_type=\"widget\" data-e-type=\"widget\" data-widget_type=\"wpr-grid.default\">\n\t\t\t\t<div class=\"elementor-widget-container\">\n\t\t\t\t\t<ul class=\"wpr-grid-filters elementor-clearfix wpr-grid-filters-sep-right\"><li class=\" wpr-pointer-none wpr-pointer-line-fx wpr-pointer-fx-none\"><span  data-filter=\"*\" class=\"wpr-grid-filters-item wpr-active-filter \">All Posts<\/span><em class=\"wpr-grid-filters-sep\"><\/em><\/li><li class=\" wpr-pointer-none wpr-pointer-line-fx wpr-pointer-fx-none\"><span   data-ajax-filter=[\"category\",\"blog\"]  data-filter=\".category-blog\">Blog<\/span><em class=\"wpr-grid-filters-sep\"><\/em><\/li><\/ul><section class=\"wpr-grid elementor-clearfix\" data-settings=\"{&quot;layout&quot;:&quot;fitRows&quot;,&quot;stick_last_element_to_bottom&quot;:&quot;&quot;,&quot;columns_desktop&quot;:3,&quot;gutter_hr&quot;:15,&quot;gutter_hr_mobile&quot;:15,&quot;gutter_hr_mobile_extra&quot;:15,&quot;gutter_hr_tablet&quot;:15,&quot;gutter_hr_tablet_extra&quot;:15,&quot;gutter_hr_laptop&quot;:15,&quot;gutter_hr_widescreen&quot;:15,&quot;gutter_vr&quot;:15,&quot;gutter_vr_mobile&quot;:15,&quot;gutter_vr_mobile_extra&quot;:15,&quot;gutter_vr_tablet&quot;:15,&quot;gutter_vr_tablet_extra&quot;:15,&quot;gutter_vr_laptop&quot;:15,&quot;gutter_vr_widescreen&quot;:15,&quot;animation&quot;:&quot;default&quot;,&quot;animation_duration&quot;:0.3,&quot;animation_delay&quot;:0.1,&quot;deeplinking&quot;:&quot;&quot;,&quot;filters_linkable&quot;:&quot;&quot;,&quot;filters_default_filter&quot;:&quot;&quot;,&quot;filters_count&quot;:&quot;&quot;,&quot;filters_hide_empty&quot;:&quot;no&quot;,&quot;filters_animation&quot;:&quot;default&quot;,&quot;filters_animation_duration&quot;:0.3,&quot;filters_animation_delay&quot;:0.1,&quot;pagination_type&quot;:&quot;load-more&quot;,&quot;pagination_max_pages&quot;:10,&quot;lightbox&quot;:{&quot;selector&quot;:&quot;.wpr-grid-image-wrap&quot;,&quot;iframeMaxWidth&quot;:&quot;60%&quot;,&quot;hash&quot;:false,&quot;autoplay&quot;:&quot;true&quot;,&quot;pause&quot;:5000,&quot;progressBar&quot;:&quot;true&quot;,&quot;counter&quot;:&quot;true&quot;,&quot;controls&quot;:&quot;true&quot;,&quot;getCaptionFromTitleOrAlt&quot;:&quot;true&quot;,&quot;thumbnail&quot;:&quot;&quot;,&quot;showThumbByDefault&quot;:&quot;&quot;,&quot;share&quot;:&quot;&quot;,&quot;zoom&quot;:&quot;true&quot;,&quot;fullScreen&quot;:&quot;true&quot;,&quot;download&quot;:&quot;true&quot;}}\" data-advanced-filters=\"no\"><article class=\"wpr-grid-item elementor-clearfix post-4355 post type-post status-publish format-standard hentry category-blog\"><div class=\"wpr-grid-item-inner\"><div class=\"wpr-grid-item-below-content elementor-clearfix\"><h2 class=\"wpr-grid-item-title elementor-repeater-item-167d9eb wpr-grid-item-display-block wpr-grid-item-align-left wpr-pointer-none wpr-pointer-line-fx wpr-pointer-fx-fade\"><div class=\"inner-block\"><a target=\"_self\"  href=\"https:\/\/nandrikinderhilfe.de\/en\/patenschafts-bericht-zur-indien-reise-2\/\">Inspektion der NANDRI-Projekte &#8211; Vor Ort und aus 1. Hand<\/a><\/div><\/h2><div class=\"wpr-grid-item-date elementor-repeater-item-93d6953 wpr-grid-item-display-inline wpr-grid-item-align-left\"><div class=\"inner-block\"><span>22. February 2026<span class=\"wpr-grid-extra-text-right\"><\/span><\/span><\/div><\/div><div class=\"wpr-grid-item-excerpt elementor-repeater-item-b1213d3 wpr-grid-item-display-block wpr-grid-item-align-left\"><div class=\"inner-block\"><p>Paten-Bericht zur Indien-Reise vom 17.01.2026 bis 26.01.2026 von Elke Merswolken<\/p><\/div><\/div><div class=\"wpr-grid-item-read-more elementor-repeater-item-44be47a wpr-grid-item-display-block wpr-grid-item-align-left\"><div class=\"inner-block\"><a target=\"_self\" href=\"https:\/\/nandrikinderhilfe.de\/en\/patenschafts-bericht-zur-indien-reise-2\/\" class=\"wpr-button-effect wpr-button-none\"><span>Mehr lesen<\/span><\/a><\/div><\/div><\/div><\/div><\/article><article class=\"wpr-grid-item elementor-clearfix post-4326 post type-post status-publish format-standard hentry category-blog\"><div class=\"wpr-grid-item-inner\"><div class=\"wpr-grid-item-below-content elementor-clearfix\"><h2 class=\"wpr-grid-item-title elementor-repeater-item-167d9eb wpr-grid-item-display-block wpr-grid-item-align-left wpr-pointer-none wpr-pointer-line-fx wpr-pointer-fx-fade\"><div class=\"inner-block\"><a target=\"_self\"  href=\"https:\/\/nandrikinderhilfe.de\/en\/weihnachtsbrief-2025\/\">Weihnachtsbrief 2025<\/a><\/div><\/h2><div class=\"wpr-grid-item-date elementor-repeater-item-93d6953 wpr-grid-item-display-inline wpr-grid-item-align-left\"><div class=\"inner-block\"><span>17. December 2025<span class=\"wpr-grid-extra-text-right\"><\/span><\/span><\/div><\/div><div class=\"wpr-grid-item-excerpt elementor-repeater-item-b1213d3 wpr-grid-item-display-block wpr-grid-item-align-left\"><div class=\"inner-block\"><p>Monika Gerbas in Indien<\/p><\/div><\/div><div class=\"wpr-grid-item-read-more elementor-repeater-item-44be47a wpr-grid-item-display-block wpr-grid-item-align-left\"><div class=\"inner-block\"><a target=\"_self\" href=\"https:\/\/nandrikinderhilfe.de\/en\/weihnachtsbrief-2025\/\" class=\"wpr-button-effect wpr-button-none\"><span>Mehr lesen<\/span><\/a><\/div><\/div><\/div><\/div><\/article><article class=\"wpr-grid-item elementor-clearfix post-4229 post type-post status-publish format-standard hentry category-blog\"><div class=\"wpr-grid-item-inner\"><div class=\"wpr-grid-item-below-content elementor-clearfix\"><h2 class=\"wpr-grid-item-title elementor-repeater-item-167d9eb wpr-grid-item-display-block wpr-grid-item-align-left wpr-pointer-none wpr-pointer-line-fx wpr-pointer-fx-fade\"><div class=\"inner-block\"><a target=\"_self\"  href=\"https:\/\/nandrikinderhilfe.de\/en\/weihnachtsaktion-und-mehr\/\">Weihnachtsaktion und MEHR<\/a><\/div><\/h2><div class=\"wpr-grid-item-date elementor-repeater-item-93d6953 wpr-grid-item-display-inline wpr-grid-item-align-left\"><div class=\"inner-block\"><span>5. November 2025<span class=\"wpr-grid-extra-text-right\"><\/span><\/span><\/div><\/div><div class=\"wpr-grid-item-excerpt elementor-repeater-item-b1213d3 wpr-grid-item-display-block wpr-grid-item-align-left\"><div class=\"inner-block\"><p>Liebe Freunde, Paten und Mitglieder von Nandri, mit gro\u00dfen Schritten n\u00e4hern sich Weihnachen und das Ende des Jahres..<\/p><\/div><\/div><div class=\"wpr-grid-item-read-more elementor-repeater-item-44be47a wpr-grid-item-display-block wpr-grid-item-align-left\"><div class=\"inner-block\"><a target=\"_self\" href=\"https:\/\/nandrikinderhilfe.de\/en\/weihnachtsaktion-und-mehr\/\" class=\"wpr-button-effect wpr-button-none\"><span>Mehr lesen<\/span><\/a><\/div><\/div><\/div><\/div><\/article><article class=\"wpr-grid-item elementor-clearfix post-4198 post type-post status-publish format-standard hentry category-blog\"><div class=\"wpr-grid-item-inner\"><div class=\"wpr-grid-item-below-content elementor-clearfix\"><h2 class=\"wpr-grid-item-title elementor-repeater-item-167d9eb wpr-grid-item-display-block wpr-grid-item-align-left wpr-pointer-none wpr-pointer-line-fx wpr-pointer-fx-fade\"><div class=\"inner-block\"><a target=\"_self\"  href=\"https:\/\/nandrikinderhilfe.de\/en\/patenschafts-bericht-zur-indien-reise\/\">Patenschafts-Bericht zur Indien-Reise vom 24.01.2025 bis 01.02.2025<\/a><\/div><\/h2><div class=\"wpr-grid-item-date elementor-repeater-item-93d6953 wpr-grid-item-display-inline wpr-grid-item-align-left\"><div class=\"inner-block\"><span>13. October 2025<span class=\"wpr-grid-extra-text-right\"><\/span><\/span><\/div><\/div><div class=\"wpr-grid-item-excerpt elementor-repeater-item-b1213d3 wpr-grid-item-display-block wpr-grid-item-align-left\"><div class=\"inner-block\"><p>EIN NEUES DORFZENTRUM BRINGT HOFFNUNG...<\/p><\/div><\/div><div class=\"wpr-grid-item-read-more elementor-repeater-item-44be47a wpr-grid-item-display-block wpr-grid-item-align-left\"><div class=\"inner-block\"><a target=\"_self\" href=\"https:\/\/nandrikinderhilfe.de\/en\/patenschafts-bericht-zur-indien-reise\/\" class=\"wpr-button-effect wpr-button-none\"><span>Mehr lesen<\/span><\/a><\/div><\/div><\/div><\/div><\/article><article class=\"wpr-grid-item elementor-clearfix post-4179 post type-post status-publish format-standard hentry category-blog\"><div class=\"wpr-grid-item-inner\"><div class=\"wpr-grid-item-below-content elementor-clearfix\"><h2 class=\"wpr-grid-item-title elementor-repeater-item-167d9eb wpr-grid-item-display-block wpr-grid-item-align-left wpr-pointer-none wpr-pointer-line-fx wpr-pointer-fx-fade\"><div class=\"inner-block\"><a target=\"_self\"  href=\"https:\/\/nandrikinderhilfe.de\/en\/eine-neue-gemeinschaftskueche-fuer-das-frauenhaus-kann-gebaut-werden\/\">Eine neue Gemeinschaftsk\u00fcche f\u00fcr das Frauenhaus kann gebaut werden!<\/a><\/div><\/h2><div class=\"wpr-grid-item-date elementor-repeater-item-93d6953 wpr-grid-item-display-inline wpr-grid-item-align-left\"><div class=\"inner-block\"><span>25. September 2025<span class=\"wpr-grid-extra-text-right\"><\/span><\/span><\/div><\/div><div class=\"wpr-grid-item-excerpt elementor-repeater-item-b1213d3 wpr-grid-item-display-block wpr-grid-item-align-left\"><div class=\"inner-block\"><p>In Tamil Nadu (Indien) leben viele Frauen und M\u00e4dchen, die Opfer von Missbrauch, Ausbeutung und Gewalt wurden...<\/p><\/div><\/div><div class=\"wpr-grid-item-read-more elementor-repeater-item-44be47a wpr-grid-item-display-block wpr-grid-item-align-left\"><div class=\"inner-block\"><a target=\"_self\" href=\"https:\/\/nandrikinderhilfe.de\/en\/eine-neue-gemeinschaftskueche-fuer-das-frauenhaus-kann-gebaut-werden\/\" class=\"wpr-button-effect wpr-button-none\"><span>Mehr lesen<\/span><\/a><\/div><\/div><\/div><\/div><\/article><article class=\"wpr-grid-item elementor-clearfix post-4147 post type-post status-publish format-standard hentry category-blog\"><div class=\"wpr-grid-item-inner\"><div class=\"wpr-grid-item-below-content elementor-clearfix\"><h2 class=\"wpr-grid-item-title elementor-repeater-item-167d9eb wpr-grid-item-display-block wpr-grid-item-align-left wpr-pointer-none wpr-pointer-line-fx wpr-pointer-fx-fade\"><div class=\"inner-block\"><a target=\"_self\"  href=\"https:\/\/nandrikinderhilfe.de\/en\/irulars-eine-besondere-gemeinschaft-mit-grossem-hilfsbedarf\/\">Irulars \u2013 eine besondere Gemeinschaft mit gro\u00dfem Hilfsbedarf!<\/a><\/div><\/h2><div class=\"wpr-grid-item-date elementor-repeater-item-93d6953 wpr-grid-item-display-inline wpr-grid-item-align-left\"><div class=\"inner-block\"><span>25. June 2025<span class=\"wpr-grid-extra-text-right\"><\/span><\/span><\/div><\/div><div class=\"wpr-grid-item-excerpt elementor-repeater-item-b1213d3 wpr-grid-item-display-block wpr-grid-item-align-left\"><div class=\"inner-block\"><p>Die Irulas sind eine der urspr\u00fcnglichsten indigenen Gemeinschaften Indiens, die vor der indischen Unabh\u00e4ngigkeit in den W\u00e4ldern lebten...<\/p><\/div><\/div><div class=\"wpr-grid-item-read-more elementor-repeater-item-44be47a wpr-grid-item-display-block wpr-grid-item-align-left\"><div class=\"inner-block\"><a target=\"_self\" href=\"https:\/\/nandrikinderhilfe.de\/en\/irulars-eine-besondere-gemeinschaft-mit-grossem-hilfsbedarf\/\" class=\"wpr-button-effect wpr-button-none\"><span>Mehr lesen<\/span><\/a><\/div><\/div><\/div><\/div><\/article><article class=\"wpr-grid-item elementor-clearfix post-4018 post type-post status-publish format-standard hentry category-blog\"><div class=\"wpr-grid-item-inner\"><div class=\"wpr-grid-item-below-content elementor-clearfix\"><h2 class=\"wpr-grid-item-title elementor-repeater-item-167d9eb wpr-grid-item-display-block wpr-grid-item-align-left wpr-pointer-none wpr-pointer-line-fx wpr-pointer-fx-fade\"><div class=\"inner-block\"><a target=\"_self\"  href=\"https:\/\/nandrikinderhilfe.de\/en\/nandri-alumni-diese-jungen-leute-haben-es-geschafft\/\">Nandri Alumni \u2013 diese jungen Leute haben es geschafft!<\/a><\/div><\/h2><div class=\"wpr-grid-item-date elementor-repeater-item-93d6953 wpr-grid-item-display-inline wpr-grid-item-align-left\"><div class=\"inner-block\"><span>14. April 2025<span class=\"wpr-grid-extra-text-right\"><\/span><\/span><\/div><\/div><div class=\"wpr-grid-item-excerpt elementor-repeater-item-b1213d3 wpr-grid-item-display-block wpr-grid-item-align-left\"><div class=\"inner-block\"><p>\u201eEs ist uns eine gro\u00dfe Freude, Sie heute zu diesem Ehemaligen-Treffen zu begr\u00fc\u00dfen\u201c \u2013 so hei\u00dft uns Nithya, ehemalige Sch\u00fclerin...<\/p><\/div><\/div><div class=\"wpr-grid-item-read-more elementor-repeater-item-44be47a wpr-grid-item-display-block wpr-grid-item-align-left\"><div class=\"inner-block\"><a target=\"_self\" href=\"https:\/\/nandrikinderhilfe.de\/en\/nandri-alumni-diese-jungen-leute-haben-es-geschafft\/\" class=\"wpr-button-effect wpr-button-none\"><span>Mehr lesen<\/span><\/a><\/div><\/div><\/div><\/div><\/article><article class=\"wpr-grid-item elementor-clearfix post-3285 post type-post status-publish format-standard hentry category-blog\"><div class=\"wpr-grid-item-inner\"><div class=\"wpr-grid-item-below-content elementor-clearfix\"><h2 class=\"wpr-grid-item-title elementor-repeater-item-167d9eb wpr-grid-item-display-block wpr-grid-item-align-left wpr-pointer-none wpr-pointer-line-fx wpr-pointer-fx-fade\"><div class=\"inner-block\"><a target=\"_self\"  href=\"https:\/\/nandrikinderhilfe.de\/en\/heute-haben-wir-alle-etwas-gelernt-beim-besuch-der-lfhs\/\">Heute haben wir alle etwas gelernt beim Besuch der LFHS!<\/a><\/div><\/h2><div class=\"wpr-grid-item-date elementor-repeater-item-93d6953 wpr-grid-item-display-inline wpr-grid-item-align-left\"><div class=\"inner-block\"><span>1. March 2025<span class=\"wpr-grid-extra-text-right\"><\/span><\/span><\/div><\/div><div class=\"wpr-grid-item-excerpt elementor-repeater-item-b1213d3 wpr-grid-item-display-block wpr-grid-item-align-left\"><div class=\"inner-block\"><p>Als wir auf unserer Sponsorenreise f\u00fcr einen Tag zu Besuch bei der Little Flower High School waren, haben sich die...<\/p><\/div><\/div><div class=\"wpr-grid-item-read-more elementor-repeater-item-44be47a wpr-grid-item-display-block wpr-grid-item-align-left\"><div class=\"inner-block\"><a target=\"_self\" href=\"https:\/\/nandrikinderhilfe.de\/en\/heute-haben-wir-alle-etwas-gelernt-beim-besuch-der-lfhs\/\" class=\"wpr-button-effect wpr-button-none\"><span>Mehr lesen<\/span><\/a><\/div><\/div><\/div><\/div><\/article><article class=\"wpr-grid-item elementor-clearfix post-3262 post type-post status-publish format-standard hentry category-blog\"><div class=\"wpr-grid-item-inner\"><div class=\"wpr-grid-item-below-content elementor-clearfix\"><h2 class=\"wpr-grid-item-title elementor-repeater-item-167d9eb wpr-grid-item-display-block wpr-grid-item-align-left wpr-pointer-none wpr-pointer-line-fx wpr-pointer-fx-fade\"><div class=\"inner-block\"><a target=\"_self\"  href=\"https:\/\/nandrikinderhilfe.de\/en\/ein-dorf-feiert-sein-neues-zentrum-fur-eine-bessere-zukunft\/\">Ein Dorf feiert sein neues Zentrum \u2013 f\u00fcr eine bessere Zukunft!<\/a><\/div><\/h2><div class=\"wpr-grid-item-date elementor-repeater-item-93d6953 wpr-grid-item-display-inline wpr-grid-item-align-left\"><div class=\"inner-block\"><span>17. February 2025<span class=\"wpr-grid-extra-text-right\"><\/span><\/span><\/div><\/div><div class=\"wpr-grid-item-excerpt elementor-repeater-item-b1213d3 wpr-grid-item-display-block wpr-grid-item-align-left\"><div class=\"inner-block\"><p>Ende Januar 2025 sind wir in einer Gruppe von Paten und Vereinsmitgliedern von Nandri ins indische Hinterland nach Veeranakunnam gereist....<\/p><\/div><\/div><div class=\"wpr-grid-item-read-more elementor-repeater-item-44be47a wpr-grid-item-display-block wpr-grid-item-align-left\"><div class=\"inner-block\"><a target=\"_self\" href=\"https:\/\/nandrikinderhilfe.de\/en\/ein-dorf-feiert-sein-neues-zentrum-fur-eine-bessere-zukunft\/\" class=\"wpr-button-effect wpr-button-none\"><span>Mehr lesen<\/span><\/a><\/div><\/div><\/div><\/div><\/article><\/section><div class=\"wpr-grid-pagination elementor-clearfix wpr-grid-pagination-load-more\" data-pages=\"10\"><a href=\"https:\/\/nandrikinderhilfe.de\/en\/wp-json\/wp\/v2\/pages\/1204\/page\/2\/\" class=\"wpr-load-more-btn\" data-e-disable-page-transition >Mehr sehen<\/a><div class=\"wpr-pagination-loading\"><div class=\"wpr-double-bounce\"><div class=\"wpr-child wpr-double-bounce1\"><\/div><div class=\"wpr-child wpr-double-bounce2\"><\/div><\/div><\/div><p class=\"wpr-pagination-finish\">Mehr gibt es zur Zeit nicht<\/p><\/div>\t\t\t\t<\/div>\n\t\t\t\t<\/div>\n\t\t\t\t<\/div>\n\t\t\t\t\t<\/div>\n\t\t\t\t<\/div>\n\t\t\t\t<\/div>\n\t\t","protected":false},"excerpt":{"rendered":"<p>Unsere Blog-Artikel All Posts Blog Nandri Alumni \u2013 diese jungen Leute haben es geschafft! 14. April 2025 \u201eEs ist uns eine gro\u00dfe Freude, Sie heute zu diesem Ehemaligen-Treffen zu begr\u00fc\u00dfen\u201c \u2013 so hei\u00dft uns Nithya, ehemalige Sch\u00fclerin&#8230; Mehr lesen Heute haben wir alle etwas gelernt beim Besuch der LFHS! 1. M\u00e4rz 2025 Blog-Archiv 2. Dezember 2024Mehr lesen&#8230; 8. Oktober 2024Mehr lesen&#8230; 25. September 2024Mehr lesen&#8230; 7. Juni 2024Mehr lesen&#8230; 22. April 2024Mehr&#8230; Mehr lesen Ein Dorf feiert sein neues Zentrum \u2013 f\u00fcr eine bessere Zukunft! 17. Februar 2025 Blog-Archiv 2. Dezember 2024Mehr lesen&#8230; 8. Oktober 2024Mehr lesen&#8230; 25. September 2024Mehr lesen&#8230; 7. Juni 2024Mehr lesen&#8230; 22. April 2024Mehr&#8230; Mehr lesen Die Sch\u00fcler*innen der LFHS freuen sich riesig \u00fcber ihren neuen Schulbus! 11. Februar 2025 Blog-Archiv 2. Dezember 2024Mehr lesen&#8230; 8. Oktober 2024Mehr lesen&#8230; 25. September 2024Mehr lesen&#8230; 7. Juni 2024Mehr lesen&#8230; 22. April 2024Mehr&#8230; Mehr lesen Reisebericht Anita und Christian Wagner 30. Okt. \u2013 5. Nov. 2024 2. Dezember 2024 Blog-Archiv 2. Dezember 2024Mehr lesen&#8230; 8. Oktober 2024Mehr lesen&#8230; 25. September 2024Mehr lesen&#8230; 7. Juni 2024Mehr lesen&#8230; 22. April 2024Mehr&#8230; Mehr lesen Ein neues Nandri-Dorfzentrum entsteht in Veeranakunnam 8. Oktober 2024 Blog-Archiv 2. Dezember 2024Mehr lesen&#8230; 8. Oktober 2024Mehr lesen&#8230; 25. September 2024Mehr lesen&#8230; 7. Juni 2024Mehr lesen&#8230; 22. April 2024Mehr&#8230; Mehr lesen 150 Mitarbeiterinnen und Mitarbeiter von Bain &amp; Company spenden f\u00fcr einen neuen Schulbus! 25. September 2024 Blog-Archiv 2. Dezember 2024Mehr lesen&#8230; 8. Oktober 2024Mehr lesen&#8230; 25. September 2024Mehr lesen&#8230; 7. Juni 2024Mehr lesen&#8230; 22. April 2024Mehr&#8230; Mehr lesen Shamina und ihr Baby \u2013 ihre Geschichte 7. Juni 2024 Blog-Archiv 2. Dezember 2024Mehr lesen&#8230; 8. Oktober 2024Mehr lesen&#8230; 25. September 2024Mehr lesen&#8230; 7. Juni 2024Mehr lesen&#8230; 22. April 2024Mehr&#8230; Mehr lesen Erfolgreiches Benefiz Konzert in Steinbach 22. April 2024 Blog-Archiv 2. Dezember 2024Mehr lesen&#8230; 8. Oktober 2024Mehr lesen&#8230; 25. September 2024Mehr lesen&#8230; 7. Juni 2024Mehr lesen&#8230; 22. April 2024Mehr&#8230; Mehr lesen Mehr sehen Mehr gibt es zur Zeit nicht<\/p>","protected":false},"author":1,"featured_media":0,"parent":0,"menu_order":0,"comment_status":"closed","ping_status":"closed","template":"","meta":{"footnotes":""},"class_list":["post-1204","page","type-page","status-publish","hentry"],"_links":{"self":[{"href":"https:\/\/nandrikinderhilfe.de\/en\/wp-json\/wp\/v2\/pages\/1204","targetHints":{"allow":["GET"]}}],"collection":[{"href":"https:\/\/nandrikinderhilfe.de\/en\/wp-json\/wp\/v2\/pages"}],"about":[{"href":"https:\/\/nandrikinderhilfe.de\/en\/wp-json\/wp\/v2\/types\/page"}],"author":[{"embeddable":true,"href":"https:\/\/nandrikinderhilfe.de\/en\/wp-json\/wp\/v2\/users\/1"}],"replies":[{"embeddable":true,"href":"https:\/\/nandrikinderhilfe.de\/en\/wp-json\/wp\/v2\/comments?post=1204"}],"version-history":[{"count":56,"href":"https:\/\/nandrikinderhilfe.de\/en\/wp-json\/wp\/v2\/pages\/1204\/revisions"}],"predecessor-version":[{"id":4318,"href":"https:\/\/nandrikinderhilfe.de\/en\/wp-json\/wp\/v2\/pages\/1204\/revisions\/4318"}],"wp:attachment":[{"href":"https:\/\/nandrikinderhilfe.de\/en\/wp-json\/wp\/v2\/media?parent=1204"}],"curies":[{"name":"wp","href":"https:\/\/api.w.org\/{rel}","templated":true}]}}