{"id":2416,"date":"2025-01-09T17:11:03","date_gmt":"2025-01-09T17:11:03","guid":{"rendered":"https:\/\/test.nandrikinderhilfe.de\/?page_id=2416"},"modified":"2025-01-09T17:27:27","modified_gmt":"2025-01-09T17:27:27","slug":"little-flower-school-2","status":"publish","type":"page","link":"https:\/\/nandrikinderhilfe.de\/en\/little-flower-school-2\/","title":{"rendered":"Impressum"},"content":{"rendered":"\t\t<div data-elementor-type=\"wp-page\" data-elementor-id=\"2416\" class=\"elementor elementor-2416\">\n\t\t\t\t<div class=\"elementor-element elementor-element-d5cfde3 e-flex e-con-boxed wpr-particle-no wpr-jarallax-no wpr-parallax-no wpr-sticky-section-no e-con e-parent\" data-id=\"d5cfde3\" data-element_type=\"container\" data-e-type=\"container\" data-settings=\"{&quot;background_background&quot;:&quot;slideshow&quot;,&quot;background_slideshow_gallery&quot;:[{&quot;id&quot;:755,&quot;url&quot;:&quot;https:\\\/\\\/test.nandrikinderhilfe.de\\\/wp-content\\\/uploads\\\/2024\\\/09\\\/LFHS_Header_web.jpg&quot;}],&quot;background_slideshow_ken_burns&quot;:&quot;yes&quot;,&quot;background_slideshow_loop&quot;:&quot;yes&quot;,&quot;background_slideshow_slide_duration&quot;:5000,&quot;background_slideshow_slide_transition&quot;:&quot;fade&quot;,&quot;background_slideshow_transition_duration&quot;:500,&quot;background_slideshow_ken_burns_zoom_direction&quot;:&quot;in&quot;}\">\n\t\t\t\t\t<div class=\"e-con-inner\">\n\t\t\t\t\t<\/div>\n\t\t\t\t<\/div>\n\t\t<div class=\"elementor-element elementor-element-4c3cac6b e-flex e-con-boxed wpr-particle-no wpr-jarallax-no wpr-parallax-no wpr-sticky-section-no e-con e-parent\" data-id=\"4c3cac6b\" data-element_type=\"container\" data-e-type=\"container\">\n\t\t\t\t\t<div class=\"e-con-inner\">\n\t\t<div class=\"elementor-element elementor-element-38737bf9 e-con-full e-flex wpr-particle-no wpr-jarallax-no wpr-parallax-no wpr-sticky-section-no e-con e-child\" data-id=\"38737bf9\" data-element_type=\"container\" data-e-type=\"container\">\n\t\t\t\t<div class=\"elementor-element elementor-element-4fa4a666 elementor-widget elementor-widget-heading\" data-id=\"4fa4a666\" data-element_type=\"widget\" data-e-type=\"widget\" data-widget_type=\"heading.default\">\n\t\t\t\t<div class=\"elementor-widget-container\">\n\t\t\t\t\t<h2 class=\"elementor-heading-title elementor-size-default\">Impressum<\/h2>\t\t\t\t<\/div>\n\t\t\t\t<\/div>\n\t\t\t\t<div class=\"elementor-element elementor-element-a697547 elementor-widget-divider--view-line elementor-widget elementor-widget-divider\" data-id=\"a697547\" data-element_type=\"widget\" data-e-type=\"widget\" data-widget_type=\"divider.default\">\n\t\t\t\t<div class=\"elementor-widget-container\">\n\t\t\t\t\t\t\t<div class=\"elementor-divider\">\n\t\t\t<span class=\"elementor-divider-separator\">\n\t\t\t\t\t\t<\/span>\n\t\t<\/div>\n\t\t\t\t\t\t<\/div>\n\t\t\t\t<\/div>\n\t\t\t\t<\/div>\n\t\t\t\t\t<\/div>\n\t\t\t\t<\/div>\n\t\t<div class=\"elementor-element elementor-element-37eaeb5 e-flex e-con-boxed wpr-particle-no wpr-jarallax-no wpr-parallax-no wpr-sticky-section-no e-con e-parent\" data-id=\"37eaeb5\" data-element_type=\"container\" data-e-type=\"container\">\n\t\t\t\t\t<div class=\"e-con-inner\">\n\t\t<div class=\"elementor-element elementor-element-9b1f4b2 e-con-full e-flex wpr-particle-no wpr-jarallax-no wpr-parallax-no wpr-sticky-section-no e-con e-child\" data-id=\"9b1f4b2\" data-element_type=\"container\" data-e-type=\"container\">\n\t\t\t\t<div class=\"elementor-element elementor-element-5f3347d elementor-widget elementor-widget-text-editor\" data-id=\"5f3347d\" data-element_type=\"widget\" data-e-type=\"widget\" data-widget_type=\"text-editor.default\">\n\t\t\t\t<div class=\"elementor-widget-container\">\n\t\t\t\t\t\t\t\t\t<p>Hinweise gem. \u00a7 6 des Teledienstegesetzes (TDG) in der Fassung des Gesetzes \u00fcber rechtliche Rahmenbedingungen f\u00fcr den elektronischen Gesch\u00e4ftsverkehr vom 20.12.2001<\/p><p>Nandri Kinderhilfe e.V.<br \/>Obere Bremeng\u00e4rten 17<br \/>61440 Oberursel<\/p><p>Ansprechpartner:<br \/>Frau Monika Gerbas, Gr\u00fcnderin und Ehrenvorstitzende<br \/>Herr Dr. Steffen Roehn, 1. Vorsitzender des Vereins,<br \/>Frau Anita Wagner, 2. Vorsitzende des Vereins<\/p><p>Telefon: +49 (0) 61 71 &#8211; 2 43 54<br \/>Telefon: +49 (0) 60 81 &#8211; 96 51 92<br \/>E-Mail: info@nandrikinderhilfe.de<\/p><p>StNr.: 03 250 8632 8<br \/>Vereinsregister Nr. 1417, Amtsgericht Bad Homburg v.d.H.<\/p><p>Spendenkonto:<br \/>Taunussparkasse Oberursel<br \/>KontoNr.: 7023430<br \/>Bankleitzahl: 512 500 00<br \/>IBAN: DE05512500000007023430<br \/>BIC (Swift-Code): HELADEF1TSK<\/p><p>Gesetzlicher Hinweis:<br \/>Alle Rechte vorbehalten. Text, Bilder und Grafiken sowie deren Anordnung unterliegen dem Schutz des Urheberrechts und anderer Schutzgesetze. Der Inhalt dieser Website darf nicht zu kommerziellen Zwecken kopiert, verbreitet, ver\u00e4ndert oder Dritten zug\u00e4nglich gemacht werden. Diese Website wurde mit gr\u00f6\u00dftm\u00f6glicher Sorgfalt zusammengestellt. Trotzdem kann die Nandri Kinderhilfe e.V. f\u00fcr die Fehlerfreiheit und Genauigkeit der enthaltenen Informationen nicht garantieren. Es wird hiermit jegliche Haftung f\u00fcr Sch\u00e4den, die direkt oder indirekt aus der Benutzung dieser Website entstehen, ausgeschlossen, soweit diese nicht auf Vorsatz oder grober Fahrl\u00e4ssigkeit beruhen. Irrtum und \u00c4nderungen vorbehalten.<\/p><p>Links zu anderen Websites<br \/>Die Website www.nandrikinderhilfe.de enth\u00e4lt Links zu anderen Websites. Die Nandri Kinderhilfe e.V. ist f\u00fcr die Datenschutzstrategien oder den Inhalt dieser anderen Websites nicht verantwortlich.<\/p><p>\u00a0<\/p>\t\t\t\t\t\t\t\t<\/div>\n\t\t\t\t<\/div>\n\t\t\t\t<div class=\"elementor-element elementor-element-8f809ec elementor-widget elementor-widget-text-editor\" data-id=\"8f809ec\" data-element_type=\"widget\" data-e-type=\"widget\" data-widget_type=\"text-editor.default\">\n\t\t\t\t<div class=\"elementor-widget-container\">\n\t\t\t\t\t\t\t\t\t<p>Gestaltung, Programmierung &amp; Administration<br \/><br \/><\/p>\t\t\t\t\t\t\t\t<\/div>\n\t\t\t\t<\/div>\n\t\t<div class=\"elementor-element elementor-element-1d0c942 e-grid e-con-full wpr-particle-no wpr-jarallax-no wpr-parallax-no wpr-sticky-section-no e-con e-child\" data-id=\"1d0c942\" data-element_type=\"container\" data-e-type=\"container\">\n\t\t\t\t<div class=\"elementor-element elementor-element-04cb773 elementor-widget elementor-widget-image\" data-id=\"04cb773\" data-element_type=\"widget\" data-e-type=\"widget\" data-widget_type=\"image.default\">\n\t\t\t\t<div class=\"elementor-widget-container\">\n\t\t\t\t\t\t\t\t\t\t\t\t\t\t\t<img fetchpriority=\"high\" decoding=\"async\" width=\"1902\" height=\"585\" src=\"https:\/\/nandrikinderhilfe.de\/wp-content\/uploads\/2025\/01\/explodelogo_72dpi.png\" class=\"attachment-full size-full wp-image-2419\" alt=\"\" srcset=\"https:\/\/nandrikinderhilfe.de\/wp-content\/uploads\/2025\/01\/explodelogo_72dpi.png 1902w, https:\/\/nandrikinderhilfe.de\/wp-content\/uploads\/2025\/01\/explodelogo_72dpi-300x92.png 300w, https:\/\/nandrikinderhilfe.de\/wp-content\/uploads\/2025\/01\/explodelogo_72dpi-1024x315.png 1024w, https:\/\/nandrikinderhilfe.de\/wp-content\/uploads\/2025\/01\/explodelogo_72dpi-768x236.png 768w, https:\/\/nandrikinderhilfe.de\/wp-content\/uploads\/2025\/01\/explodelogo_72dpi-1536x472.png 1536w, https:\/\/nandrikinderhilfe.de\/wp-content\/uploads\/2025\/01\/explodelogo_72dpi-18x6.png 18w\" sizes=\"(max-width: 1902px) 100vw, 1902px\" \/>\t\t\t\t\t\t\t\t\t\t\t\t\t\t\t<\/div>\n\t\t\t\t<\/div>\n\t\t\t\t<div class=\"elementor-element elementor-element-7386cb4 elementor-widget elementor-widget-text-editor\" data-id=\"7386cb4\" data-element_type=\"widget\" data-e-type=\"widget\" data-widget_type=\"text-editor.default\">\n\t\t\t\t<div class=\"elementor-widget-container\">\n\t\t\t\t\t\t\t\t\t<p>W E R B E A G E N T U R<br \/>explodemedia | visuelle kommunikation<\/p><p>Andere Ansichten. Bessere Aussichten.<br \/><a href=\"https:\/\/www.explodemedia.de\/\" target=\"_blank\" rel=\"noopener\">explodemedia.de<\/a><\/p>\t\t\t\t\t\t\t\t<\/div>\n\t\t\t\t<\/div>\n\t\t\t\t<\/div>\n\t\t\t\t<\/div>\n\t\t\t\t\t<\/div>\n\t\t\t\t<\/div>\n\t\t\t\t<\/div>\n\t\t","protected":false},"excerpt":{"rendered":"<p>Impressum Hinweise gem. \u00a7 6 des Teledienstegesetzes (TDG) in der Fassung des Gesetzes \u00fcber rechtliche Rahmenbedingungen f\u00fcr den elektronischen Gesch\u00e4ftsverkehr vom 20.12.2001 Nandri Kinderhilfe e.V.Obere Bremeng\u00e4rten 1761440 Oberursel Ansprechpartner:Frau Monika Gerbas, Gr\u00fcnderin und EhrenvorstitzendeHerr Dr. Steffen Roehn, 1. Vorsitzender des Vereins,Frau Anita Wagner, 2. Vorsitzende des Vereins Telefon: +49 (0) 61 71 &#8211; 2 43 54Telefon: +49 (0) 60 81 &#8211; 96 51 92E-Mail: info@nandrikinderhilfe.de StNr.: 03 250 8632 8Vereinsregister Nr. 1417, Amtsgericht Bad Homburg v.d.H. Spendenkonto:Taunussparkasse OberurselKontoNr.: 7023430Bankleitzahl: 512 500 00IBAN: DE05512500000007023430BIC (Swift-Code): HELADEF1TSK Gesetzlicher Hinweis:Alle Rechte vorbehalten. Text, Bilder und Grafiken sowie deren Anordnung unterliegen dem Schutz des Urheberrechts und anderer Schutzgesetze. Der Inhalt dieser Website darf nicht zu kommerziellen Zwecken kopiert, verbreitet, ver\u00e4ndert oder Dritten zug\u00e4nglich gemacht werden. Diese Website wurde mit gr\u00f6\u00dftm\u00f6glicher Sorgfalt zusammengestellt. Trotzdem kann die Nandri Kinderhilfe e.V. f\u00fcr die Fehlerfreiheit und Genauigkeit der enthaltenen Informationen nicht garantieren. Es wird hiermit jegliche Haftung f\u00fcr Sch\u00e4den, die direkt oder indirekt aus der Benutzung dieser Website entstehen, ausgeschlossen, soweit diese nicht auf Vorsatz oder grober Fahrl\u00e4ssigkeit beruhen. Irrtum und \u00c4nderungen vorbehalten. Links zu anderen WebsitesDie Website www.nandrikinderhilfe.de enth\u00e4lt Links zu anderen Websites. Die Nandri Kinderhilfe e.V. ist f\u00fcr die Datenschutzstrategien oder den Inhalt dieser anderen Websites nicht verantwortlich. \u00a0 Gestaltung, Programmierung &amp; Administration W E R B E A G E N T U Rexplodemedia | visuelle kommunikation Andere Ansichten. Bessere Aussichten.explodemedia.de<\/p>","protected":false},"author":1,"featured_media":0,"parent":0,"menu_order":0,"comment_status":"closed","ping_status":"closed","template":"","meta":{"footnotes":""},"class_list":["post-2416","page","type-page","status-publish","hentry"],"_links":{"self":[{"href":"https:\/\/nandrikinderhilfe.de\/en\/wp-json\/wp\/v2\/pages\/2416","targetHints":{"allow":["GET"]}}],"collection":[{"href":"https:\/\/nandrikinderhilfe.de\/en\/wp-json\/wp\/v2\/pages"}],"about":[{"href":"https:\/\/nandrikinderhilfe.de\/en\/wp-json\/wp\/v2\/types\/page"}],"author":[{"embeddable":true,"href":"https:\/\/nandrikinderhilfe.de\/en\/wp-json\/wp\/v2\/users\/1"}],"replies":[{"embeddable":true,"href":"https:\/\/nandrikinderhilfe.de\/en\/wp-json\/wp\/v2\/comments?post=2416"}],"version-history":[{"count":16,"href":"https:\/\/nandrikinderhilfe.de\/en\/wp-json\/wp\/v2\/pages\/2416\/revisions"}],"predecessor-version":[{"id":2438,"href":"https:\/\/nandrikinderhilfe.de\/en\/wp-json\/wp\/v2\/pages\/2416\/revisions\/2438"}],"wp:attachment":[{"href":"https:\/\/nandrikinderhilfe.de\/en\/wp-json\/wp\/v2\/media?parent=2416"}],"curies":[{"name":"wp","href":"https:\/\/api.w.org\/{rel}","templated":true}]}}