{"id":3003,"date":"2025-02-24T07:12:06","date_gmt":"2025-02-24T07:12:06","guid":{"rendered":"https:\/\/test.nandrikinderhilfe.de\/?page_id=3003"},"modified":"2025-04-09T09:12:12","modified_gmt":"2025-04-09T09:12:12","slug":"einzugsermachtigung_paten","status":"publish","type":"page","link":"https:\/\/nandrikinderhilfe.de\/en\/einzugsermachtigung_paten\/","title":{"rendered":"Einzugserm\u00e4chtigung Paten"},"content":{"rendered":"\t\t<div data-elementor-type=\"wp-page\" data-elementor-id=\"3003\" class=\"elementor elementor-3003\">\n\t\t\t\t<div class=\"elementor-element elementor-element-d5cfde3 e-flex e-con-boxed wpr-particle-no wpr-jarallax-no wpr-parallax-no wpr-sticky-section-no e-con e-parent\" data-id=\"d5cfde3\" data-element_type=\"container\" data-e-type=\"container\" data-settings=\"{&quot;background_background&quot;:&quot;slideshow&quot;,&quot;background_slideshow_gallery&quot;:[{&quot;id&quot;:127,&quot;url&quot;:&quot;https:\\\/\\\/test.nandrikinderhilfe.de\\\/wp-content\\\/uploads\\\/2024\\\/09\\\/Header_01_web.jpg&quot;}],&quot;background_slideshow_ken_burns&quot;:&quot;yes&quot;,&quot;background_slideshow_loop&quot;:&quot;yes&quot;,&quot;background_slideshow_slide_duration&quot;:5000,&quot;background_slideshow_slide_transition&quot;:&quot;fade&quot;,&quot;background_slideshow_transition_duration&quot;:500,&quot;background_slideshow_ken_burns_zoom_direction&quot;:&quot;in&quot;}\">\n\t\t\t\t\t<div class=\"e-con-inner\">\n\t\t\t\t\t<\/div>\n\t\t\t\t<\/div>\n\t\t<div class=\"elementor-element elementor-element-4c3cac6b e-flex e-con-boxed wpr-particle-no wpr-jarallax-no wpr-parallax-no wpr-sticky-section-no e-con e-parent\" data-id=\"4c3cac6b\" data-element_type=\"container\" data-e-type=\"container\">\n\t\t\t\t\t<div class=\"e-con-inner\">\n\t\t<div class=\"elementor-element elementor-element-38737bf9 e-flex e-con-boxed wpr-particle-no wpr-jarallax-no wpr-parallax-no wpr-sticky-section-no e-con e-child\" data-id=\"38737bf9\" data-element_type=\"container\" data-e-type=\"container\">\n\t\t\t\t\t<div class=\"e-con-inner\">\n\t\t\t\t<div class=\"elementor-element elementor-element-4fa4a666 elementor-widget elementor-widget-heading\" data-id=\"4fa4a666\" data-element_type=\"widget\" data-e-type=\"widget\" data-widget_type=\"heading.default\">\n\t\t\t\t<div class=\"elementor-widget-container\">\n\t\t\t\t\t<h2 class=\"elementor-heading-title elementor-size-default\">Danke, dass Sie Pate werden wollen!<\/h2>\t\t\t\t<\/div>\n\t\t\t\t<\/div>\n\t\t\t\t<div class=\"elementor-element elementor-element-76c3ed4 elementor-widget elementor-widget-heading\" data-id=\"76c3ed4\" data-element_type=\"widget\" data-e-type=\"widget\" data-widget_type=\"heading.default\">\n\t\t\t\t<div class=\"elementor-widget-container\">\n\t\t\t\t\t<h2 class=\"elementor-heading-title elementor-size-default\">Schenken Sie einem Kind eine selbstbestimmte Zukunft! <br>\nMit einem Patenschaftsbetrag von mindestens 30,- EUR pro Monat.\n<\/h2>\t\t\t\t<\/div>\n\t\t\t\t<\/div>\n\t\t<div class=\"elementor-element elementor-element-86fbf7c e-con-full e-flex wpr-particle-no wpr-jarallax-no wpr-parallax-no wpr-sticky-section-no e-con e-child\" data-id=\"86fbf7c\" data-element_type=\"container\" data-e-type=\"container\" data-settings=\"{&quot;background_background&quot;:&quot;classic&quot;}\">\n\t\t\t\t<div class=\"elementor-element elementor-element-7336878 elementor-widget elementor-widget-text-editor\" data-id=\"7336878\" data-element_type=\"widget\" data-e-type=\"widget\" data-widget_type=\"text-editor.default\">\n\t\t\t\t<div class=\"elementor-widget-container\">\n\t\t\t\t\t\t\t\t\t<h2>Lastschrifteinzug<\/h2><p>Geben Sie unten einen individuellen Betrag ein. Dieser Betrag wird von Ihrem Konto abgebucht. Sie k\u00f6nnen jederzeit k\u00fcndigen<\/p>\t\t\t\t\t\t\t\t<\/div>\n\t\t\t\t<\/div>\n\t\t\t\t<div class=\"elementor-element elementor-element-071a003 elementor-widget elementor-widget-text-editor\" data-id=\"071a003\" data-element_type=\"widget\" data-e-type=\"widget\" data-widget_type=\"text-editor.default\">\n\t\t\t\t<div class=\"elementor-widget-container\">\n\t\t\t\t\t\t\t\t\t<p><div class=\"frm_forms  with_frm_style frm_style_formidable-stil\" id=\"frm_form_2_container\" data-token=\"342e228b50b91b74620952210e7abf29\">\n<form enctype=\"multipart\/form-data\" method=\"post\" class=\"frm-show-form  frm_ajax_submit \" id=\"form_lastschriftmandatpatenschaft\" data-token=\"342e228b50b91b74620952210e7abf29\">\n<div class=\"frm_form_fields \">\n<fieldset>\n<legend class=\"frm_screen_reader\">Lastschriftmandat Patenschaft<\/legend>\r\n\r\n<div class=\"frm_fields_container\">\n<input type=\"hidden\" name=\"frm_action\" value=\"create\" \/>\n<input type=\"hidden\" name=\"form_id\" value=\"2\" \/>\n<input type=\"hidden\" name=\"frm_hide_fields_2\" id=\"frm_hide_fields_2\" value=\"\" \/>\n<input type=\"hidden\" name=\"form_key\" value=\"lastschriftmandatpatenschaft\" \/>\n<input type=\"hidden\" name=\"item_meta[0]\" value=\"\" \/>\n<input type=\"hidden\" id=\"frm_submit_entry_2\" name=\"frm_submit_entry_2\" value=\"b72491ba76\" \/><input type=\"hidden\" name=\"_wp_http_referer\" value=\"\/en\/wp-json\/wp\/v2\/pages\/3003\" \/><div id=\"frm_field_32_container\" class=\"frm_form_field form-field  frm_top_container frm12 frm_first\">\r\n\t<label for=\"field_qvbw7\" id=\"field_qvbw7_label\" class=\"frm_primary_label\">Individueller Paten-Betrag \r\n\t\t<span class=\"frm_required\" aria-hidden=\"true\"><\/span>\r\n\t<\/label>\r\n\t<input type=\"text\" id=\"field_qvbw7\" name=\"item_meta[32]\" value=\"\"  style=\"width:50%\" data-invmsg=\"Individueller Paten-Betrag  ist ung\u00fcltig\" class=\"auto_width\" aria-invalid=\"false\"   aria-describedby=\"frm_desc_field_qvbw7\"\/>\r\n\t<div class=\"frm_description\" id=\"frm_desc_field_qvbw7\"><b>Mind. 30,- EUR<\/b> &#8211; Hier Ihren Betrag eingeben z.B. 200,- EUR<\/div>\r\n\t\r\n<\/div>\n<div id=\"frm_field_72_container\" class=\"frm_form_field form-field  frm_required_field frm_top_container frm6 frm_first vertical_radio\">\r\n\t<div  id=\"field_lh8df_label\" class=\"frm_primary_label\">Sollen wir ein Kind f\u00fcr Sie aussuchen?\r\n\t\t<span class=\"frm_required\" aria-hidden=\"true\">*<\/span>\r\n\t<\/div>\r\n\t<div class=\"frm_opt_container\" aria-labelledby=\"field_lh8df_label\" role=\"radiogroup\" aria-required=\"true\">\t\t<div class=\"frm_radio\" id=\"frm_radio_72-0\">\t\t\t<label  for=\"field_lh8df-0\">\n\t\t\t\t\t<input type=\"radio\" name=\"item_meta[72]\" id=\"field_lh8df-0\" value=\"Ja\"\n\t\t data-reqmsg=\"Sollen wir ein Kind f\u00fcr Sie aussuchen? kann nicht leer sein.\" data-invmsg=\"Sollen wir ein Kind f\u00fcr Sie aussuchen? is invalid\"   \/> Ja<\/label><\/div>\n\t\t<div class=\"frm_radio\" id=\"frm_radio_72-1\">\t\t\t<label  for=\"field_lh8df-1\">\n\t\t\t\t\t<input type=\"radio\" name=\"item_meta[72]\" id=\"field_lh8df-1\" value=\"Nein\"\n\t\t data-reqmsg=\"Sollen wir ein Kind f\u00fcr Sie aussuchen? kann nicht leer sein.\" data-invmsg=\"Sollen wir ein Kind f\u00fcr Sie aussuchen? is invalid\"   \/> Nein<\/label><\/div>\n<\/div>\r\n\t<div class=\"frm_description\" id=\"frm_desc_field_lh8df\">(falls nein, kommt Ihr Patenschaftsbetrag allen betreuten Kindern zugute)<\/div>\r\n\t\r\n<\/div>\n<div id=\"frm_field_60_container\" class=\"frm_form_field form-field  frm_top_container frm6 vertical_radio\">\r\n\t<div  id=\"field_z1yje_label\" class=\"frm_primary_label\">Spendenquittung\r\n\t\t<span class=\"frm_required\" aria-hidden=\"true\"><\/span>\r\n\t<\/div>\r\n\t<div class=\"frm_opt_container\" aria-labelledby=\"field_z1yje_label\" role=\"radiogroup\">\t\t<div class=\"frm_radio\" id=\"frm_radio_60-0\">\t\t\t<label  for=\"field_z1yje-0\">\n\t\t\t\t\t<input type=\"radio\" name=\"item_meta[60]\" id=\"field_z1yje-0\" value=\"Ja\"\n\t\t data-invmsg=\"Spendenquittung is invalid\"   \/> Ja<\/label><\/div>\n\t\t<div class=\"frm_radio\" id=\"frm_radio_60-1\">\t\t\t<label  for=\"field_z1yje-1\">\n\t\t\t\t\t<input type=\"radio\" name=\"item_meta[60]\" id=\"field_z1yje-1\" value=\"Nein\"\n\t\t data-invmsg=\"Spendenquittung is invalid\"   \/> Nein<\/label><\/div>\n<\/div>\r\n\t\r\n\t\r\n<\/div>\n<div id=\"frm_field_108_container\" class=\"frm_form_field form-field  frm_required_field frm_top_container frm6 frm_first vertical_radio\">\r\n\t<div  id=\"field_ryzao_label\" class=\"frm_primary_label\">Wie soll Nandri den Patenbeitrag abbuchen? \r\n\t\t<span class=\"frm_required\" aria-hidden=\"true\">*<\/span>\r\n\t<\/div>\r\n\t<div class=\"frm_opt_container\" aria-labelledby=\"field_ryzao_label\" role=\"radiogroup\" aria-required=\"true\">\t\t<div class=\"frm_radio\" id=\"frm_radio_108-0\">\t\t\t<label  for=\"field_ryzao-0\">\n\t\t\t\t\t<input type=\"radio\" name=\"item_meta[108]\" id=\"field_ryzao-0\" value=\"monatlicher Einzug\"\n\t\t data-reqmsg=\"Wie soll Nandri den Patenbeitrag abbuchen?  kann nicht leer sein.\" data-invmsg=\"Wie soll Nandri den Patenbeitrag abbuchen?  is invalid\"   \/> monatlicher Einzug<\/label><\/div>\n\t\t<div class=\"frm_radio\" id=\"frm_radio_108-1\">\t\t\t<label  for=\"field_ryzao-1\">\n\t\t\t\t\t<input type=\"radio\" name=\"item_meta[108]\" id=\"field_ryzao-1\" value=\"viertelj\u00e4hrlicher Einzug\"\n\t\t data-reqmsg=\"Wie soll Nandri den Patenbeitrag abbuchen?  kann nicht leer sein.\" data-invmsg=\"Wie soll Nandri den Patenbeitrag abbuchen?  is invalid\"   \/> viertelj\u00e4hrlicher Einzug<\/label><\/div>\n\t\t<div class=\"frm_radio\" id=\"frm_radio_108-2\">\t\t\t<label  for=\"field_ryzao-2\">\n\t\t\t\t\t<input type=\"radio\" name=\"item_meta[108]\" id=\"field_ryzao-2\" value=\"j\u00e4hrlicher Einzug\"\n\t\t data-reqmsg=\"Wie soll Nandri den Patenbeitrag abbuchen?  kann nicht leer sein.\" data-invmsg=\"Wie soll Nandri den Patenbeitrag abbuchen?  is invalid\"   \/> j\u00e4hrlicher Einzug<\/label><\/div>\n<\/div>\r\n\t\r\n\t\r\n<\/div>\n<div id=\"frm_field_109_container\" class=\"frm_form_field form-field  frm_required_field frm_top_container frm6\">\r\n\t<label for=\"field_kktm4\" id=\"field_kktm4_label\" class=\"frm_primary_label\">Gew\u00fcnschter erster Tag des Einzugs\r\n\t\t<span class=\"frm_required\" aria-hidden=\"true\">*<\/span>\r\n\t<\/label>\r\n\t<input type=\"text\" id=\"field_kktm4\" name=\"item_meta[109]\" value=\"\"  data-reqmsg=\"Gew\u00fcnschter erster Tag des Einzugs kann nicht leer sein.\" aria-required=\"true\" data-invmsg=\"Gew\u00fcnschter erster Tag des Einzugs ist ung\u00fcltig\" aria-invalid=\"false\"   aria-describedby=\"frm_desc_field_kktm4\"\/>\r\n\t<div class=\"frm_description\" id=\"frm_desc_field_kktm4\">Bitte geben Sie ein Datum ein <b>TT.MM.JJJJ<b\/><\/div>\r\n\t\r\n<\/div>\n<div id=\"frm_field_21_container\" class=\"frm_form_field  frm_html_container form-field\">\n<div class=\"page\" title=\"Page 1\">\n<div class=\"layoutArea\">\n<div class=\"column\">\n<h2><span style=\"color: #333333;\"><strong>SEPA-Lastschriftmandat<\/strong><\/span><\/h2>\n<div class=\"page\" title=\"Page 1\">\n<div class=\"layoutArea\">\n<div class=\"column\">\n<p><strong>Erm\u00e4chtigung:<\/strong> Hiermit erm\u00e4chtige ich Nandri Kinderhilfe e. V. den oben genannten Betrag mittels Lastschrift einzuziehen.<\/p>\n<\/div>\n<\/div>\n<\/div>\n<\/div>\n<\/div>\n<\/div>\n<\/div>\n<div id=\"frm_field_110_container\" class=\"frm_form_field form-field  frm_required_field frm_top_container frm_first frm_third\">\r\n\t<label for=\"field_ir108\" id=\"field_ir108_label\" class=\"frm_primary_label\">Anrede\r\n\t\t<span class=\"frm_required\" aria-hidden=\"true\">*<\/span>\r\n\t<\/label>\r\n\t<input type=\"text\" id=\"field_ir108\" name=\"item_meta[110]\" value=\"\"  data-reqmsg=\"Anrede kann nicht leer sein.\" aria-required=\"true\" data-invmsg=\"Anrede ist ung\u00fcltig\" aria-invalid=\"false\"   aria-describedby=\"frm_desc_field_ir108\"\/>\r\n\t<div class=\"frm_description\" id=\"frm_desc_field_ir108\">Frau, Herr oder Divers<\/div>\r\n\t\r\n<\/div>\n<div id=\"frm_field_57_container\" class=\"frm_form_field form-field  frm_required_field frm_top_container frm_third\">\r\n\t<label for=\"field_39549a\" id=\"field_39549a_label\" class=\"frm_primary_label\">Kontoinhaber Patin oder Pate\r\n\t\t<span class=\"frm_required\" aria-hidden=\"true\">*<\/span>\r\n\t<\/label>\r\n\t<input type=\"text\" id=\"field_39549a\" name=\"item_meta[57]\" value=\"\"  data-reqmsg=\"Kontoinhaber Patin oder Pate kann nicht leer sein.\" aria-required=\"true\" data-invmsg=\"Kontoinhaber Patin oder Pate ist ung\u00fcltig\" aria-invalid=\"false\"   aria-describedby=\"frm_desc_field_39549a\"\/>\r\n\t<div class=\"frm_description\" id=\"frm_desc_field_39549a\">Vorname<\/div>\r\n\t\r\n<\/div>\n<div id=\"frm_field_58_container\" class=\"frm_form_field form-field  frm_required_field frm_top_container frm_third\">\r\n\t<label for=\"field_khdlf\" id=\"field_khdlf_label\" class=\"frm_primary_label\">\r\n\t\t<span class=\"frm_required\" aria-hidden=\"true\">*<\/span>\r\n\t<\/label>\r\n\t<input type=\"text\" id=\"field_khdlf\" name=\"item_meta[58]\" value=\"\"  data-reqmsg=\"This field kann nicht leer sein.\" aria-required=\"true\" data-invmsg=\"This field ist ung\u00fcltig\" aria-invalid=\"false\"   aria-describedby=\"frm_desc_field_khdlf\"\/>\r\n\t<div class=\"frm_description\" id=\"frm_desc_field_khdlf\">Nachname<\/div>\r\n\t\r\n<\/div>\n<div id=\"frm_field_24_container\" class=\"frm_form_field form-field  frm_required_field frm_top_container frm4 frm_first\">\r\n\t<label for=\"field_zhmt2\" id=\"field_zhmt2_label\" class=\"frm_primary_label\">Stra\u00dfe &#038; Hausnummer\r\n\t\t<span class=\"frm_required\" aria-hidden=\"true\">*<\/span>\r\n\t<\/label>\r\n\t<input type=\"text\" id=\"field_zhmt2\" name=\"item_meta[24]\" value=\"\"  data-reqmsg=\"Stra\u00dfe &amp; Hausnummer kann nicht leer sein.\" aria-required=\"true\" data-invmsg=\"Stra\u00dfe &amp; Hausnummer ist ung\u00fcltig\" aria-invalid=\"false\"  \/>\r\n\t\r\n\t\r\n<\/div>\n<div id=\"frm_field_25_container\" class=\"frm_form_field form-field  frm_required_field frm_top_container frm4\">\r\n\t<label for=\"field_xlksi\" id=\"field_xlksi_label\" class=\"frm_primary_label\">PLZ\r\n\t\t<span class=\"frm_required\" aria-hidden=\"true\">*<\/span>\r\n\t<\/label>\r\n\t<input type=\"text\" id=\"field_xlksi\" name=\"item_meta[25]\" value=\"\"  data-reqmsg=\"PLZ kann nicht leer sein.\" aria-required=\"true\" data-invmsg=\"PLZ ist ung\u00fcltig\" aria-invalid=\"false\"  \/>\r\n\t\r\n\t\r\n<\/div>\n<div id=\"frm_field_26_container\" class=\"frm_form_field form-field  frm_required_field frm_top_container frm4\">\r\n\t<label for=\"field_k0hc0\" id=\"field_k0hc0_label\" class=\"frm_primary_label\">Ort\r\n\t\t<span class=\"frm_required\" aria-hidden=\"true\">*<\/span>\r\n\t<\/label>\r\n\t<input type=\"text\" id=\"field_k0hc0\" name=\"item_meta[26]\" value=\"\"  data-reqmsg=\"Ort kann nicht leer sein.\" aria-required=\"true\" data-invmsg=\"Ort ist ung\u00fcltig\" aria-invalid=\"false\"  \/>\r\n\t\r\n\t\r\n<\/div>\n<div id=\"frm_field_8_container\" class=\"frm_form_field form-field  frm_required_field frm_top_container frm6 frm_first\">\r\n    <label for=\"field_xjj01\" id=\"field_xjj01_label\" class=\"frm_primary_label\">E-Mail\r\n        <span class=\"frm_required\">*<\/span>\r\n    <\/label>\r\n    <input type=\"email\" id=\"field_xjj01\" name=\"item_meta[8]\" value=\"\"  data-reqmsg=\"E-Mail kann nicht leer sein.\" aria-required=\"true\" data-invmsg=\"E-Mail ist ung\u00fcltig\" aria-invalid=\"false\"   aria-describedby=\"frm_desc_field_xjj01\"\/>\r\n    <div class=\"frm_description\" id=\"frm_desc_field_xjj01\">Beispiel: mustermann@web.de<\/div>\r\n    \r\n<\/div>\n<div id=\"frm_field_9_container\" class=\"frm_form_field form-field  frm_top_container frm6\">\r\n    <label for=\"field_bd2wo\" id=\"field_bd2wo_label\" class=\"frm_primary_label\">Telefon\r\n        <span class=\"frm_required\"><\/span>\r\n    <\/label>\r\n    <input type=\"tel\" id=\"field_bd2wo\" name=\"item_meta[9]\" value=\"\"  data-invmsg=\"Telefon ist ung\u00fcltig\" aria-invalid=\"false\" pattern=\"((\\+\\d{1,3}(-|.| )?\\(?\\d\\)?(-| |.)?\\d{1,5})|(\\(?\\d{2,6}\\)?))(-|.| )?(\\d{3,4})(-|.| )?(\\d{4})(( x| ext)\\d{1,5}){0,1}$\"   aria-describedby=\"frm_desc_field_bd2wo\"\/>\r\n    <div class=\"frm_description\" id=\"frm_desc_field_bd2wo\">Optional<\/div>\r\n    \r\n<\/div>\n<div id=\"frm_field_28_container\" class=\"frm_form_field form-field  frm_required_field frm_top_container\">\r\n\t<label for=\"field_6gqua\" id=\"field_6gqua_label\" class=\"frm_primary_label\">Kreditinstitut\r\n\t\t<span class=\"frm_required\" aria-hidden=\"true\">*<\/span>\r\n\t<\/label>\r\n\t<input type=\"text\" id=\"field_6gqua\" name=\"item_meta[28]\" value=\"\"  data-reqmsg=\"Kreditinstitut kann nicht leer sein.\" aria-required=\"true\" data-invmsg=\"Kreditinstitut ist ung\u00fcltig\" aria-invalid=\"false\"  \/>\r\n\t\r\n\t\r\n<\/div>\n<div id=\"frm_field_29_container\" class=\"frm_form_field form-field  frm_top_container frm4 frm_first\">\r\n\t<label for=\"field_2x3va\" id=\"field_2x3va_label\" class=\"frm_primary_label\">BIC\r\n\t\t<span class=\"frm_required\" aria-hidden=\"true\"><\/span>\r\n\t<\/label>\r\n\t<input type=\"text\" id=\"field_2x3va\" name=\"item_meta[29]\" value=\"\"  data-invmsg=\"BIC ist ung\u00fcltig\" aria-invalid=\"false\"   aria-describedby=\"frm_desc_field_2x3va\"\/>\r\n\t<div class=\"frm_description\" id=\"frm_desc_field_2x3va\">Beispiel: INGDDEFFXXX<\/div>\r\n\t\r\n<\/div>\n<div id=\"frm_field_30_container\" class=\"frm_form_field form-field  frm_required_field frm_top_container frm4\">\r\n\t<label for=\"field_cyw81\" id=\"field_cyw81_label\" class=\"frm_primary_label\">IBAN\r\n\t\t<span class=\"frm_required\" aria-hidden=\"true\">*<\/span>\r\n\t<\/label>\r\n\t<input type=\"text\" id=\"field_cyw81\" name=\"item_meta[30]\" value=\"\"  data-reqmsg=\"IBAN kann nicht leer sein.\" aria-required=\"true\" data-invmsg=\"IBAN ist ung\u00fcltig\" aria-invalid=\"false\"   aria-describedby=\"frm_desc_field_cyw81\"\/>\r\n\t<div class=\"frm_description\" id=\"frm_desc_field_cyw81\">Beispiel: DEXX XXXX XXXX XXXX XXXX XX<\/div>\r\n\t\r\n<\/div>\n<div id=\"frm_field_33_container\" class=\"frm_form_field form-field  frm_required_field frm_top_container frm4\">\r\n\t<label for=\"field_nak4p\" id=\"field_nak4p_label\" class=\"frm_primary_label\">Datum\r\n\t\t<span class=\"frm_required\" aria-hidden=\"true\">*<\/span>\r\n\t<\/label>\r\n\t<input type=\"text\" id=\"field_nak4p\" name=\"item_meta[33]\" value=\"\"  data-reqmsg=\"Datum kann nicht leer sein.\" aria-required=\"true\" data-invmsg=\"Datum ist ung\u00fcltig\" aria-invalid=\"false\"   aria-describedby=\"frm_desc_field_nak4p\"\/>\r\n\t<div class=\"frm_description\" id=\"frm_desc_field_nak4p\">Bitte <b>TT.MM.JJJJ<\/b> eingeben<\/div>\r\n\t\r\n<\/div>\n<div id=\"frm_field_61_container\" class=\"frm_form_field form-field  frm_required_field frm_top_container frm12 frm_first vertical_radio\">\r\n\t<div  id=\"field_4xzlh_label\" class=\"frm_primary_label\"><b>Erm\u00e4chtigung<\/b>\r\n\t\t<span class=\"frm_required\" aria-hidden=\"true\">*<\/span>\r\n\t<\/div>\r\n\t<div class=\"frm_opt_container\" aria-labelledby=\"field_4xzlh_label\" role=\"group\">\t\t<div class=\"frm_checkbox\" id=\"frm_checkbox_61-0\">\t\t\t<label  for=\"field_4xzlh-0\">\n\t\t\t<input type=\"checkbox\" name=\"item_meta[61][]\" id=\"field_4xzlh-0\" value=\"Ja\"  data-reqmsg=\"&lt;b&gt;Erm\u00e4chtigung&lt;\/b&gt; kann nicht leer sein.\" data-invmsg=\"&lt;b&gt;Erm\u00e4chtigung&lt;\/b&gt; is invalid\"   aria-required=\"true\"  \/> Ja<\/label><\/div>\n<\/div>\r\n\t<div class=\"frm_description\" id=\"frm_desc_field_4xzlh\"><b>Hiermit erm\u00e4chtige ich Nandri Kinderhilfe e. V. den oben genannten Betrag mittels Lastschrift  einzuziehen.<\/b><\/div>\r\n\t\r\n<\/div>\n<div id=\"frm_field_112_container\" class=\"frm_form_field form-field  frm_top_container frm6 frm_first vertical_radio\">\r\n\t<div  id=\"field_xd23v_label\" class=\"frm_primary_label\">Mitglied bei Nandri Kinderhilfe e.V. werden \r\n\t\t<span class=\"frm_required\" aria-hidden=\"true\"><\/span>\r\n\t<\/div>\r\n\t<div class=\"frm_opt_container\" aria-labelledby=\"field_xd23v_label\" role=\"radiogroup\">\t\t<div class=\"frm_radio\" id=\"frm_radio_112-0\">\t\t\t<label  for=\"field_xd23v-0\">\n\t\t\t\t\t<input type=\"radio\" name=\"item_meta[112]\" id=\"field_xd23v-0\" value=\"Ich m\u00f6chte Nandri zus\u00e4tzlich auch als Mitglied unterst\u00fctzen und werde f\u00fcr einen Jahresbetrag von 30,- EUR Mitglied bei Nandri Kinderhilfe e.V.\"\n\t\t data-invmsg=\"Mitglied bei Nandri Kinderhilfe e.V. werden  is invalid\"   \/> Ich m\u00f6chte Nandri zus\u00e4tzlich auch als Mitglied unterst\u00fctzen und werde f\u00fcr einen Jahresbetrag von 30,- EUR Mitglied bei Nandri Kinderhilfe e.V.<\/label><\/div>\n<\/div>\r\n\t<div class=\"frm_description\" id=\"frm_desc_field_xd23v\">Sie bekommen eine separate Best\u00e4tigung zugesandt<\/div>\r\n\t\r\n<\/div>\n<div id=\"frm_field_64_container\" class=\"frm_form_field form-field  frm_required_field frm_top_container frm6 vertical_radio\">\r\n\t<div  id=\"field_khe1m_label\" class=\"frm_primary_label\">Datenschutz\r\n\t\t<span class=\"frm_required\" aria-hidden=\"true\">*<\/span>\r\n\t<\/div>\r\n\t<div class=\"frm_opt_container\" aria-labelledby=\"field_khe1m_label\" role=\"group\">\t\t<div class=\"frm_checkbox\" id=\"frm_checkbox_64-0\">\t\t\t<label  for=\"field_khe1m-0\">\n\t\t\t<input type=\"checkbox\" name=\"item_meta[64][]\" id=\"field_khe1m-0\" value=\"Ich habe die Datenschutzerkl\u00e4rung gelesen und akzeptiere diese.\"  data-reqmsg=\"Datenschutz kann nicht leer sein.\" data-invmsg=\"Datenschutz is invalid\"   aria-required=\"true\"  \/> Ich habe die Datenschutzerkl\u00e4rung gelesen und akzeptiere diese.<\/label><\/div>\n<\/div>\r\n\t\r\n\t\r\n<\/div>\n<div id=\"frm_field_65_container\" class=\"frm_form_field  frm_html_container form-field\">(<span style=\"color: #ff0000;\">*<\/span>) Pflichtfeld<\/p>\n<p>Ihre Nachricht wird verschl\u00fcsselt per https an unseren Server geschickt. Sie erkl\u00e4ren sich damit einverstanden, dass wir die Angaben zur Beantwortung Ihrer Anfrage verwenden d\u00fcrfen. Die Daten werden nach abgeschlossener Bearbeitung gel\u00f6scht.<\/p>\n<p>Hinweis: Sie k\u00f6nnen Ihre Einwilligung jederzeit f\u00fcr die Zukunft per E-Mail an <a href=\"mailto:info@nandrikinderhilfe.de\">info@nandrikinderhilfe.de<\/a> widerrufen. Hier finden Sie unsere <a href=\"\/datenschutz\/\" target=\"_blank\" rel=\"noopener\">Datenschutzerkl\u00e4rung<\/a>.<\/div>\n<div id=\"frm_field_15_container\" class=\"frm_form_field form-field \">\r\n\t<div class=\"frm_submit\">\r\n\r\n<button class=\"frm_button_submit\" type=\"submit\" >Senden<\/button>\r\n\r\n<\/div>\r\n<\/div>\n\t<input type=\"hidden\" name=\"item_key\" value=\"\" \/>\n\t\t\t<div id=\"frm_field_135_container\">\n\t\t\t<label for=\"field_15haf\" >\n\t\t\t\tIf you are human, leave this field blank.\t\t\t<\/label>\n\t\t\t<input  id=\"field_15haf\" type=\"text\" class=\"frm_form_field form-field frm_verify\" name=\"item_meta[135]\" value=\"\"  \/>\n\t\t<\/div>\n\t\t<input name=\"frm_state\" type=\"hidden\" value=\"LEX2VcB\/HWEZHxnFReb2LzF+VcFnTwGNE7M2yFyd5hQ=\" \/><\/div>\n<\/fieldset>\n<\/div>\n\n<\/form>\n<\/div>\n<\/p>\t\t\t\t\t\t\t\t<\/div>\n\t\t\t\t<\/div>\n\t\t\t\t<\/div>\n\t\t\t\t\t<\/div>\n\t\t\t\t<\/div>\n\t\t\t\t\t<\/div>\n\t\t\t\t<\/div>\n\t\t\t\t<\/div>\n\t\t","protected":false},"excerpt":{"rendered":"<p>Danke, dass Sie Pate werden wollen! Schenken Sie einem Kind eine selbstbestimmte Zukunft! Mit einem Patenschaftsbetrag von mindestens 30,- EUR pro Monat. Lastschrifteinzug Geben Sie unten einen individuellen Betrag ein. Dieser Betrag wird von Ihrem Konto abgebucht. Sie k\u00f6nnen jederzeit k\u00fcndigen<\/p>","protected":false},"author":1,"featured_media":0,"parent":0,"menu_order":0,"comment_status":"closed","ping_status":"closed","template":"","meta":{"footnotes":""},"class_list":["post-3003","page","type-page","status-publish","hentry"],"_links":{"self":[{"href":"https:\/\/nandrikinderhilfe.de\/en\/wp-json\/wp\/v2\/pages\/3003","targetHints":{"allow":["GET"]}}],"collection":[{"href":"https:\/\/nandrikinderhilfe.de\/en\/wp-json\/wp\/v2\/pages"}],"about":[{"href":"https:\/\/nandrikinderhilfe.de\/en\/wp-json\/wp\/v2\/types\/page"}],"author":[{"embeddable":true,"href":"https:\/\/nandrikinderhilfe.de\/en\/wp-json\/wp\/v2\/users\/1"}],"replies":[{"embeddable":true,"href":"https:\/\/nandrikinderhilfe.de\/en\/wp-json\/wp\/v2\/comments?post=3003"}],"version-history":[{"count":17,"href":"https:\/\/nandrikinderhilfe.de\/en\/wp-json\/wp\/v2\/pages\/3003\/revisions"}],"predecessor-version":[{"id":3684,"href":"https:\/\/nandrikinderhilfe.de\/en\/wp-json\/wp\/v2\/pages\/3003\/revisions\/3684"}],"wp:attachment":[{"href":"https:\/\/nandrikinderhilfe.de\/en\/wp-json\/wp\/v2\/media?parent=3003"}],"curies":[{"name":"wp","href":"https:\/\/api.w.org\/{rel}","templated":true}]}}