{"id":3080,"date":"2025-02-24T14:52:00","date_gmt":"2025-02-24T14:52:00","guid":{"rendered":"https:\/\/test.nandrikinderhilfe.de\/?page_id=3080"},"modified":"2025-04-09T09:20:56","modified_gmt":"2025-04-09T09:20:56","slug":"uberweisung-spende","status":"publish","type":"page","link":"https:\/\/nandrikinderhilfe.de\/en\/uberweisung-spende\/","title":{"rendered":"\u00dcberweisung Spende"},"content":{"rendered":"\t\t<div data-elementor-type=\"wp-page\" data-elementor-id=\"3080\" class=\"elementor elementor-3080\">\n\t\t\t\t<div class=\"elementor-element elementor-element-d5cfde3 e-flex e-con-boxed wpr-particle-no wpr-jarallax-no wpr-parallax-no wpr-sticky-section-no e-con e-parent\" data-id=\"d5cfde3\" data-element_type=\"container\" data-e-type=\"container\" data-settings=\"{&quot;background_background&quot;:&quot;slideshow&quot;,&quot;background_slideshow_gallery&quot;:[{&quot;id&quot;:148,&quot;url&quot;:&quot;https:\\\/\\\/test.nandrikinderhilfe.de\\\/wp-content\\\/uploads\\\/2024\\\/09\\\/Header_06_web.jpg&quot;},{&quot;id&quot;:127,&quot;url&quot;:&quot;https:\\\/\\\/test.nandrikinderhilfe.de\\\/wp-content\\\/uploads\\\/2024\\\/09\\\/Header_01_web.jpg&quot;},{&quot;id&quot;:143,&quot;url&quot;:&quot;https:\\\/\\\/test.nandrikinderhilfe.de\\\/wp-content\\\/uploads\\\/2024\\\/09\\\/Header_02_web.jpg&quot;},{&quot;id&quot;:144,&quot;url&quot;:&quot;https:\\\/\\\/test.nandrikinderhilfe.de\\\/wp-content\\\/uploads\\\/2024\\\/09\\\/Header_03_web-1.jpg&quot;},{&quot;id&quot;:146,&quot;url&quot;:&quot;https:\\\/\\\/test.nandrikinderhilfe.de\\\/wp-content\\\/uploads\\\/2024\\\/09\\\/Header_04_web.jpg&quot;},{&quot;id&quot;:147,&quot;url&quot;:&quot;https:\\\/\\\/test.nandrikinderhilfe.de\\\/wp-content\\\/uploads\\\/2024\\\/09\\\/Header_05_web.jpg&quot;}],&quot;background_slideshow_ken_burns&quot;:&quot;yes&quot;,&quot;background_slideshow_loop&quot;:&quot;yes&quot;,&quot;background_slideshow_slide_duration&quot;:5000,&quot;background_slideshow_slide_transition&quot;:&quot;fade&quot;,&quot;background_slideshow_transition_duration&quot;:500,&quot;background_slideshow_ken_burns_zoom_direction&quot;:&quot;in&quot;}\">\n\t\t\t\t\t<div class=\"e-con-inner\">\n\t\t\t\t\t<\/div>\n\t\t\t\t<\/div>\n\t\t<div class=\"elementor-element elementor-element-4c3cac6b e-flex e-con-boxed wpr-particle-no wpr-jarallax-no wpr-parallax-no wpr-sticky-section-no e-con e-parent\" data-id=\"4c3cac6b\" data-element_type=\"container\" data-e-type=\"container\">\n\t\t\t\t\t<div class=\"e-con-inner\">\n\t\t<div class=\"elementor-element elementor-element-38737bf9 e-flex e-con-boxed wpr-particle-no wpr-jarallax-no wpr-parallax-no wpr-sticky-section-no e-con e-child\" data-id=\"38737bf9\" data-element_type=\"container\" data-e-type=\"container\">\n\t\t\t\t\t<div class=\"e-con-inner\">\n\t\t\t\t<div class=\"elementor-element elementor-element-4fa4a666 elementor-widget elementor-widget-heading\" data-id=\"4fa4a666\" data-element_type=\"widget\" data-e-type=\"widget\" data-widget_type=\"heading.default\">\n\t\t\t\t<div class=\"elementor-widget-container\">\n\t\t\t\t\t<h2 class=\"elementor-heading-title elementor-size-default\">Danke, dass Sie spenden wollen!    <\/h2>\t\t\t\t<\/div>\n\t\t\t\t<\/div>\n\t\t\t\t<div class=\"elementor-element elementor-element-76c3ed4 elementor-widget elementor-widget-heading\" data-id=\"76c3ed4\" data-element_type=\"widget\" data-e-type=\"widget\" data-widget_type=\"heading.default\">\n\t\t\t\t<div class=\"elementor-widget-container\">\n\t\t\t\t\t<h2 class=\"elementor-heading-title elementor-size-default\">Schenken Sie mit Ihrer Spende einem Kind eine selbstbestimmte Zukunft! <br><\/h2>\t\t\t\t<\/div>\n\t\t\t\t<\/div>\n\t\t\t\t<div class=\"elementor-element elementor-element-14ad413 elementor-widget elementor-widget-text-editor\" data-id=\"14ad413\" data-element_type=\"widget\" data-e-type=\"widget\" data-widget_type=\"text-editor.default\">\n\t\t\t\t<div class=\"elementor-widget-container\">\n\t\t\t\t\t\t\t\t\t<h2>\u00dcberweisung<\/h2>\t\t\t\t\t\t\t\t<\/div>\n\t\t\t\t<\/div>\n\t\t\t\t<div class=\"elementor-element elementor-element-6cb0ff8 elementor-widget elementor-widget-text-editor\" data-id=\"6cb0ff8\" data-element_type=\"widget\" data-e-type=\"widget\" data-widget_type=\"text-editor.default\">\n\t\t\t\t<div class=\"elementor-widget-container\">\n\t\t\t\t\t\t\t\t\t<p><div class=\"frm_forms  with_frm_style frm_style_formidable-stil\" id=\"frm_form_4_container\" data-token=\"4d20a282f4826829e4cd85113cc8918e\">\n<form enctype=\"multipart\/form-data\" method=\"post\" class=\"frm-show-form  frm_ajax_submit \" id=\"form_berweisungspenden\" data-token=\"4d20a282f4826829e4cd85113cc8918e\">\n<div class=\"frm_form_fields \">\n<fieldset>\n<legend class=\"frm_screen_reader\">\u00dcberweisung Spenden<\/legend>\r\n\r\n<div class=\"frm_fields_container\">\n<input type=\"hidden\" name=\"frm_action\" value=\"create\" \/>\n<input type=\"hidden\" name=\"form_id\" value=\"4\" \/>\n<input type=\"hidden\" name=\"frm_hide_fields_4\" id=\"frm_hide_fields_4\" value=\"\" \/>\n<input type=\"hidden\" name=\"form_key\" value=\"berweisungspenden\" \/>\n<input type=\"hidden\" name=\"item_meta[0]\" value=\"\" \/>\n<input type=\"hidden\" id=\"frm_submit_entry_4\" name=\"frm_submit_entry_4\" value=\"a44f62daa7\" \/><input type=\"hidden\" name=\"_wp_http_referer\" value=\"\/en\/wp-json\/wp\/v2\/pages\/3080\" \/><div id=\"frm_field_73_container\" class=\"frm_form_field form-field  frm_required_field frm_top_container frm6 frm_first\">\r\n\t<label for=\"field_qvbw73\" id=\"field_qvbw73_label\" class=\"frm_primary_label\">Tregen Sie hier Ihren Spendenbetrag ein.\r\n\t\t<span class=\"frm_required\" aria-hidden=\"true\">*<\/span>\r\n\t<\/label>\r\n\t<input type=\"text\" id=\"field_qvbw73\" name=\"item_meta[73]\" value=\"\"  style=\"width:50%\" data-reqmsg=\"Tregen Sie hier Ihren Spendenbetrag ein. kann nicht leer sein.\" aria-required=\"true\" data-invmsg=\"Tregen Sie hier Ihren Spendenbetrag ein. ist ung\u00fcltig\" class=\"auto_width\" aria-invalid=\"false\"   aria-describedby=\"frm_desc_field_qvbw73\"\/>\r\n\t<div class=\"frm_description\" id=\"frm_desc_field_qvbw73\">Hier Ihren Betrag eingeben z.B. 200,- EUR<\/div>\r\n\t\r\n<\/div>\n<div id=\"frm_field_75_container\" class=\"frm_form_field form-field  frm_required_field frm_top_container frm6 vertical_radio\">\r\n\t<div  id=\"field_geuy42_label\" class=\"frm_primary_label\">Spendenquittung\r\n\t\t<span class=\"frm_required\" aria-hidden=\"true\">*<\/span>\r\n\t<\/div>\r\n\t<div class=\"frm_opt_container\" aria-labelledby=\"field_geuy42_label\" role=\"radiogroup\" aria-required=\"true\">\t\t<div class=\"frm_radio\" id=\"frm_radio_75-0\">\t\t\t<label  for=\"field_geuy42-0\">\n\t\t\t\t\t<input type=\"radio\" name=\"item_meta[75]\" id=\"field_geuy42-0\" value=\"Ja\"\n\t\t data-reqmsg=\"Spendenquittung kann nicht leer sein.\" data-invmsg=\"Spendenquittung is invalid\"   \/> Ja<\/label><\/div>\n\t\t<div class=\"frm_radio\" id=\"frm_radio_75-1\">\t\t\t<label  for=\"field_geuy42-1\">\n\t\t\t\t\t<input type=\"radio\" name=\"item_meta[75]\" id=\"field_geuy42-1\" value=\"Nein\"\n\t\t data-reqmsg=\"Spendenquittung kann nicht leer sein.\" data-invmsg=\"Spendenquittung is invalid\"   \/> Nein<\/label><\/div>\n<\/div>\r\n\t\r\n\t\r\n<\/div>\n<div id=\"frm_field_114_container\" class=\"frm_form_field form-field  frm_required_field frm_top_container frm4 frm_first\">\n\t<label for=\"field_8rbio\" id=\"field_8rbio_label\" class=\"frm_primary_label\">Anrede\n\t\t<span class=\"frm_required\" aria-hidden=\"true\">*<\/span>\n\t<\/label>\n\t<input type=\"text\" id=\"field_8rbio\" name=\"item_meta[114]\" value=\"\"  data-reqmsg=\"Anrede kann nicht leer sein.\" aria-required=\"true\" data-invmsg=\"Anrede ist ung\u00fcltig\" aria-invalid=\"false\"   aria-describedby=\"frm_desc_field_8rbio\"\/>\n\t<div class=\"frm_description\" id=\"frm_desc_field_8rbio\">Frau, Herr oder Divers<\/div>\n\t\n<\/div>\n<div id=\"frm_field_76_container\" class=\"frm_form_field form-field  frm_required_field frm_top_container frm4\">\r\n\t<label for=\"field_ctzk02\" id=\"field_ctzk02_label\" class=\"frm_primary_label\">Vorname\r\n\t\t<span class=\"frm_required\" aria-hidden=\"true\">*<\/span>\r\n\t<\/label>\r\n\t<input type=\"text\" id=\"field_ctzk02\" name=\"item_meta[76]\" value=\"\"  data-reqmsg=\"Vorname kann nicht leer sein.\" aria-required=\"true\" data-invmsg=\"Vorname ist ung\u00fcltig\" aria-invalid=\"false\"   aria-describedby=\"frm_desc_field_ctzk02\"\/>\r\n\t<div class=\"frm_description\" id=\"frm_desc_field_ctzk02\">Vorname<\/div>\r\n\t\r\n<\/div>\n<div id=\"frm_field_77_container\" class=\"frm_form_field form-field  frm_required_field frm_top_container frm4\">\r\n\t<label for=\"field_kwqp02\" id=\"field_kwqp02_label\" class=\"frm_primary_label\">Nachname\r\n\t\t<span class=\"frm_required\" aria-hidden=\"true\">*<\/span>\r\n\t<\/label>\r\n\t<input type=\"text\" id=\"field_kwqp02\" name=\"item_meta[77]\" value=\"\"  data-reqmsg=\"Nachname kann nicht leer sein.\" aria-required=\"true\" data-invmsg=\"Nachname ist ung\u00fcltig\" aria-invalid=\"false\"   aria-describedby=\"frm_desc_field_kwqp02\"\/>\r\n\t<div class=\"frm_description\" id=\"frm_desc_field_kwqp02\">Nachname<\/div>\r\n\t\r\n<\/div>\n<div id=\"frm_field_78_container\" class=\"frm_form_field form-field  frm_required_field frm_top_container frm4 frm_first\">\r\n\t<label for=\"field_zhmt3\" id=\"field_zhmt3_label\" class=\"frm_primary_label\">Stra\u00dfe &#038; Hausnummer\r\n\t\t<span class=\"frm_required\" aria-hidden=\"true\">*<\/span>\r\n\t<\/label>\r\n\t<input type=\"text\" id=\"field_zhmt3\" name=\"item_meta[78]\" value=\"\"  data-reqmsg=\"Stra\u00dfe &amp; Hausnummer kann nicht leer sein.\" aria-required=\"true\" data-invmsg=\"Stra\u00dfe &amp; Hausnummer ist ung\u00fcltig\" aria-invalid=\"false\"  \/>\r\n\t\r\n\t\r\n<\/div>\n<div id=\"frm_field_79_container\" class=\"frm_form_field form-field  frm_required_field frm_top_container frm4\">\r\n\t<label for=\"field_xlksi3\" id=\"field_xlksi3_label\" class=\"frm_primary_label\">PLZ\r\n\t\t<span class=\"frm_required\" aria-hidden=\"true\">*<\/span>\r\n\t<\/label>\r\n\t<input type=\"text\" id=\"field_xlksi3\" name=\"item_meta[79]\" value=\"\"  data-reqmsg=\"PLZ kann nicht leer sein.\" aria-required=\"true\" data-invmsg=\"PLZ ist ung\u00fcltig\" aria-invalid=\"false\"  \/>\r\n\t\r\n\t\r\n<\/div>\n<div id=\"frm_field_80_container\" class=\"frm_form_field form-field  frm_required_field frm_top_container frm4\">\r\n\t<label for=\"field_k0hc03\" id=\"field_k0hc03_label\" class=\"frm_primary_label\">Ort\r\n\t\t<span class=\"frm_required\" aria-hidden=\"true\">*<\/span>\r\n\t<\/label>\r\n\t<input type=\"text\" id=\"field_k0hc03\" name=\"item_meta[80]\" value=\"\"  data-reqmsg=\"Ort kann nicht leer sein.\" aria-required=\"true\" data-invmsg=\"Ort ist ung\u00fcltig\" aria-invalid=\"false\"  \/>\r\n\t\r\n\t\r\n<\/div>\n<div id=\"frm_field_81_container\" class=\"frm_form_field form-field  frm_required_field frm_top_container frm4 frm_first\">\r\n    <label for=\"field_xjj013\" id=\"field_xjj013_label\" class=\"frm_primary_label\">E-Mail\r\n        <span class=\"frm_required\">*<\/span>\r\n    <\/label>\r\n    <input type=\"email\" id=\"field_xjj013\" name=\"item_meta[81]\" value=\"\"  data-reqmsg=\"E-Mail kann nicht leer sein.\" aria-required=\"true\" data-invmsg=\"E-Mail ist ung\u00fcltig\" aria-invalid=\"false\"   aria-describedby=\"frm_desc_field_xjj013\"\/>\r\n    <div class=\"frm_description\" id=\"frm_desc_field_xjj013\">Beispiel: mustermann@web.de<\/div>\r\n    \r\n<\/div>\n<div id=\"frm_field_82_container\" class=\"frm_form_field form-field  frm_top_container frm4\">\r\n    <label for=\"field_bd2wo3\" id=\"field_bd2wo3_label\" class=\"frm_primary_label\">Telefon\r\n        <span class=\"frm_required\"><\/span>\r\n    <\/label>\r\n    <input type=\"tel\" id=\"field_bd2wo3\" name=\"item_meta[82]\" value=\"\"  data-invmsg=\"Telefon ist ung\u00fcltig\" aria-invalid=\"false\" pattern=\"((\\+\\d{1,3}(-|.| )?\\(?\\d\\)?(-| |.)?\\d{1,5})|(\\(?\\d{2,6}\\)?))(-|.| )?(\\d{3,4})(-|.| )?(\\d{4})(( x| ext)\\d{1,5}){0,1}$\"   aria-describedby=\"frm_desc_field_bd2wo3\"\/>\r\n    <div class=\"frm_description\" id=\"frm_desc_field_bd2wo3\">Optional<\/div>\r\n    \r\n<\/div>\n<div id=\"frm_field_83_container\" class=\"frm_form_field form-field  frm_required_field frm_top_container frm4\">\r\n\t<label for=\"field_nak4p3\" id=\"field_nak4p3_label\" class=\"frm_primary_label\">Datum \r\n\t\t<span class=\"frm_required\" aria-hidden=\"true\">*<\/span>\r\n\t<\/label>\r\n\t<input type=\"text\" id=\"field_nak4p3\" name=\"item_meta[83]\" value=\"\"  data-reqmsg=\"Datum  kann nicht leer sein.\" aria-required=\"true\" data-invmsg=\"Datum  ist ung\u00fcltig\" aria-invalid=\"false\"   aria-describedby=\"frm_desc_field_nak4p3\"\/>\r\n\t<div class=\"frm_description\" id=\"frm_desc_field_nak4p3\">Bitte <b>TT.MM.JJJJ<\/b> eingeben<\/div>\r\n\t\r\n<\/div>\n<div id=\"frm_field_115_container\" class=\"frm_form_field form-field  frm_top_container vertical_radio\">\n\t<div  id=\"field_mx157_label\" class=\"frm_primary_label\">Mitglied bei Nandri Kinderhilfe e.V. werden \n\t\t<span class=\"frm_required\" aria-hidden=\"true\"><\/span>\n\t<\/div>\n\t<div class=\"frm_opt_container\" aria-labelledby=\"field_mx157_label\" role=\"radiogroup\">\t\t<div class=\"frm_radio\" id=\"frm_radio_115-0\">\t\t\t<label  for=\"field_mx157-0\">\n\t\t\t\t\t<input type=\"radio\" name=\"item_meta[115]\" id=\"field_mx157-0\" value=\"Ich m\u00f6chte Nandri zus\u00e4tzlich auch als Mitglied unterst\u00fctzen und werde f\u00fcr einen Jahresbetrag von 30,- EUR Mitglied bei Nandri Kinderhilfe e.V.\"\n\t\t data-invmsg=\"Mitglied bei Nandri Kinderhilfe e.V. werden  is invalid\"   \/> Ich m\u00f6chte Nandri zus\u00e4tzlich auch als Mitglied unterst\u00fctzen und werde f\u00fcr einen Jahresbetrag von 30,- EUR Mitglied bei Nandri Kinderhilfe e.V.<\/label><\/div>\n<\/div>\n\t<div class=\"frm_description\" id=\"frm_desc_field_mx157\">Sie bekommen eine separate Best\u00e4tigung zugesandt<\/div>\n\t\n<\/div>\n<div id=\"frm_field_84_container\" class=\"frm_form_field form-field  frm_required_field frm_top_container vertical_radio\">\r\n\t<div  id=\"field_dbp0x2_label\" class=\"frm_primary_label\">Datenschutz\r\n\t\t<span class=\"frm_required\" aria-hidden=\"true\">*<\/span>\r\n\t<\/div>\r\n\t<div class=\"frm_opt_container\" aria-labelledby=\"field_dbp0x2_label\" role=\"group\">\t\t<div class=\"frm_checkbox\" id=\"frm_checkbox_84-0\">\t\t\t<label  for=\"field_dbp0x2-0\">\n\t\t\t<input type=\"checkbox\" name=\"item_meta[84][]\" id=\"field_dbp0x2-0\" value=\"Ich habe die Datenschutzerkl\u00e4rung gelesen und akzeptiere diese.\"  data-reqmsg=\"Datenschutz kann nicht leer sein.\" data-invmsg=\"Datenschutz is invalid\"   aria-required=\"true\"  \/> Ich habe die Datenschutzerkl\u00e4rung gelesen und akzeptiere diese.<\/label><\/div>\n<\/div>\r\n\t\r\n\t\r\n<\/div>\n<div id=\"frm_field_85_container\" class=\"frm_form_field  frm_html_container form-field\">\n<p>(<span style=\"color: #ff0000;\">*<\/span>) Pflichtfeld<\/p>\n<p>Ihre Nachricht wird verschl\u00fcsselt per https an unseren Server geschickt. Sie erkl\u00e4ren sich damit einverstanden, dass wir die Angaben zur Beantwortung Ihrer Anfrage verwenden d\u00fcrfen. Die Daten werden nach abgeschlossener Bearbeitung gel\u00f6scht.<\/p>\n<p>Hinweis: Sie k\u00f6nnen Ihre Einwilligung jederzeit f\u00fcr die Zukunft per E-Mail an <a href=\"mailto:info@nandrikinderhilfe.de\">info@nandrikinderhilfe.de<\/a> widerrufen. Hier finden Sie unsere <a href=\"\/datenschutz\/\" target=\"_blank\" rel=\"noopener\">Datenschutzerkl\u00e4rung<\/a>.<\/p>\n<\/div>\n<div id=\"frm_field_86_container\" class=\"frm_form_field form-field \">\r\n\t<div class=\"frm_submit\">\r\n\r\n<button class=\"frm_button_submit\" type=\"submit\" >Senden<\/button>\r\n\r\n<\/div>\r\n<\/div>\n\t<input type=\"hidden\" name=\"item_key\" value=\"\" \/>\n\t\t\t<div id=\"frm_field_135_container\">\n\t\t\t<label for=\"field_d16m6\" >\n\t\t\t\tIf you are human, leave this field blank.\t\t\t<\/label>\n\t\t\t<input  id=\"field_d16m6\" type=\"text\" class=\"frm_form_field form-field frm_verify\" name=\"item_meta[135]\" value=\"\"  \/>\n\t\t<\/div>\n\t\t<input name=\"frm_state\" type=\"hidden\" value=\"LEX2VcB\/HWEZHxnFReb2LzF+VcFnTwGNE7M2yFyd5hQ=\" \/><\/div>\n<\/fieldset>\n<\/div>\n\n<\/form>\n<\/div>\n<\/p>\t\t\t\t\t\t\t\t<\/div>\n\t\t\t\t<\/div>\n\t\t\t\t\t<\/div>\n\t\t\t\t<\/div>\n\t\t\t\t\t<\/div>\n\t\t\t\t<\/div>\n\t\t\t\t<\/div>\n\t\t","protected":false},"excerpt":{"rendered":"<p>Danke, dass Sie spenden wollen! Schenken Sie mit Ihrer Spende einem Kind eine selbstbestimmte Zukunft! \u00dcberweisung<\/p>","protected":false},"author":1,"featured_media":0,"parent":0,"menu_order":0,"comment_status":"closed","ping_status":"closed","template":"","meta":{"footnotes":""},"class_list":["post-3080","page","type-page","status-publish","hentry"],"_links":{"self":[{"href":"https:\/\/nandrikinderhilfe.de\/en\/wp-json\/wp\/v2\/pages\/3080","targetHints":{"allow":["GET"]}}],"collection":[{"href":"https:\/\/nandrikinderhilfe.de\/en\/wp-json\/wp\/v2\/pages"}],"about":[{"href":"https:\/\/nandrikinderhilfe.de\/en\/wp-json\/wp\/v2\/types\/page"}],"author":[{"embeddable":true,"href":"https:\/\/nandrikinderhilfe.de\/en\/wp-json\/wp\/v2\/users\/1"}],"replies":[{"embeddable":true,"href":"https:\/\/nandrikinderhilfe.de\/en\/wp-json\/wp\/v2\/comments?post=3080"}],"version-history":[{"count":16,"href":"https:\/\/nandrikinderhilfe.de\/en\/wp-json\/wp\/v2\/pages\/3080\/revisions"}],"predecessor-version":[{"id":3693,"href":"https:\/\/nandrikinderhilfe.de\/en\/wp-json\/wp\/v2\/pages\/3080\/revisions\/3693"}],"wp:attachment":[{"href":"https:\/\/nandrikinderhilfe.de\/en\/wp-json\/wp\/v2\/media?parent=3080"}],"curies":[{"name":"wp","href":"https:\/\/api.w.org\/{rel}","templated":true}]}}