{"id":3088,"date":"2025-02-24T14:56:15","date_gmt":"2025-02-24T14:56:15","guid":{"rendered":"https:\/\/test.nandrikinderhilfe.de\/?page_id=3088"},"modified":"2025-11-21T10:42:56","modified_gmt":"2025-11-21T10:42:56","slug":"einzugsermachtigung-spenden","status":"publish","type":"page","link":"https:\/\/nandrikinderhilfe.de\/en\/einzugsermachtigung-spenden\/","title":{"rendered":"Einzugserm\u00e4chtigung Spenden"},"content":{"rendered":"\t\t<div data-elementor-type=\"wp-page\" data-elementor-id=\"3088\" class=\"elementor elementor-3088\">\n\t\t\t\t<div class=\"elementor-element elementor-element-d5cfde3 e-flex e-con-boxed wpr-particle-no wpr-jarallax-no wpr-parallax-no wpr-sticky-section-no e-con e-parent\" data-id=\"d5cfde3\" data-element_type=\"container\" data-e-type=\"container\" data-settings=\"{&quot;background_background&quot;:&quot;slideshow&quot;,&quot;background_slideshow_gallery&quot;:[{&quot;id&quot;:148,&quot;url&quot;:&quot;https:\\\/\\\/test.nandrikinderhilfe.de\\\/wp-content\\\/uploads\\\/2024\\\/09\\\/Header_06_web.jpg&quot;},{&quot;id&quot;:127,&quot;url&quot;:&quot;https:\\\/\\\/test.nandrikinderhilfe.de\\\/wp-content\\\/uploads\\\/2024\\\/09\\\/Header_01_web.jpg&quot;},{&quot;id&quot;:143,&quot;url&quot;:&quot;https:\\\/\\\/test.nandrikinderhilfe.de\\\/wp-content\\\/uploads\\\/2024\\\/09\\\/Header_02_web.jpg&quot;},{&quot;id&quot;:144,&quot;url&quot;:&quot;https:\\\/\\\/test.nandrikinderhilfe.de\\\/wp-content\\\/uploads\\\/2024\\\/09\\\/Header_03_web-1.jpg&quot;},{&quot;id&quot;:146,&quot;url&quot;:&quot;https:\\\/\\\/test.nandrikinderhilfe.de\\\/wp-content\\\/uploads\\\/2024\\\/09\\\/Header_04_web.jpg&quot;},{&quot;id&quot;:147,&quot;url&quot;:&quot;https:\\\/\\\/test.nandrikinderhilfe.de\\\/wp-content\\\/uploads\\\/2024\\\/09\\\/Header_05_web.jpg&quot;}],&quot;background_slideshow_ken_burns&quot;:&quot;yes&quot;,&quot;background_slideshow_loop&quot;:&quot;yes&quot;,&quot;background_slideshow_slide_duration&quot;:5000,&quot;background_slideshow_slide_transition&quot;:&quot;fade&quot;,&quot;background_slideshow_transition_duration&quot;:500,&quot;background_slideshow_ken_burns_zoom_direction&quot;:&quot;in&quot;}\">\n\t\t\t\t\t<div class=\"e-con-inner\">\n\t\t\t\t\t<\/div>\n\t\t\t\t<\/div>\n\t\t<div class=\"elementor-element elementor-element-4c3cac6b e-flex e-con-boxed wpr-particle-no wpr-jarallax-no wpr-parallax-no wpr-sticky-section-no e-con e-parent\" data-id=\"4c3cac6b\" data-element_type=\"container\" data-e-type=\"container\">\n\t\t\t\t\t<div class=\"e-con-inner\">\n\t\t<div class=\"elementor-element elementor-element-38737bf9 e-flex e-con-boxed wpr-particle-no wpr-jarallax-no wpr-parallax-no wpr-sticky-section-no e-con e-child\" data-id=\"38737bf9\" data-element_type=\"container\" data-e-type=\"container\">\n\t\t\t\t\t<div class=\"e-con-inner\">\n\t\t\t\t<div class=\"elementor-element elementor-element-4fa4a666 elementor-widget elementor-widget-heading\" data-id=\"4fa4a666\" data-element_type=\"widget\" data-e-type=\"widget\" data-widget_type=\"heading.default\">\n\t\t\t\t<div class=\"elementor-widget-container\">\n\t\t\t\t\t<h2 class=\"elementor-heading-title elementor-size-default\">Danke, dass Sie spenden wollen!    <\/h2>\t\t\t\t<\/div>\n\t\t\t\t<\/div>\n\t\t\t\t<div class=\"elementor-element elementor-element-76c3ed4 elementor-widget elementor-widget-heading\" data-id=\"76c3ed4\" data-element_type=\"widget\" data-e-type=\"widget\" data-widget_type=\"heading.default\">\n\t\t\t\t<div class=\"elementor-widget-container\">\n\t\t\t\t\t<h2 class=\"elementor-heading-title elementor-size-default\">Schenken Sie mit Ihrer Spende einem Kind eine selbstbestimmte Zukunft! <br>\n\n<\/h2>\t\t\t\t<\/div>\n\t\t\t\t<\/div>\n\t\t<div class=\"elementor-element elementor-element-86fbf7c e-con-full e-flex wpr-particle-no wpr-jarallax-no wpr-parallax-no wpr-sticky-section-no e-con e-child\" data-id=\"86fbf7c\" data-element_type=\"container\" data-e-type=\"container\" data-settings=\"{&quot;background_background&quot;:&quot;classic&quot;}\">\n\t\t\t\t<div class=\"elementor-element elementor-element-7336878 elementor-widget elementor-widget-text-editor\" data-id=\"7336878\" data-element_type=\"widget\" data-e-type=\"widget\" data-widget_type=\"text-editor.default\">\n\t\t\t\t<div class=\"elementor-widget-container\">\n\t\t\t\t\t\t\t\t\t<h2>Lastschrifteinzug f\u00fcr Ihre Spende<\/h2>\t\t\t\t\t\t\t\t<\/div>\n\t\t\t\t<\/div>\n\t\t\t\t<div class=\"elementor-element elementor-element-071a003 elementor-widget elementor-widget-text-editor\" data-id=\"071a003\" data-element_type=\"widget\" data-e-type=\"widget\" data-widget_type=\"text-editor.default\">\n\t\t\t\t<div class=\"elementor-widget-container\">\n\t\t\t\t\t\t\t\t\t<p><div class=\"frm_forms  with_frm_style frm_style_formidable-stil\" id=\"frm_form_5_container\" data-token=\"4d20a282f4826829e4cd85113cc8918e\">\n<form enctype=\"multipart\/form-data\" method=\"post\" class=\"frm-show-form  frm_ajax_submit \" id=\"form_lastschriftmandatspenden\" data-token=\"4d20a282f4826829e4cd85113cc8918e\">\n<div class=\"frm_form_fields \">\n<fieldset>\n<legend class=\"frm_screen_reader\">Lastschriftmandat Spenden<\/legend>\r\n\r\n<div class=\"frm_fields_container\">\n<input type=\"hidden\" name=\"frm_action\" value=\"create\" \/>\n<input type=\"hidden\" name=\"form_id\" value=\"5\" \/>\n<input type=\"hidden\" name=\"frm_hide_fields_5\" id=\"frm_hide_fields_5\" value=\"\" \/>\n<input type=\"hidden\" name=\"form_key\" value=\"lastschriftmandatspenden\" \/>\n<input type=\"hidden\" name=\"item_meta[0]\" value=\"\" \/>\n<input type=\"hidden\" id=\"frm_submit_entry_5\" name=\"frm_submit_entry_5\" value=\"ef88164c5a\" \/><input type=\"hidden\" name=\"_wp_http_referer\" value=\"\/en\/wp-json\/wp\/v2\/pages\/3088\" \/><div id=\"frm_field_87_container\" class=\"frm_form_field form-field  frm_required_field frm_top_container frm6 frm_first\">\r\n\t<label for=\"field_qvbw74\" id=\"field_qvbw74_label\" class=\"frm_primary_label\">Tragen Sie hier Ihren Spendenbetrag ein.\r\n\t\t<span class=\"frm_required\" aria-hidden=\"true\">*<\/span>\r\n\t<\/label>\r\n\t<input type=\"text\" id=\"field_qvbw74\" name=\"item_meta[87]\" value=\"\"  style=\"width:50%\" data-reqmsg=\"Tragen Sie hier Ihren Spendenbetrag ein. kann nicht leer sein.\" aria-required=\"true\" data-invmsg=\"Tragen Sie hier Ihren Spendenbetrag ein. ist ung\u00fcltig\" class=\"auto_width\" aria-invalid=\"false\"   aria-describedby=\"frm_desc_field_qvbw74\"\/>\r\n\t<div class=\"frm_description\" id=\"frm_desc_field_qvbw74\">Hier Ihren Betrag eingeben z.B. 200,- EUR<\/div>\r\n\t\r\n<\/div>\n<div id=\"frm_field_89_container\" class=\"frm_form_field form-field  frm_required_field frm_top_container frm6 vertical_radio\">\r\n\t<div  id=\"field_z1yje2_label\" class=\"frm_primary_label\">Spendenquittung\r\n\t\t<span class=\"frm_required\" aria-hidden=\"true\">*<\/span>\r\n\t<\/div>\r\n\t<div class=\"frm_opt_container\" aria-labelledby=\"field_z1yje2_label\" role=\"radiogroup\" aria-required=\"true\">\t\t<div class=\"frm_radio\" id=\"frm_radio_89-0\">\t\t\t<label  for=\"field_z1yje2-0\">\n\t\t\t\t\t<input type=\"radio\" name=\"item_meta[89]\" id=\"field_z1yje2-0\" value=\"Ja\"\n\t\t data-reqmsg=\"Spendenquittung kann nicht leer sein.\" data-invmsg=\"Spendenquittung is invalid\"   \/> Ja<\/label><\/div>\n\t\t<div class=\"frm_radio\" id=\"frm_radio_89-1\">\t\t\t<label  for=\"field_z1yje2-1\">\n\t\t\t\t\t<input type=\"radio\" name=\"item_meta[89]\" id=\"field_z1yje2-1\" value=\"Nein\"\n\t\t data-reqmsg=\"Spendenquittung kann nicht leer sein.\" data-invmsg=\"Spendenquittung is invalid\"   \/> Nein<\/label><\/div>\n<\/div>\r\n\t\r\n\t\r\n<\/div>\n<div id=\"frm_field_90_container\" class=\"frm_form_field  frm_html_container form-field\">\n<div class=\"page\" title=\"Page 1\">\n<div class=\"layoutArea\">\n<div class=\"column\">\n<h2><span style=\"color: #333333;\"><strong>SEPA-Lastschriftmandat<\/strong><\/span><\/h2>\n<div class=\"page\" title=\"Page 1\">\n<div class=\"layoutArea\">\n<div class=\"column\">\n<p><span style=\"color: #333333;\">Ich erma\u0308chtige <\/span><span style=\"color: #333333;\"><strong>Nandri Kinderhilfe e.V.<\/strong> eine einmalige Zahlung von meinem Konto mittels Lastschrift einzuziehen.<br \/><\/span><\/p>\n<\/div>\n<\/div>\n<\/div>\n<\/div>\n<\/div>\n<\/div>\n<\/div>\n<div id=\"frm_field_116_container\" class=\"frm_form_field form-field  frm_required_field frm_top_container frm4 frm_first\">\n\t<label for=\"field_oavj2\" id=\"field_oavj2_label\" class=\"frm_primary_label\">Anrede\n\t\t<span class=\"frm_required\" aria-hidden=\"true\">*<\/span>\n\t<\/label>\n\t<input type=\"text\" id=\"field_oavj2\" name=\"item_meta[116]\" value=\"\"  data-reqmsg=\"Anrede kann nicht leer sein.\" aria-required=\"true\" data-invmsg=\"Anrede ist ung\u00fcltig\" aria-invalid=\"false\"   aria-describedby=\"frm_desc_field_oavj2\"\/>\n\t<div class=\"frm_description\" id=\"frm_desc_field_oavj2\">Frau, Herr oder Divers<\/div>\n\t\n<\/div>\n<div id=\"frm_field_91_container\" class=\"frm_form_field form-field  frm_required_field frm_top_container frm4\">\r\n\t<label for=\"field_39549a2\" id=\"field_39549a2_label\" class=\"frm_primary_label\">Kontoinhaber \r\n\t\t<span class=\"frm_required\" aria-hidden=\"true\">*<\/span>\r\n\t<\/label>\r\n\t<input type=\"text\" id=\"field_39549a2\" name=\"item_meta[91]\" value=\"\"  data-reqmsg=\"Kontoinhaber  kann nicht leer sein.\" aria-required=\"true\" data-invmsg=\"Kontoinhaber  ist ung\u00fcltig\" aria-invalid=\"false\"   aria-describedby=\"frm_desc_field_39549a2\"\/>\r\n\t<div class=\"frm_description\" id=\"frm_desc_field_39549a2\">Vorname<\/div>\r\n\t\r\n<\/div>\n<div id=\"frm_field_92_container\" class=\"frm_form_field form-field  frm_required_field frm_top_container frm4\">\r\n\t<label for=\"field_khdlf2\" id=\"field_khdlf2_label\" class=\"frm_primary_label\">\r\n\t\t<span class=\"frm_required\" aria-hidden=\"true\">*<\/span>\r\n\t<\/label>\r\n\t<input type=\"text\" id=\"field_khdlf2\" name=\"item_meta[92]\" value=\"\"  data-reqmsg=\"This field kann nicht leer sein.\" aria-required=\"true\" data-invmsg=\"This field ist ung\u00fcltig\" aria-invalid=\"false\"   aria-describedby=\"frm_desc_field_khdlf2\"\/>\r\n\t<div class=\"frm_description\" id=\"frm_desc_field_khdlf2\">Nachname<\/div>\r\n\t\r\n<\/div>\n<div id=\"frm_field_93_container\" class=\"frm_form_field form-field  frm_required_field frm_top_container frm4 frm_first\">\r\n\t<label for=\"field_zhmt4\" id=\"field_zhmt4_label\" class=\"frm_primary_label\">Stra\u00dfe &#038; Hausnummer\r\n\t\t<span class=\"frm_required\" aria-hidden=\"true\">*<\/span>\r\n\t<\/label>\r\n\t<input type=\"text\" id=\"field_zhmt4\" name=\"item_meta[93]\" value=\"\"  data-reqmsg=\"Stra\u00dfe &amp; Hausnummer kann nicht leer sein.\" aria-required=\"true\" data-invmsg=\"Stra\u00dfe &amp; Hausnummer ist ung\u00fcltig\" aria-invalid=\"false\"  \/>\r\n\t\r\n\t\r\n<\/div>\n<div id=\"frm_field_94_container\" class=\"frm_form_field form-field  frm_required_field frm_top_container frm4\">\r\n\t<label for=\"field_xlksi4\" id=\"field_xlksi4_label\" class=\"frm_primary_label\">PLZ\r\n\t\t<span class=\"frm_required\" aria-hidden=\"true\">*<\/span>\r\n\t<\/label>\r\n\t<input type=\"text\" id=\"field_xlksi4\" name=\"item_meta[94]\" value=\"\"  data-reqmsg=\"PLZ kann nicht leer sein.\" aria-required=\"true\" data-invmsg=\"PLZ ist ung\u00fcltig\" aria-invalid=\"false\"  \/>\r\n\t\r\n\t\r\n<\/div>\n<div id=\"frm_field_95_container\" class=\"frm_form_field form-field  frm_required_field frm_top_container frm4\">\r\n\t<label for=\"field_k0hc04\" id=\"field_k0hc04_label\" class=\"frm_primary_label\">Ort\r\n\t\t<span class=\"frm_required\" aria-hidden=\"true\">*<\/span>\r\n\t<\/label>\r\n\t<input type=\"text\" id=\"field_k0hc04\" name=\"item_meta[95]\" value=\"\"  data-reqmsg=\"Ort kann nicht leer sein.\" aria-required=\"true\" data-invmsg=\"Ort ist ung\u00fcltig\" aria-invalid=\"false\"  \/>\r\n\t\r\n\t\r\n<\/div>\n<div id=\"frm_field_96_container\" class=\"frm_form_field form-field  frm_required_field frm_top_container frm6 frm_first\">\r\n    <label for=\"field_xjj014\" id=\"field_xjj014_label\" class=\"frm_primary_label\">E-Mail\r\n        <span class=\"frm_required\">*<\/span>\r\n    <\/label>\r\n    <input type=\"email\" id=\"field_xjj014\" name=\"item_meta[96]\" value=\"\"  data-reqmsg=\"E-Mail kann nicht leer sein.\" aria-required=\"true\" data-invmsg=\"E-Mail ist ung\u00fcltig\" aria-invalid=\"false\"   aria-describedby=\"frm_desc_field_xjj014\"\/>\r\n    <div class=\"frm_description\" id=\"frm_desc_field_xjj014\">Beispiel: mustermann@web.de<\/div>\r\n    \r\n<\/div>\n<div id=\"frm_field_97_container\" class=\"frm_form_field form-field  frm_top_container frm6\">\r\n    <label for=\"field_bd2wo4\" id=\"field_bd2wo4_label\" class=\"frm_primary_label\">Telefon\r\n        <span class=\"frm_required\"><\/span>\r\n    <\/label>\r\n    <input type=\"tel\" id=\"field_bd2wo4\" name=\"item_meta[97]\" value=\"\"  data-invmsg=\"Telefon ist ung\u00fcltig\" aria-invalid=\"false\" pattern=\"((\\+\\d{1,3}(-|.| )?\\(?\\d\\)?(-| |.)?\\d{1,5})|(\\(?\\d{2,6}\\)?))(-|.| )?(\\d{3,4})(-|.| )?(\\d{4})(( x| ext)\\d{1,5}){0,1}$\"   aria-describedby=\"frm_desc_field_bd2wo4\"\/>\r\n    <div class=\"frm_description\" id=\"frm_desc_field_bd2wo4\">Optional<\/div>\r\n    \r\n<\/div>\n<div id=\"frm_field_98_container\" class=\"frm_form_field form-field  frm_required_field frm_top_container\">\r\n\t<label for=\"field_6gqua2\" id=\"field_6gqua2_label\" class=\"frm_primary_label\">Kreditinstitut\r\n\t\t<span class=\"frm_required\" aria-hidden=\"true\">*<\/span>\r\n\t<\/label>\r\n\t<input type=\"text\" id=\"field_6gqua2\" name=\"item_meta[98]\" value=\"\"  data-reqmsg=\"Kreditinstitut kann nicht leer sein.\" aria-required=\"true\" data-invmsg=\"Kreditinstitut ist ung\u00fcltig\" aria-invalid=\"false\"  \/>\r\n\t\r\n\t\r\n<\/div>\n<div id=\"frm_field_99_container\" class=\"frm_form_field form-field  frm_top_container frm4 frm_first\">\r\n\t<label for=\"field_2x3va2\" id=\"field_2x3va2_label\" class=\"frm_primary_label\">BIC\r\n\t\t<span class=\"frm_required\" aria-hidden=\"true\"><\/span>\r\n\t<\/label>\r\n\t<input type=\"text\" id=\"field_2x3va2\" name=\"item_meta[99]\" value=\"\"  data-invmsg=\"BIC ist ung\u00fcltig\" aria-invalid=\"false\"   aria-describedby=\"frm_desc_field_2x3va2\"\/>\r\n\t<div class=\"frm_description\" id=\"frm_desc_field_2x3va2\">Beispiel: INGDDEFFXXX<\/div>\r\n\t\r\n<\/div>\n<div id=\"frm_field_100_container\" class=\"frm_form_field form-field  frm_required_field frm_top_container frm4\">\r\n\t<label for=\"field_cyw812\" id=\"field_cyw812_label\" class=\"frm_primary_label\">IBAN\r\n\t\t<span class=\"frm_required\" aria-hidden=\"true\">*<\/span>\r\n\t<\/label>\r\n\t<input type=\"text\" id=\"field_cyw812\" name=\"item_meta[100]\" value=\"\"  data-reqmsg=\"IBAN kann nicht leer sein.\" aria-required=\"true\" data-invmsg=\"IBAN ist ung\u00fcltig\" aria-invalid=\"false\"   aria-describedby=\"frm_desc_field_cyw812\"\/>\r\n\t<div class=\"frm_description\" id=\"frm_desc_field_cyw812\">Beispiel: DEXX XXXX XXXX XXXX XXXX XX<\/div>\r\n\t\r\n<\/div>\n<div id=\"frm_field_101_container\" class=\"frm_form_field form-field  frm_required_field frm_top_container frm4\">\r\n\t<label for=\"field_nak4p4\" id=\"field_nak4p4_label\" class=\"frm_primary_label\">Datum\r\n\t\t<span class=\"frm_required\" aria-hidden=\"true\">*<\/span>\r\n\t<\/label>\r\n\t<input type=\"text\" id=\"field_nak4p4\" name=\"item_meta[101]\" value=\"\"  data-reqmsg=\"Datum kann nicht leer sein.\" aria-required=\"true\" data-invmsg=\"Datum ist ung\u00fcltig\" aria-invalid=\"false\"   aria-describedby=\"frm_desc_field_nak4p4\"\/>\r\n\t<div class=\"frm_description\" id=\"frm_desc_field_nak4p4\">Bitte <b>TT.MM.JJJJ<\/b> eingeben<\/div>\r\n\t\r\n<\/div>\n<div id=\"frm_field_102_container\" class=\"frm_form_field form-field  frm_required_field frm_top_container frm6 frm_first vertical_radio\">\r\n\t<div  id=\"field_4xzlh2_label\" class=\"frm_primary_label\"><b>Erm\u00e4chtigung<\/b>\r\n\t\t<span class=\"frm_required\" aria-hidden=\"true\">*<\/span>\r\n\t<\/div>\r\n\t<div class=\"frm_opt_container\" aria-labelledby=\"field_4xzlh2_label\" role=\"group\">\t\t<div class=\"frm_checkbox\" id=\"frm_checkbox_102-0\">\t\t\t<label  for=\"field_4xzlh2-0\">\n\t\t\t<input type=\"checkbox\" name=\"item_meta[102][]\" id=\"field_4xzlh2-0\" value=\"Ja\"  data-reqmsg=\"&lt;b&gt;Erm\u00e4chtigung&lt;\/b&gt; kann nicht leer sein.\" data-invmsg=\"&lt;b&gt;Erm\u00e4chtigung&lt;\/b&gt; is invalid\"   aria-required=\"true\"  \/> Ja<\/label><\/div>\n<\/div>\r\n\t<div class=\"frm_description\" id=\"frm_desc_field_4xzlh2\">SEPA-Lastschriftmandat: Hiermit erm\u00e4chtige ich Nandri Kinderhilfe e. V. den oben genannten Betrag mittels Lastschrift einzuziehen.<\/div>\r\n\t\r\n<\/div>\n<div id=\"frm_field_103_container\" class=\"frm_form_field form-field  frm_required_field frm_top_container frm6 vertical_radio\">\r\n\t<div  id=\"field_khe1m2_label\" class=\"frm_primary_label\">Datenschutz\r\n\t\t<span class=\"frm_required\" aria-hidden=\"true\">*<\/span>\r\n\t<\/div>\r\n\t<div class=\"frm_opt_container\" aria-labelledby=\"field_khe1m2_label\" role=\"group\">\t\t<div class=\"frm_checkbox\" id=\"frm_checkbox_103-0\">\t\t\t<label  for=\"field_khe1m2-0\">\n\t\t\t<input type=\"checkbox\" name=\"item_meta[103][]\" id=\"field_khe1m2-0\" value=\"Ich habe die Datenschutzerkl\u00e4rung gelesen und akzeptiere diese.\"  data-reqmsg=\"Datenschutz kann nicht leer sein.\" data-invmsg=\"Datenschutz is invalid\"   aria-required=\"true\"  \/> Ich habe die Datenschutzerkl\u00e4rung gelesen und akzeptiere diese.<\/label><\/div>\n<\/div>\r\n\t\r\n\t\r\n<\/div>\n<div id=\"frm_field_117_container\" class=\"frm_form_field form-field  frm_top_container vertical_radio\">\n\t<div  id=\"field_eb9u_label\" class=\"frm_primary_label\">Mitglied bei Nandri Kinderhilfe e.V. werden \n\t\t<span class=\"frm_required\" aria-hidden=\"true\"><\/span>\n\t<\/div>\n\t<div class=\"frm_opt_container\" aria-labelledby=\"field_eb9u_label\" role=\"radiogroup\">\t\t<div class=\"frm_radio\" id=\"frm_radio_117-0\">\t\t\t<label  for=\"field_eb9u-0\">\n\t\t\t\t\t<input type=\"radio\" name=\"item_meta[117]\" id=\"field_eb9u-0\" value=\"Ich m\u00f6chte Nandri zus\u00e4tzlich auch als Mitglied unterst\u00fctzen und werde f\u00fcr einen Jahresbetrag von 30,- EUR Mitglied bei Nandri Kinderhilfe e.V.\"\n\t\t data-invmsg=\"Mitglied bei Nandri Kinderhilfe e.V. werden  is invalid\"   \/> Ich m\u00f6chte Nandri zus\u00e4tzlich auch als Mitglied unterst\u00fctzen und werde f\u00fcr einen Jahresbetrag von 30,- EUR Mitglied bei Nandri Kinderhilfe e.V.<\/label><\/div>\n<\/div>\n\t<div class=\"frm_description\" id=\"frm_desc_field_eb9u\">Sie bekommen eine separate Best\u00e4tigung zugesandt<\/div>\n\t\n<\/div>\n<div id=\"frm_field_104_container\" class=\"frm_form_field  frm_html_container form-field\">\n<p>(<span style=\"color: #ff0000;\">*<\/span>) Pflichtfeld<\/p>\n<p>Ihre Nachricht wird verschl\u00fcsselt per https an unseren Server geschickt. Sie erkl\u00e4ren sich damit einverstanden, dass wir die Angaben zur Beantwortung Ihrer Anfrage verwenden d\u00fcrfen. Die Daten werden nach abgeschlossener Bearbeitung gel\u00f6scht.<\/p>\n<p>Hinweis: Sie k\u00f6nnen Ihre Einwilligung jederzeit f\u00fcr die Zukunft per E-Mail an <a href=\"mailto:info@nandrikinderhilfe.de\">info@nandrikinderhilfe.de<\/a> widerrufen. Hier finden Sie unsere <a href=\"\/datenschutz\/\" target=\"_blank\" rel=\"noopener\">Datenschutzerkl\u00e4rung<\/a>.<\/p>\n<\/div>\n<div id=\"frm_field_105_container\" class=\"frm_form_field form-field \">\r\n\t<div class=\"frm_submit\">\r\n\r\n<button class=\"frm_button_submit\" type=\"submit\" >Senden<\/button>\r\n\r\n<\/div>\r\n<\/div>\n\t<input type=\"hidden\" name=\"item_key\" value=\"\" \/>\n\t\t\t<div id=\"frm_field_135_container\">\n\t\t\t<label for=\"field_2j40f\" >\n\t\t\t\tIf you are human, leave this field blank.\t\t\t<\/label>\n\t\t\t<input  id=\"field_2j40f\" type=\"text\" class=\"frm_form_field form-field frm_verify\" name=\"item_meta[135]\" value=\"\"  \/>\n\t\t<\/div>\n\t\t<input name=\"frm_state\" type=\"hidden\" value=\"LEX2VcB\/HWEZHxnFReb2LzF+VcFnTwGNE7M2yFyd5hQ=\" \/><\/div>\n<\/fieldset>\n<\/div>\n\n<\/form>\n<\/div>\n<\/p>\t\t\t\t\t\t\t\t<\/div>\n\t\t\t\t<\/div>\n\t\t\t\t<\/div>\n\t\t\t\t\t<\/div>\n\t\t\t\t<\/div>\n\t\t\t\t\t<\/div>\n\t\t\t\t<\/div>\n\t\t\t\t<\/div>\n\t\t","protected":false},"excerpt":{"rendered":"<p>Danke, dass Sie spenden wollen! Schenken Sie mit Ihrer Spende einem Kind eine selbstbestimmte Zukunft! Lastschrifteinzug f\u00fcr Ihre Spende<\/p>","protected":false},"author":1,"featured_media":0,"parent":0,"menu_order":0,"comment_status":"closed","ping_status":"closed","template":"","meta":{"footnotes":""},"class_list":["post-3088","page","type-page","status-publish","hentry"],"_links":{"self":[{"href":"https:\/\/nandrikinderhilfe.de\/en\/wp-json\/wp\/v2\/pages\/3088","targetHints":{"allow":["GET"]}}],"collection":[{"href":"https:\/\/nandrikinderhilfe.de\/en\/wp-json\/wp\/v2\/pages"}],"about":[{"href":"https:\/\/nandrikinderhilfe.de\/en\/wp-json\/wp\/v2\/types\/page"}],"author":[{"embeddable":true,"href":"https:\/\/nandrikinderhilfe.de\/en\/wp-json\/wp\/v2\/users\/1"}],"replies":[{"embeddable":true,"href":"https:\/\/nandrikinderhilfe.de\/en\/wp-json\/wp\/v2\/comments?post=3088"}],"version-history":[{"count":16,"href":"https:\/\/nandrikinderhilfe.de\/en\/wp-json\/wp\/v2\/pages\/3088\/revisions"}],"predecessor-version":[{"id":4305,"href":"https:\/\/nandrikinderhilfe.de\/en\/wp-json\/wp\/v2\/pages\/3088\/revisions\/4305"}],"wp:attachment":[{"href":"https:\/\/nandrikinderhilfe.de\/en\/wp-json\/wp\/v2\/media?parent=3088"}],"curies":[{"name":"wp","href":"https:\/\/api.w.org\/{rel}","templated":true}]}}