{"id":401,"date":"2024-09-10T06:53:54","date_gmt":"2024-09-10T06:53:54","guid":{"rendered":"https:\/\/test.nandrikinderhilfe.de\/?page_id=401"},"modified":"2025-04-07T14:39:04","modified_gmt":"2025-04-07T14:39:04","slug":"uber-uns","status":"publish","type":"page","link":"https:\/\/nandrikinderhilfe.de\/en\/uber-uns\/","title":{"rendered":"\u00dcber uns"},"content":{"rendered":"\t\t<div data-elementor-type=\"wp-page\" data-elementor-id=\"401\" class=\"elementor elementor-401\">\n\t\t\t\t<div class=\"elementor-element elementor-element-d5cfde3 e-flex e-con-boxed wpr-particle-no wpr-jarallax-no wpr-parallax-no wpr-sticky-section-no e-con e-parent\" data-id=\"d5cfde3\" data-element_type=\"container\" data-e-type=\"container\" data-settings=\"{&quot;background_background&quot;:&quot;slideshow&quot;,&quot;background_slideshow_gallery&quot;:[{&quot;id&quot;:127,&quot;url&quot;:&quot;https:\\\/\\\/test.nandrikinderhilfe.de\\\/wp-content\\\/uploads\\\/2024\\\/09\\\/Header_01_web.jpg&quot;}],&quot;background_slideshow_ken_burns&quot;:&quot;yes&quot;,&quot;background_slideshow_loop&quot;:&quot;yes&quot;,&quot;background_slideshow_slide_duration&quot;:5000,&quot;background_slideshow_slide_transition&quot;:&quot;fade&quot;,&quot;background_slideshow_transition_duration&quot;:500,&quot;background_slideshow_ken_burns_zoom_direction&quot;:&quot;in&quot;}\">\n\t\t\t\t\t<div class=\"e-con-inner\">\n\t\t\t\t\t<\/div>\n\t\t\t\t<\/div>\n\t\t<div class=\"elementor-element elementor-element-4c3cac6b e-flex e-con-boxed wpr-particle-no wpr-jarallax-no wpr-parallax-no wpr-sticky-section-no e-con e-parent\" data-id=\"4c3cac6b\" data-element_type=\"container\" data-e-type=\"container\">\n\t\t\t\t\t<div class=\"e-con-inner\">\n\t\t<div class=\"elementor-element elementor-element-fc80776 e-con-full e-flex wpr-particle-no wpr-jarallax-no wpr-parallax-no wpr-sticky-section-no e-con e-child\" data-id=\"fc80776\" data-element_type=\"container\" data-e-type=\"container\">\n\t\t\t\t<div class=\"elementor-element elementor-element-c356c67 elementor-widget elementor-widget-image\" data-id=\"c356c67\" data-element_type=\"widget\" data-e-type=\"widget\" data-widget_type=\"image.default\">\n\t\t\t\t<div class=\"elementor-widget-container\">\n\t\t\t\t\t\t\t\t\t\t\t\t\t\t\t<img fetchpriority=\"high\" decoding=\"async\" width=\"225\" height=\"300\" src=\"https:\/\/nandrikinderhilfe.de\/wp-content\/uploads\/2024\/09\/verein.jpg\" class=\"attachment-full size-full wp-image-402\" alt=\"\" srcset=\"https:\/\/nandrikinderhilfe.de\/wp-content\/uploads\/2024\/09\/verein.jpg 225w, https:\/\/nandrikinderhilfe.de\/wp-content\/uploads\/2024\/09\/verein-9x12.jpg 9w\" sizes=\"(max-width: 225px) 100vw, 225px\" \/>\t\t\t\t\t\t\t\t\t\t\t\t\t\t\t<\/div>\n\t\t\t\t<\/div>\n\t\t\t\t<\/div>\n\t\t<div class=\"elementor-element elementor-element-38737bf9 e-con-full e-flex wpr-particle-no wpr-jarallax-no wpr-parallax-no wpr-sticky-section-no e-con e-child\" data-id=\"38737bf9\" data-element_type=\"container\" data-e-type=\"container\">\n\t\t\t\t<div class=\"elementor-element elementor-element-4fa4a666 elementor-widget elementor-widget-heading\" data-id=\"4fa4a666\" data-element_type=\"widget\" data-e-type=\"widget\" data-widget_type=\"heading.default\">\n\t\t\t\t<div class=\"elementor-widget-container\">\n\t\t\t\t\t<h2 class=\"elementor-heading-title elementor-size-default\">Unser Verein<\/h2>\t\t\t\t<\/div>\n\t\t\t\t<\/div>\n\t\t\t\t<div class=\"elementor-element elementor-element-b0f2a78 elementor-widget elementor-widget-heading\" data-id=\"b0f2a78\" data-element_type=\"widget\" data-e-type=\"widget\" data-widget_type=\"heading.default\">\n\t\t\t\t<div class=\"elementor-widget-container\">\n\t\t\t\t\t<h2 class=\"elementor-heading-title elementor-size-default\">Nandri \u2013 f\u00fcr die Kinder Geborgenheit, Zukunft und ein Zuhause!<\/h2>\t\t\t\t<\/div>\n\t\t\t\t<\/div>\n\t\t\t\t<div class=\"elementor-element elementor-element-3e691c69 elementor-widget elementor-widget-text-editor\" data-id=\"3e691c69\" data-element_type=\"widget\" data-e-type=\"widget\" data-widget_type=\"text-editor.default\">\n\t\t\t\t<div class=\"elementor-widget-container\">\n\t\t\t\t\t\t\t\t\t<p>Die eigentliche Idee zur Gr\u00fcndung der Nandri Kinderhilfe liegt bereits eine Weile zur\u00fcck: Im Jahre 1998 reiste Monika Gerbas in den kleinen indischen Ort Mamallapuram, um ihr damaliges Patenkind zu besuchen. Dort fand sie ein Waisenhaus vor, das seinerzeit 53 Kinder in absoluter Armut beherbergte und jede Unterst\u00fctzung dringend ben\u00f6tigte. Und so versprach sie, auch nach ihrer R\u00fcckkehr von Deutschland aus zu helfen und baute aus privater Initiative zun\u00e4chst ein entsprechendes Netzwerk auf.<\/p>\t\t\t\t\t\t\t\t<\/div>\n\t\t\t\t<\/div>\n\t\t\t\t<\/div>\n\t\t\t\t\t<\/div>\n\t\t\t\t<\/div>\n\t\t<div class=\"elementor-element elementor-element-9e4dbc6 e-flex e-con-boxed wpr-particle-no wpr-jarallax-no wpr-parallax-no wpr-sticky-section-no e-con e-parent\" data-id=\"9e4dbc6\" data-element_type=\"container\" data-e-type=\"container\">\n\t\t\t\t\t<div class=\"e-con-inner\">\n\t\t\t\t<div class=\"elementor-element elementor-element-7e67360 elementor-widget elementor-widget-text-editor\" data-id=\"7e67360\" data-element_type=\"widget\" data-e-type=\"widget\" data-widget_type=\"text-editor.default\">\n\t\t\t\t<div class=\"elementor-widget-container\">\n\t\t\t\t\t\t\t\t\t<p>Schlie\u00dflich gr\u00fcndete Monika Gerbas am 25. August 2005 zusammen mit engagierten Freunden aus Frankfurt und Oberursel den Verein Nandri Kinderhilfe e.V., der den notleidenden Kindern dauerhaft zur Seite steht und ihnen eine lebenswerte, eigenst\u00e4ndige Zukunft erm\u00f6glicht. Mittlerweile engagiert sich Nandri f\u00fcr vier verschiedene Projekte und f\u00f6rdert hierbei die Bildung bzw. Ausbildung der Kinder, aber auch die allgemeine Verbesserung der Lebensgrundlagen vor Ort \u2013 zum Beispiel in punkto Ern\u00e4hrung, medizinischer Versorgung und Hygiene.<\/p><p>Noch heute reist Monika Gerbas selbst mindestens einmal pro Jahr auf eigene Kosten nach Indien, um sich pers\u00f6nlich vom verantwortungsvollen Einsatz der Spendengelder und den erzielten Fortschritten der Projekte zu \u00fcberzeugen.<\/p>\t\t\t\t\t\t\t\t<\/div>\n\t\t\t\t<\/div>\n\t\t\t\t\t<\/div>\n\t\t\t\t<\/div>\n\t\t\t\t<\/div>\n\t\t","protected":false},"excerpt":{"rendered":"<p>Unser Verein Nandri \u2013 f\u00fcr die Kinder Geborgenheit, Zukunft und ein Zuhause! Die eigentliche Idee zur Gr\u00fcndung der Nandri Kinderhilfe liegt bereits eine Weile zur\u00fcck: Im Jahre 1998 reiste Monika Gerbas in den kleinen indischen Ort Mamallapuram, um ihr damaliges Patenkind zu besuchen. Dort fand sie ein Waisenhaus vor, das seinerzeit 53 Kinder in absoluter Armut beherbergte und jede Unterst\u00fctzung dringend ben\u00f6tigte. Und so versprach sie, auch nach ihrer R\u00fcckkehr von Deutschland aus zu helfen und baute aus privater Initiative zun\u00e4chst ein entsprechendes Netzwerk auf. Schlie\u00dflich gr\u00fcndete Monika Gerbas am 25. August 2005 zusammen mit engagierten Freunden aus Frankfurt und Oberursel den Verein Nandri Kinderhilfe e.V., der den notleidenden Kindern dauerhaft zur Seite steht und ihnen eine lebenswerte, eigenst\u00e4ndige Zukunft erm\u00f6glicht. Mittlerweile engagiert sich Nandri f\u00fcr vier verschiedene Projekte und f\u00f6rdert hierbei die Bildung bzw. Ausbildung der Kinder, aber auch die allgemeine Verbesserung der Lebensgrundlagen vor Ort \u2013 zum Beispiel in punkto Ern\u00e4hrung, medizinischer Versorgung und Hygiene. Noch heute reist Monika Gerbas selbst mindestens einmal pro Jahr auf eigene Kosten nach Indien, um sich pers\u00f6nlich vom verantwortungsvollen Einsatz der Spendengelder und den erzielten Fortschritten der Projekte zu \u00fcberzeugen.<\/p>","protected":false},"author":1,"featured_media":0,"parent":0,"menu_order":0,"comment_status":"closed","ping_status":"closed","template":"elementor_header_footer","meta":{"footnotes":""},"class_list":["post-401","page","type-page","status-publish","hentry"],"_links":{"self":[{"href":"https:\/\/nandrikinderhilfe.de\/en\/wp-json\/wp\/v2\/pages\/401","targetHints":{"allow":["GET"]}}],"collection":[{"href":"https:\/\/nandrikinderhilfe.de\/en\/wp-json\/wp\/v2\/pages"}],"about":[{"href":"https:\/\/nandrikinderhilfe.de\/en\/wp-json\/wp\/v2\/types\/page"}],"author":[{"embeddable":true,"href":"https:\/\/nandrikinderhilfe.de\/en\/wp-json\/wp\/v2\/users\/1"}],"replies":[{"embeddable":true,"href":"https:\/\/nandrikinderhilfe.de\/en\/wp-json\/wp\/v2\/comments?post=401"}],"version-history":[{"count":40,"href":"https:\/\/nandrikinderhilfe.de\/en\/wp-json\/wp\/v2\/pages\/401\/revisions"}],"predecessor-version":[{"id":3363,"href":"https:\/\/nandrikinderhilfe.de\/en\/wp-json\/wp\/v2\/pages\/401\/revisions\/3363"}],"wp:attachment":[{"href":"https:\/\/nandrikinderhilfe.de\/en\/wp-json\/wp\/v2\/media?parent=401"}],"curies":[{"name":"wp","href":"https:\/\/api.w.org\/{rel}","templated":true}]}}