{"id":723,"date":"2024-09-10T11:59:42","date_gmt":"2024-09-10T11:59:42","guid":{"rendered":"https:\/\/test.nandrikinderhilfe.de\/?page_id=723"},"modified":"2025-04-08T11:51:24","modified_gmt":"2025-04-08T11:51:24","slug":"projekte","status":"publish","type":"page","link":"https:\/\/nandrikinderhilfe.de\/en\/projekte\/","title":{"rendered":"Projekte"},"content":{"rendered":"\t\t<div data-elementor-type=\"wp-page\" data-elementor-id=\"723\" class=\"elementor elementor-723\">\n\t\t\t\t<div class=\"elementor-element elementor-element-d5cfde3 e-flex e-con-boxed wpr-particle-no wpr-jarallax-no wpr-parallax-no wpr-sticky-section-no e-con e-parent\" data-id=\"d5cfde3\" data-element_type=\"container\" data-e-type=\"container\" data-settings=\"{&quot;background_background&quot;:&quot;slideshow&quot;,&quot;background_slideshow_gallery&quot;:[{&quot;id&quot;:148,&quot;url&quot;:&quot;https:\\\/\\\/test.nandrikinderhilfe.de\\\/wp-content\\\/uploads\\\/2024\\\/09\\\/Header_06_web.jpg&quot;}],&quot;background_slideshow_ken_burns&quot;:&quot;yes&quot;,&quot;background_slideshow_loop&quot;:&quot;yes&quot;,&quot;background_slideshow_slide_duration&quot;:5000,&quot;background_slideshow_slide_transition&quot;:&quot;fade&quot;,&quot;background_slideshow_transition_duration&quot;:500,&quot;background_slideshow_ken_burns_zoom_direction&quot;:&quot;in&quot;}\">\n\t\t\t\t\t<div class=\"e-con-inner\">\n\t\t\t\t\t<\/div>\n\t\t\t\t<\/div>\n\t\t<div class=\"elementor-element elementor-element-4c3cac6b e-flex e-con-boxed wpr-particle-no wpr-jarallax-no wpr-parallax-no wpr-sticky-section-no e-con e-parent\" data-id=\"4c3cac6b\" data-element_type=\"container\" data-e-type=\"container\">\n\t\t\t\t\t<div class=\"e-con-inner\">\n\t\t<div class=\"elementor-element elementor-element-38737bf9 e-con-full e-flex wpr-particle-no wpr-jarallax-no wpr-parallax-no wpr-sticky-section-no e-con e-child\" data-id=\"38737bf9\" data-element_type=\"container\" data-e-type=\"container\">\n\t\t\t\t<div class=\"elementor-element elementor-element-4fa4a666 elementor-widget elementor-widget-heading\" data-id=\"4fa4a666\" data-element_type=\"widget\" data-e-type=\"widget\" data-widget_type=\"heading.default\">\n\t\t\t\t<div class=\"elementor-widget-container\">\n\t\t\t\t\t<h2 class=\"elementor-heading-title elementor-size-default\">Unsere Projekte<\/h2>\t\t\t\t<\/div>\n\t\t\t\t<\/div>\n\t\t\t\t<div class=\"elementor-element elementor-element-a697547 elementor-widget-divider--view-line elementor-widget elementor-widget-divider\" data-id=\"a697547\" data-element_type=\"widget\" data-e-type=\"widget\" data-widget_type=\"divider.default\">\n\t\t\t\t<div class=\"elementor-widget-container\">\n\t\t\t\t\t\t\t<div class=\"elementor-divider\">\n\t\t\t<span class=\"elementor-divider-separator\">\n\t\t\t\t\t\t<\/span>\n\t\t<\/div>\n\t\t\t\t\t\t<\/div>\n\t\t\t\t<\/div>\n\t\t\t\t<\/div>\n\t\t\t\t\t<\/div>\n\t\t\t\t<\/div>\n\t\t<div class=\"elementor-element elementor-element-37eaeb5 e-flex e-con-boxed wpr-particle-no wpr-jarallax-no wpr-parallax-no wpr-sticky-section-no e-con e-parent\" data-id=\"37eaeb5\" data-element_type=\"container\" data-e-type=\"container\">\n\t\t\t\t\t<div class=\"e-con-inner\">\n\t\t<div class=\"elementor-element elementor-element-9b1f4b2 e-con-full e-flex wpr-particle-no wpr-jarallax-no wpr-parallax-no wpr-sticky-section-no e-con e-child\" data-id=\"9b1f4b2\" data-element_type=\"container\" data-e-type=\"container\">\n\t\t\t\t<div class=\"elementor-element elementor-element-5f3347d elementor-widget elementor-widget-text-editor\" data-id=\"5f3347d\" data-element_type=\"widget\" data-e-type=\"widget\" data-widget_type=\"text-editor.default\">\n\t\t\t\t<div class=\"elementor-widget-container\">\n\t\t\t\t\t\t\t\t\t<p>Unser gemeinn\u00fctziger Verein und seine Mitglieder k\u00fcmmern sich bereits seit 1998 um notleidende und ausgegrenzte Kinder im S\u00fcdosten Indiens. In der Region Tamil Nadu unterst\u00fctzen wir vier verschiedene Hilfsprojekte:<\/p><ul><li>eine <strong>Schule<\/strong> mit angeschlossenem Internat (Little Flower High School)<\/li><li>Kinderunterst\u00fctzung in den <strong>Ureinwohner-D\u00f6rfern der Irular<\/strong><\/li><li>ein <strong>Frauenhaus<\/strong> f\u00fcr kranke, vernachl\u00e4ssigte und behinderte Frauen sowie<\/li><li>ein kleines <strong>Ausbildungs-Institut<\/strong>, das benachteiligten Frauen die Chance bietet, selbst\u00e4ndig ihren Lebensunterhalt zu verdienen.<\/li><\/ul><p>Wir haben mittlerweile viele junge Erwachsene, die die von uns gef\u00f6rderte Bildung genossen haben und jetzt eine Ausbildung oder Studium absolvieren m\u00f6chten. Auch hier unterst\u00fctzen wir nach besten Kr\u00e4ften diese Menschen bei ihrem Vorhaben, da ihre Familien sich dies in den meisten F\u00e4llen nicht leisten k\u00f6nnen.<\/p><p>Insgesamt unterst\u00fctzen wir <strong>aktuell ca. 500 Kinder<\/strong> und deren Familien dabei, ihre Chancen auf ein besseres und selbstbestimmtes Leben zu nutzen, indem wir unseren Fokus auf Ausbildung und Ern\u00e4hrung der Kinder legen. Dazu kommen <strong>ca. 40-50 junge Erwachsene<\/strong>, die wir bei Ausbildung und Studium finanziell unterst\u00fctzen.<\/p>\t\t\t\t\t\t\t\t<\/div>\n\t\t\t\t<\/div>\n\t\t\t\t<\/div>\n\t\t\t\t\t<\/div>\n\t\t\t\t<\/div>\n\t\t<div class=\"elementor-element elementor-element-0f2abaf e-flex e-con-boxed wpr-particle-no wpr-jarallax-no wpr-parallax-no wpr-sticky-section-no e-con e-parent\" data-id=\"0f2abaf\" data-element_type=\"container\" data-e-type=\"container\">\n\t\t\t\t\t<div class=\"e-con-inner\">\n\t\t<div class=\"elementor-element elementor-element-cc23f77 e-con-full e-flex wpr-particle-no wpr-jarallax-no wpr-parallax-no wpr-sticky-section-no e-con e-child\" data-id=\"cc23f77\" data-element_type=\"container\" data-e-type=\"container\">\n\t\t\t\t<div class=\"elementor-element elementor-element-b49ae0d elementor-widget elementor-widget-text-editor\" data-id=\"b49ae0d\" data-element_type=\"widget\" data-e-type=\"widget\" data-widget_type=\"text-editor.default\">\n\t\t\t\t<div class=\"elementor-widget-container\">\n\t\t\t\t\t\t\t\t\t<p>Little Flower <br \/>High School<\/p>\t\t\t\t\t\t\t\t<\/div>\n\t\t\t\t<\/div>\n\t\t\t\t<div class=\"elementor-element elementor-element-2cc1536 elementor-widget elementor-widget-image\" data-id=\"2cc1536\" data-element_type=\"widget\" data-e-type=\"widget\" data-widget_type=\"image.default\">\n\t\t\t\t<div class=\"elementor-widget-container\">\n\t\t\t\t\t\t\t\t\t\t\t\t\t\t\t\t<a href=\"https:\/\/test.nandrikinderhilfe.de\/little-flower-school\/\">\n\t\t\t\t\t\t\t<img fetchpriority=\"high\" decoding=\"async\" width=\"800\" height=\"600\" src=\"https:\/\/nandrikinderhilfe.de\/wp-content\/uploads\/2024\/09\/LittleFlowerHighSchool_web-1024x768.jpg\" class=\"attachment-large size-large wp-image-733\" alt=\"\" srcset=\"https:\/\/nandrikinderhilfe.de\/wp-content\/uploads\/2024\/09\/LittleFlowerHighSchool_web-1024x768.jpg 1024w, https:\/\/nandrikinderhilfe.de\/wp-content\/uploads\/2024\/09\/LittleFlowerHighSchool_web-300x225.jpg 300w, https:\/\/nandrikinderhilfe.de\/wp-content\/uploads\/2024\/09\/LittleFlowerHighSchool_web-768x576.jpg 768w, https:\/\/nandrikinderhilfe.de\/wp-content\/uploads\/2024\/09\/LittleFlowerHighSchool_web-16x12.jpg 16w, https:\/\/nandrikinderhilfe.de\/wp-content\/uploads\/2024\/09\/LittleFlowerHighSchool_web.jpg 1140w\" sizes=\"(max-width: 800px) 100vw, 800px\" \/>\t\t\t\t\t\t\t\t<\/a>\n\t\t\t\t\t\t\t\t\t\t\t\t\t\t\t<\/div>\n\t\t\t\t<\/div>\n\t\t\t\t<div class=\"elementor-element elementor-element-8372cd5 elementor-widget elementor-widget-text-editor\" data-id=\"8372cd5\" data-element_type=\"widget\" data-e-type=\"widget\" data-widget_type=\"text-editor.default\">\n\t\t\t\t<div class=\"elementor-widget-container\">\n\t\t\t\t\t\t\t\t\t<p>Klicken um mehr <br \/>zu erfahren<\/p>\t\t\t\t\t\t\t\t<\/div>\n\t\t\t\t<\/div>\n\t\t\t\t<\/div>\n\t\t<div class=\"elementor-element elementor-element-37ace58 e-con-full e-flex wpr-particle-no wpr-jarallax-no wpr-parallax-no wpr-sticky-section-no e-con e-child\" data-id=\"37ace58\" data-element_type=\"container\" data-e-type=\"container\">\n\t\t\t\t<div class=\"elementor-element elementor-element-7b93d15 elementor-widget elementor-widget-text-editor\" data-id=\"7b93d15\" data-element_type=\"widget\" data-e-type=\"widget\" data-widget_type=\"text-editor.default\">\n\t\t\t\t<div class=\"elementor-widget-container\">\n\t\t\t\t\t\t\t\t\t<p>Irular <br \/>D\u00f6rfer<\/p>\t\t\t\t\t\t\t\t<\/div>\n\t\t\t\t<\/div>\n\t\t\t\t<div class=\"elementor-element elementor-element-b7701f7 elementor-widget elementor-widget-image\" data-id=\"b7701f7\" data-element_type=\"widget\" data-e-type=\"widget\" data-widget_type=\"image.default\">\n\t\t\t\t<div class=\"elementor-widget-container\">\n\t\t\t\t\t\t\t\t\t\t\t\t\t\t\t\t<a href=\"https:\/\/test.nandrikinderhilfe.de\/irular\/\">\n\t\t\t\t\t\t\t<img decoding=\"async\" width=\"800\" height=\"600\" src=\"https:\/\/nandrikinderhilfe.de\/wp-content\/uploads\/2024\/09\/Irurlar_web-1024x768.jpg\" class=\"attachment-large size-large wp-image-734\" alt=\"\" srcset=\"https:\/\/nandrikinderhilfe.de\/wp-content\/uploads\/2024\/09\/Irurlar_web-1024x768.jpg 1024w, https:\/\/nandrikinderhilfe.de\/wp-content\/uploads\/2024\/09\/Irurlar_web-300x225.jpg 300w, https:\/\/nandrikinderhilfe.de\/wp-content\/uploads\/2024\/09\/Irurlar_web-768x576.jpg 768w, https:\/\/nandrikinderhilfe.de\/wp-content\/uploads\/2024\/09\/Irurlar_web-16x12.jpg 16w, https:\/\/nandrikinderhilfe.de\/wp-content\/uploads\/2024\/09\/Irurlar_web.jpg 1140w\" sizes=\"(max-width: 800px) 100vw, 800px\" \/>\t\t\t\t\t\t\t\t<\/a>\n\t\t\t\t\t\t\t\t\t\t\t\t\t\t\t<\/div>\n\t\t\t\t<\/div>\n\t\t\t\t<div class=\"elementor-element elementor-element-1b11180 elementor-widget elementor-widget-text-editor\" data-id=\"1b11180\" data-element_type=\"widget\" data-e-type=\"widget\" data-widget_type=\"text-editor.default\">\n\t\t\t\t<div class=\"elementor-widget-container\">\n\t\t\t\t\t\t\t\t\t<p>Klicken um mehr <br \/>zu erfahren<\/p>\t\t\t\t\t\t\t\t<\/div>\n\t\t\t\t<\/div>\n\t\t\t\t<\/div>\n\t\t<div class=\"elementor-element elementor-element-e09605d e-con-full e-flex wpr-particle-no wpr-jarallax-no wpr-parallax-no wpr-sticky-section-no e-con e-child\" data-id=\"e09605d\" data-element_type=\"container\" data-e-type=\"container\">\n\t\t\t\t<div class=\"elementor-element elementor-element-6bb9085 elementor-widget elementor-widget-text-editor\" data-id=\"6bb9085\" data-element_type=\"widget\" data-e-type=\"widget\" data-widget_type=\"text-editor.default\">\n\t\t\t\t<div class=\"elementor-widget-container\">\n\t\t\t\t\t\t\t\t\t<p>Frauen-<br \/>haus<\/p>\t\t\t\t\t\t\t\t<\/div>\n\t\t\t\t<\/div>\n\t\t\t\t<div class=\"elementor-element elementor-element-437ee09 elementor-widget elementor-widget-image\" data-id=\"437ee09\" data-element_type=\"widget\" data-e-type=\"widget\" data-widget_type=\"image.default\">\n\t\t\t\t<div class=\"elementor-widget-container\">\n\t\t\t\t\t\t\t\t\t\t\t\t\t\t\t\t<a href=\"https:\/\/test.nandrikinderhilfe.de\/frauenhaus\/\">\n\t\t\t\t\t\t\t<img decoding=\"async\" width=\"800\" height=\"600\" src=\"https:\/\/nandrikinderhilfe.de\/wp-content\/uploads\/2024\/09\/Frauenhaus_web-1024x768.jpg\" class=\"attachment-large size-large wp-image-735\" alt=\"\" srcset=\"https:\/\/nandrikinderhilfe.de\/wp-content\/uploads\/2024\/09\/Frauenhaus_web-1024x768.jpg 1024w, https:\/\/nandrikinderhilfe.de\/wp-content\/uploads\/2024\/09\/Frauenhaus_web-300x225.jpg 300w, https:\/\/nandrikinderhilfe.de\/wp-content\/uploads\/2024\/09\/Frauenhaus_web-768x576.jpg 768w, https:\/\/nandrikinderhilfe.de\/wp-content\/uploads\/2024\/09\/Frauenhaus_web-16x12.jpg 16w, https:\/\/nandrikinderhilfe.de\/wp-content\/uploads\/2024\/09\/Frauenhaus_web.jpg 1140w\" sizes=\"(max-width: 800px) 100vw, 800px\" \/>\t\t\t\t\t\t\t\t<\/a>\n\t\t\t\t\t\t\t\t\t\t\t\t\t\t\t<\/div>\n\t\t\t\t<\/div>\n\t\t\t\t<div class=\"elementor-element elementor-element-5f248e2 elementor-widget elementor-widget-text-editor\" data-id=\"5f248e2\" data-element_type=\"widget\" data-e-type=\"widget\" data-widget_type=\"text-editor.default\">\n\t\t\t\t<div class=\"elementor-widget-container\">\n\t\t\t\t\t\t\t\t\t<p>Klicken um mehr <br \/>zu erfahren<\/p>\t\t\t\t\t\t\t\t<\/div>\n\t\t\t\t<\/div>\n\t\t\t\t<\/div>\n\t\t<div class=\"elementor-element elementor-element-ed7f15d e-con-full e-flex wpr-particle-no wpr-jarallax-no wpr-parallax-no wpr-sticky-section-no e-con e-child\" data-id=\"ed7f15d\" data-element_type=\"container\" data-e-type=\"container\">\n\t\t\t\t<div class=\"elementor-element elementor-element-67d2cd9 elementor-widget elementor-widget-text-editor\" data-id=\"67d2cd9\" data-element_type=\"widget\" data-e-type=\"widget\" data-widget_type=\"text-editor.default\">\n\t\t\t\t<div class=\"elementor-widget-container\">\n\t\t\t\t\t\t\t\t\t<p>Ausbildungs-<br \/>institut<\/p>\t\t\t\t\t\t\t\t<\/div>\n\t\t\t\t<\/div>\n\t\t\t\t<div class=\"elementor-element elementor-element-d9e078c elementor-widget elementor-widget-image\" data-id=\"d9e078c\" data-element_type=\"widget\" data-e-type=\"widget\" data-widget_type=\"image.default\">\n\t\t\t\t<div class=\"elementor-widget-container\">\n\t\t\t\t\t\t\t\t\t\t\t\t\t\t\t\t<a href=\"https:\/\/test.nandrikinderhilfe.de\/ausbildungsinstitut\/\">\n\t\t\t\t\t\t\t<img loading=\"lazy\" decoding=\"async\" width=\"800\" height=\"600\" src=\"https:\/\/nandrikinderhilfe.de\/wp-content\/uploads\/2024\/09\/Ausbildungsinstitut_web-1024x768.jpg\" class=\"attachment-large size-large wp-image-736\" alt=\"\" srcset=\"https:\/\/nandrikinderhilfe.de\/wp-content\/uploads\/2024\/09\/Ausbildungsinstitut_web-1024x768.jpg 1024w, https:\/\/nandrikinderhilfe.de\/wp-content\/uploads\/2024\/09\/Ausbildungsinstitut_web-300x225.jpg 300w, https:\/\/nandrikinderhilfe.de\/wp-content\/uploads\/2024\/09\/Ausbildungsinstitut_web-768x576.jpg 768w, https:\/\/nandrikinderhilfe.de\/wp-content\/uploads\/2024\/09\/Ausbildungsinstitut_web-16x12.jpg 16w, https:\/\/nandrikinderhilfe.de\/wp-content\/uploads\/2024\/09\/Ausbildungsinstitut_web.jpg 1140w\" sizes=\"(max-width: 800px) 100vw, 800px\" \/>\t\t\t\t\t\t\t\t<\/a>\n\t\t\t\t\t\t\t\t\t\t\t\t\t\t\t<\/div>\n\t\t\t\t<\/div>\n\t\t\t\t<div class=\"elementor-element elementor-element-4cc341a elementor-widget elementor-widget-text-editor\" data-id=\"4cc341a\" data-element_type=\"widget\" data-e-type=\"widget\" data-widget_type=\"text-editor.default\">\n\t\t\t\t<div class=\"elementor-widget-container\">\n\t\t\t\t\t\t\t\t\t<p>Klicken um mehr <br \/>zu erfahren<\/p>\t\t\t\t\t\t\t\t<\/div>\n\t\t\t\t<\/div>\n\t\t\t\t<\/div>\n\t\t\t\t\t<\/div>\n\t\t\t\t<\/div>\n\t\t\t\t<\/div>\n\t\t","protected":false},"excerpt":{"rendered":"<p>Unsere Projekte Unser gemeinn\u00fctziger Verein und seine Mitglieder k\u00fcmmern sich bereits seit 1998 um notleidende und ausgegrenzte Kinder im S\u00fcdosten Indiens. In der Region Tamil Nadu unterst\u00fctzen wir vier verschiedene Hilfsprojekte: eine Schule mit angeschlossenem Internat (Little Flower High School) Kinderunterst\u00fctzung in den Ureinwohner-D\u00f6rfern der Irular ein Frauenhaus f\u00fcr kranke, vernachl\u00e4ssigte und behinderte Frauen sowie ein kleines Ausbildungs-Institut, das benachteiligten Frauen die Chance bietet, selbst\u00e4ndig ihren Lebensunterhalt zu verdienen. Wir haben mittlerweile viele junge Erwachsene, die die von uns gef\u00f6rderte Bildung genossen haben und jetzt eine Ausbildung oder Studium absolvieren m\u00f6chten. Auch hier unterst\u00fctzen wir nach besten Kr\u00e4ften diese Menschen bei ihrem Vorhaben, da ihre Familien sich dies in den meisten F\u00e4llen nicht leisten k\u00f6nnen. Insgesamt unterst\u00fctzen wir aktuell ca. 500 Kinder und deren Familien dabei, ihre Chancen auf ein besseres und selbstbestimmtes Leben zu nutzen, indem wir unseren Fokus auf Ausbildung und Ern\u00e4hrung der Kinder legen. Dazu kommen ca. 40-50 junge Erwachsene, die wir bei Ausbildung und Studium finanziell unterst\u00fctzen. Little Flower High School Klicken um mehr zu erfahren Irular D\u00f6rfer Klicken um mehr zu erfahren Frauen-haus Klicken um mehr zu erfahren Ausbildungs-institut Klicken um mehr zu erfahren<\/p>","protected":false},"author":1,"featured_media":0,"parent":0,"menu_order":0,"comment_status":"closed","ping_status":"closed","template":"","meta":{"footnotes":""},"class_list":["post-723","page","type-page","status-publish","hentry"],"_links":{"self":[{"href":"https:\/\/nandrikinderhilfe.de\/en\/wp-json\/wp\/v2\/pages\/723","targetHints":{"allow":["GET"]}}],"collection":[{"href":"https:\/\/nandrikinderhilfe.de\/en\/wp-json\/wp\/v2\/pages"}],"about":[{"href":"https:\/\/nandrikinderhilfe.de\/en\/wp-json\/wp\/v2\/types\/page"}],"author":[{"embeddable":true,"href":"https:\/\/nandrikinderhilfe.de\/en\/wp-json\/wp\/v2\/users\/1"}],"replies":[{"embeddable":true,"href":"https:\/\/nandrikinderhilfe.de\/en\/wp-json\/wp\/v2\/comments?post=723"}],"version-history":[{"count":49,"href":"https:\/\/nandrikinderhilfe.de\/en\/wp-json\/wp\/v2\/pages\/723\/revisions"}],"predecessor-version":[{"id":3583,"href":"https:\/\/nandrikinderhilfe.de\/en\/wp-json\/wp\/v2\/pages\/723\/revisions\/3583"}],"wp:attachment":[{"href":"https:\/\/nandrikinderhilfe.de\/en\/wp-json\/wp\/v2\/media?parent=723"}],"curies":[{"name":"wp","href":"https:\/\/api.w.org\/{rel}","templated":true}]}}