{"id":829,"date":"2024-09-10T12:57:38","date_gmt":"2024-09-10T12:57:38","guid":{"rendered":"https:\/\/test.nandrikinderhilfe.de\/?page_id=829"},"modified":"2025-04-07T16:22:15","modified_gmt":"2025-04-07T16:22:15","slug":"irular","status":"publish","type":"page","link":"https:\/\/nandrikinderhilfe.de\/en\/irular\/","title":{"rendered":"Irular"},"content":{"rendered":"\t\t<div data-elementor-type=\"wp-page\" data-elementor-id=\"829\" class=\"elementor elementor-829\">\n\t\t\t\t<div class=\"elementor-element elementor-element-d5cfde3 e-flex e-con-boxed wpr-particle-no wpr-jarallax-no wpr-parallax-no wpr-sticky-section-no e-con e-parent\" data-id=\"d5cfde3\" data-element_type=\"container\" data-e-type=\"container\" data-settings=\"{&quot;background_background&quot;:&quot;slideshow&quot;,&quot;background_slideshow_gallery&quot;:[{&quot;id&quot;:834,&quot;url&quot;:&quot;https:\\\/\\\/test.nandrikinderhilfe.de\\\/wp-content\\\/uploads\\\/2024\\\/09\\\/Header_Irurlar_web.jpg&quot;}],&quot;background_slideshow_ken_burns&quot;:&quot;yes&quot;,&quot;background_slideshow_loop&quot;:&quot;yes&quot;,&quot;background_slideshow_slide_duration&quot;:5000,&quot;background_slideshow_slide_transition&quot;:&quot;fade&quot;,&quot;background_slideshow_transition_duration&quot;:500,&quot;background_slideshow_ken_burns_zoom_direction&quot;:&quot;in&quot;}\">\n\t\t\t\t\t<div class=\"e-con-inner\">\n\t\t\t\t\t<\/div>\n\t\t\t\t<\/div>\n\t\t<div class=\"elementor-element elementor-element-4c3cac6b e-flex e-con-boxed wpr-particle-no wpr-jarallax-no wpr-parallax-no wpr-sticky-section-no e-con e-parent\" data-id=\"4c3cac6b\" data-element_type=\"container\" data-e-type=\"container\">\n\t\t\t\t\t<div class=\"e-con-inner\">\n\t\t<div class=\"elementor-element elementor-element-38737bf9 e-con-full e-flex wpr-particle-no wpr-jarallax-no wpr-parallax-no wpr-sticky-section-no e-con e-child\" data-id=\"38737bf9\" data-element_type=\"container\" data-e-type=\"container\">\n\t\t\t\t<div class=\"elementor-element elementor-element-4fa4a666 elementor-widget elementor-widget-heading\" data-id=\"4fa4a666\" data-element_type=\"widget\" data-e-type=\"widget\" data-widget_type=\"heading.default\">\n\t\t\t\t<div class=\"elementor-widget-container\">\n\t\t\t\t\t<h2 class=\"elementor-heading-title elementor-size-default\">Kinderunterst\u00fctzung in den\nUreinwohner-D\u00f6rfern der Irular <\/h2>\t\t\t\t<\/div>\n\t\t\t\t<\/div>\n\t\t\t\t<div class=\"elementor-element elementor-element-a697547 elementor-widget-divider--view-line elementor-widget elementor-widget-divider\" data-id=\"a697547\" data-element_type=\"widget\" data-e-type=\"widget\" data-widget_type=\"divider.default\">\n\t\t\t\t<div class=\"elementor-widget-container\">\n\t\t\t\t\t\t\t<div class=\"elementor-divider\">\n\t\t\t<span class=\"elementor-divider-separator\">\n\t\t\t\t\t\t<\/span>\n\t\t<\/div>\n\t\t\t\t\t\t<\/div>\n\t\t\t\t<\/div>\n\t\t\t\t<\/div>\n\t\t\t\t\t<\/div>\n\t\t\t\t<\/div>\n\t\t<div class=\"elementor-element elementor-element-37eaeb5 e-flex e-con-boxed wpr-particle-no wpr-jarallax-no wpr-parallax-no wpr-sticky-section-no e-con e-parent\" data-id=\"37eaeb5\" data-element_type=\"container\" data-e-type=\"container\">\n\t\t\t\t\t<div class=\"e-con-inner\">\n\t\t<div class=\"elementor-element elementor-element-9b1f4b2 e-con-full e-flex wpr-particle-no wpr-jarallax-no wpr-parallax-no wpr-sticky-section-no e-con e-child\" data-id=\"9b1f4b2\" data-element_type=\"container\" data-e-type=\"container\">\n\t\t\t\t<div class=\"elementor-element elementor-element-5f3347d elementor-widget elementor-widget-text-editor\" data-id=\"5f3347d\" data-element_type=\"widget\" data-e-type=\"widget\" data-widget_type=\"text-editor.default\">\n\t\t\t\t<div class=\"elementor-widget-container\">\n\t\t\t\t\t\t\t\t\t<p>Die Volksgruppe der Irular lebte \u00fcber Jahrtausende hinweg in Urw\u00e4ldern und Baumsteppen S\u00fcdindiens in enger Verbundenheit mit der Natur. Ihr Elend begann in der Kolonialzeit. Das Land, auf dem und von dem sie urspr\u00fcnglich lebten, wurde mehr und mehr von Fremden in Anspruch genommen. Nach der Unabh\u00e4ngigkeit lie\u00dfen Holzeinschlag und Bergbau die W\u00e4lder mehr und mehr schrumpfen. 1978 untersagten die Forstverwaltungen ihnen den Zutritt zu ihren Wildnis-Territorien in denen und von denen sie lebten.<\/p>\t\t\t\t\t\t\t\t<\/div>\n\t\t\t\t<\/div>\n\t\t\t\t<\/div>\n\t\t\t\t\t<\/div>\n\t\t\t\t<\/div>\n\t\t<div class=\"elementor-element elementor-element-d0ccc7b e-flex e-con-boxed wpr-particle-no wpr-jarallax-no wpr-parallax-no wpr-sticky-section-no e-con e-parent\" data-id=\"d0ccc7b\" data-element_type=\"container\" data-e-type=\"container\">\n\t\t\t\t\t<div class=\"e-con-inner\">\n\t\t\t\t<div class=\"elementor-element elementor-element-ea57276 elementor-widget elementor-widget-text-editor\" data-id=\"ea57276\" data-element_type=\"widget\" data-e-type=\"widget\" data-widget_type=\"text-editor.default\">\n\t\t\t\t<div class=\"elementor-widget-container\">\n\t\t\t\t\t\t\t\t\t<p>Heute arbeiten die Irular als ungelernte Hilfskr\u00e4fte in Haushalten, Ziegeleien und Steinbr\u00fcchen. Vom Erl\u00f6s k\u00f6nnen sie nicht existieren. Sie sind unterern\u00e4hrt und krank. Weil der regelm\u00e4\u00dfige Schulbesuch erst allm\u00e4hlich zur Gewohnheit wird, haben sie keine Ausbildungen und es fehlt ihnen jetzt, da sie ihrer angestammten Lebensweise nicht mehr nachgehen k\u00f6nnen, an Verdienstm\u00f6glichkeiten und an ausreichender Ern\u00e4hrung, aber auch an Anerkennung durch die \u00fcbrige Gesellschaft.<\/p><p>Wir wollen vermeiden, dass die Kultur der Irular zerst\u00f6rt wird. Wir wollen gemeinsam mit ihnen M\u00f6glichkeiten erkunden, wie sie auf der Grundlage einer guten Ausbildung in eigener Verantwortung ihr Leben selbstst\u00e4ndig gestalten k\u00f6nnen. Dazu geh\u00f6rt, dass sie sich ausk\u00f6mmlich ern\u00e4hren, ihre medizinische Versorgung sichern \u2013 kurzum, dass jeder Einzelne sowohl f\u00fcr sich selbst als auch f\u00fcr seine Gemeinschaft eintreten kann. Die Irular stehen vor der gro\u00dfen Aufgabe zugleich in der ureigenen Welt ihrer traditionellen Kultur und in der Welt des modernen Indiens zu bestehen.<\/p>\t\t\t\t\t\t\t\t<\/div>\n\t\t\t\t<\/div>\n\t\t\t\t\t<\/div>\n\t\t\t\t<\/div>\n\t\t<div class=\"elementor-element elementor-element-af33187 e-flex e-con-boxed wpr-particle-no wpr-jarallax-no wpr-parallax-no wpr-sticky-section-no e-con e-parent\" data-id=\"af33187\" data-element_type=\"container\" data-e-type=\"container\">\n\t\t\t\t\t<div class=\"e-con-inner\">\n\t\t<div class=\"elementor-element elementor-element-7e4ffc6 e-con-full e-flex wpr-particle-no wpr-jarallax-no wpr-parallax-no wpr-sticky-section-no e-con e-child\" data-id=\"7e4ffc6\" data-element_type=\"container\" data-e-type=\"container\">\n\t\t\t\t<div class=\"elementor-element elementor-element-c6355f7 elementor-widget elementor-widget-image\" data-id=\"c6355f7\" data-element_type=\"widget\" data-e-type=\"widget\" data-widget_type=\"image.default\">\n\t\t\t\t<div class=\"elementor-widget-container\">\n\t\t\t\t\t\t\t\t\t\t\t\t\t\t\t<img fetchpriority=\"high\" decoding=\"async\" width=\"800\" height=\"535\" src=\"https:\/\/nandrikinderhilfe.de\/wp-content\/uploads\/2024\/09\/Irurlar.jpg\" class=\"attachment-large size-large wp-image-854\" alt=\"\" srcset=\"https:\/\/nandrikinderhilfe.de\/wp-content\/uploads\/2024\/09\/Irurlar.jpg 1000w, https:\/\/nandrikinderhilfe.de\/wp-content\/uploads\/2024\/09\/Irurlar-300x201.jpg 300w, https:\/\/nandrikinderhilfe.de\/wp-content\/uploads\/2024\/09\/Irurlar-768x514.jpg 768w, https:\/\/nandrikinderhilfe.de\/wp-content\/uploads\/2024\/09\/Irurlar-18x12.jpg 18w\" sizes=\"(max-width: 800px) 100vw, 800px\" \/>\t\t\t\t\t\t\t\t\t\t\t\t\t\t\t<\/div>\n\t\t\t\t<\/div>\n\t\t\t\t<\/div>\n\t\t<div class=\"elementor-element elementor-element-169adff e-con-full e-flex wpr-particle-no wpr-jarallax-no wpr-parallax-no wpr-sticky-section-no e-con e-child\" data-id=\"169adff\" data-element_type=\"container\" data-e-type=\"container\">\n\t\t\t\t<div class=\"elementor-element elementor-element-58291c1 elementor-widget elementor-widget-text-editor\" data-id=\"58291c1\" data-element_type=\"widget\" data-e-type=\"widget\" data-widget_type=\"text-editor.default\">\n\t\t\t\t<div class=\"elementor-widget-container\">\n\t\t\t\t\t\t\t\t\t<p>Heute arbeiten die Irular als ungelernte Hilfskr\u00e4fte in Haushalten, Ziegeleien und Steinbr\u00fcchen. Vom Erl\u00f6s k\u00f6nnen sie nicht existieren. Sie sind unterern\u00e4hrt und krank. Weil der regelm\u00e4\u00dfige Schulbesuch erst allm\u00e4hlich zur Gewohnheit wird, haben sie keine Ausbildungen und es fehlt ihnen jetzt, da sie ihrer angestammten Lebensweise nicht mehr nachgehen k\u00f6nnen, an Verdienstm\u00f6glichkeiten und an ausreichender Ern\u00e4hrung, aber auch an Anerkennung durch die \u00fcbrige Gesellschaft.<\/p><p>Wir wollen vermeiden, dass die Kultur der Irular zerst\u00f6rt wird. Wir wollen gemeinsam mit ihnen M\u00f6glichkeiten erkunden, wie sie auf der Grundlage einer guten Ausbildung in eigener Verantwortung ihr Leben selbstst\u00e4ndig gestalten k\u00f6nnen. Dazu geh\u00f6rt, dass sie sich ausk\u00f6mmlich ern\u00e4hren, ihre medizinische Versorgung sichern \u2013 kurzum, dass jeder Einzelne sowohl f\u00fcr sich selbst als auch f\u00fcr seine Gemeinschaft eintreten kann. Die Irular stehen vor der gro\u00dfen Aufgabe zugleich in der ureigenen Welt ihrer traditionellen Kultur und in der Welt des modernen Indiens zu bestehen.<\/p>\t\t\t\t\t\t\t\t<\/div>\n\t\t\t\t<\/div>\n\t\t\t\t<\/div>\n\t\t\t\t\t<\/div>\n\t\t\t\t<\/div>\n\t\t<div class=\"elementor-element elementor-element-94eac42 e-flex e-con-boxed wpr-particle-no wpr-jarallax-no wpr-parallax-no wpr-sticky-section-no e-con e-parent\" data-id=\"94eac42\" data-element_type=\"container\" data-e-type=\"container\">\n\t\t\t\t\t<div class=\"e-con-inner\">\n\t\t\t\t<div class=\"elementor-element elementor-element-8779c8f elementor-widget elementor-widget-text-editor\" data-id=\"8779c8f\" data-element_type=\"widget\" data-e-type=\"widget\" data-widget_type=\"text-editor.default\">\n\t\t\t\t<div class=\"elementor-widget-container\">\n\t\t\t\t\t\t\t\t\t Neues Dorfzentrum Sirupinayur\t\t\t\t\t\t\t\t<\/div>\n\t\t\t\t<\/div>\n\t\t\t\t\t<\/div>\n\t\t\t\t<\/div>\n\t\t<div class=\"elementor-element elementor-element-071feb3 e-flex e-con-boxed wpr-particle-no wpr-jarallax-no wpr-parallax-no wpr-sticky-section-no e-con e-parent\" data-id=\"071feb3\" data-element_type=\"container\" data-e-type=\"container\">\n\t\t\t\t\t<div class=\"e-con-inner\">\n\t\t<div class=\"elementor-element elementor-element-8ff5a7a e-con-full e-flex wpr-particle-no wpr-jarallax-no wpr-parallax-no wpr-sticky-section-no e-con e-child\" data-id=\"8ff5a7a\" data-element_type=\"container\" data-e-type=\"container\">\n\t\t\t\t<div class=\"elementor-element elementor-element-52868d9 elementor-widget elementor-widget-text-editor\" data-id=\"52868d9\" data-element_type=\"widget\" data-e-type=\"widget\" data-widget_type=\"text-editor.default\">\n\t\t\t\t<div class=\"elementor-widget-container\">\n\t\t\t\t\t\t\t\t\tDas Dorf Sirupinayur liegt im Kancheepuram Distrikt, Tamil Nadu mit insgesamt 540 Familien, die dort wohnen. 41 davon sind Irular, also indische Urweinwohner, die oftmals noch unterhalb der untersten Kaste angesiedelt sind. Sie leben in einer kleinen H\u00fcttenansammlung etwas entfernt vom Hauptdorf. Die wesentliche Einkommensquelle ist Landarbeit oder Lohnarbeit, wenn die V\u00e4ter \u00fcberhaupt eine Arbeit bekommen. Aktuell betreut Nandri dort 15 Vorschulkinder und 22 Schulkinder. Die Eltern sind alle Analphabeten und haben nie gelernt, ihren Kindern mit Bildung zu einem besseren Leben zu verhelfen. Sie unterst\u00fctzen unsere Arbeit aber sehr gut. Nandri ist mit einer kleinen Behelfsh\u00fctte in 2016 gestartet.\t\t\t\t\t\t\t\t<\/div>\n\t\t\t\t<\/div>\n\t\t\t\t<\/div>\n\t\t\t\t\t<\/div>\n\t\t\t\t<\/div>\n\t\t<div class=\"elementor-element elementor-element-a6b100f e-flex e-con-boxed wpr-particle-no wpr-jarallax-no wpr-parallax-no wpr-sticky-section-no e-con e-parent\" data-id=\"a6b100f\" data-element_type=\"container\" data-e-type=\"container\">\n\t\t\t\t\t<div class=\"e-con-inner\">\n\t\t\t\t<div class=\"elementor-element elementor-element-e7cc086 elementor-widget elementor-widget-image\" data-id=\"e7cc086\" data-element_type=\"widget\" data-e-type=\"widget\" data-widget_type=\"image.default\">\n\t\t\t\t<div class=\"elementor-widget-container\">\n\t\t\t\t\t\t\t\t\t\t\t\t\t\t\t<img decoding=\"async\" width=\"1140\" height=\"280\" src=\"https:\/\/nandrikinderhilfe.de\/wp-content\/uploads\/2024\/09\/Dorfzentrum.jpg\" class=\"attachment-full size-full wp-image-861\" alt=\"\" srcset=\"https:\/\/nandrikinderhilfe.de\/wp-content\/uploads\/2024\/09\/Dorfzentrum.jpg 1140w, https:\/\/nandrikinderhilfe.de\/wp-content\/uploads\/2024\/09\/Dorfzentrum-300x74.jpg 300w, https:\/\/nandrikinderhilfe.de\/wp-content\/uploads\/2024\/09\/Dorfzentrum-1024x252.jpg 1024w, https:\/\/nandrikinderhilfe.de\/wp-content\/uploads\/2024\/09\/Dorfzentrum-768x189.jpg 768w, https:\/\/nandrikinderhilfe.de\/wp-content\/uploads\/2024\/09\/Dorfzentrum-18x4.jpg 18w\" sizes=\"(max-width: 1140px) 100vw, 1140px\" \/>\t\t\t\t\t\t\t\t\t\t\t\t\t\t\t<\/div>\n\t\t\t\t<\/div>\n\t\t\t\t\t<\/div>\n\t\t\t\t<\/div>\n\t\t<div class=\"elementor-element elementor-element-b23dbde e-flex e-con-boxed wpr-particle-no wpr-jarallax-no wpr-parallax-no wpr-sticky-section-no e-con e-parent\" data-id=\"b23dbde\" data-element_type=\"container\" data-e-type=\"container\">\n\t\t\t\t\t<div class=\"e-con-inner\">\n\t\t<div class=\"elementor-element elementor-element-568a648 e-con-full e-flex wpr-particle-no wpr-jarallax-no wpr-parallax-no wpr-sticky-section-no e-con e-child\" data-id=\"568a648\" data-element_type=\"container\" data-e-type=\"container\">\n\t\t\t\t<div class=\"elementor-element elementor-element-aa08fb7 elementor-widget elementor-widget-text-editor\" data-id=\"aa08fb7\" data-element_type=\"widget\" data-e-type=\"widget\" data-widget_type=\"text-editor.default\">\n\t\t\t\t<div class=\"elementor-widget-container\">\n\t\t\t\t\t\t\t\t\t<p>Mit Abendessen, Kindergarten und Abendausbildung konnten wir den Zustand der unterern\u00e4hrten Kinder sehr verbessern und die Kinder zum regelm\u00e4\u00dfigen Schulbesuch anleiten. Auch viele Frauen engagieren sich mit dem Erlernen von Hand- und N\u00e4harbeiten und k\u00f6nnen sich so ein kleines Zubrot verdienen.<\/p><p>Da die alte H\u00fctte zu klein wurde und bei h\u00e4ufig vorkommenden \u00dcberflutungen auch keinen ausreichenden Schutz bot, haben wir ein neues Dorfzentrum errichtet. Dieses wurde im August 2021 mit Online-Teilnahme einiger Sponsoren er\u00f6ffnet!<\/p>\t\t\t\t\t\t\t\t<\/div>\n\t\t\t\t<\/div>\n\t\t\t\t<\/div>\n\t\t\t\t\t<\/div>\n\t\t\t\t<\/div>\n\t\t<div class=\"elementor-element elementor-element-5ff0803 e-flex e-con-boxed wpr-particle-no wpr-jarallax-no wpr-parallax-no wpr-sticky-section-no e-con e-parent\" data-id=\"5ff0803\" data-element_type=\"container\" data-e-type=\"container\">\n\t\t\t\t\t<div class=\"e-con-inner\">\n\t\t\t\t<div class=\"elementor-element elementor-element-9326b7a elementor-widget elementor-widget-image\" data-id=\"9326b7a\" data-element_type=\"widget\" data-e-type=\"widget\" data-widget_type=\"image.default\">\n\t\t\t\t<div class=\"elementor-widget-container\">\n\t\t\t\t\t\t\t\t\t\t\t\t<figure class=\"wp-caption\">\n\t\t\t\t\t\t\t\t\t\t<img decoding=\"async\" width=\"1139\" height=\"850\" src=\"https:\/\/nandrikinderhilfe.de\/wp-content\/uploads\/2024\/09\/Einweihung_Dorfzentrum.jpg\" class=\"attachment-full size-full wp-image-865\" alt=\"\" srcset=\"https:\/\/nandrikinderhilfe.de\/wp-content\/uploads\/2024\/09\/Einweihung_Dorfzentrum.jpg 1139w, https:\/\/nandrikinderhilfe.de\/wp-content\/uploads\/2024\/09\/Einweihung_Dorfzentrum-300x224.jpg 300w, https:\/\/nandrikinderhilfe.de\/wp-content\/uploads\/2024\/09\/Einweihung_Dorfzentrum-1024x764.jpg 1024w, https:\/\/nandrikinderhilfe.de\/wp-content\/uploads\/2024\/09\/Einweihung_Dorfzentrum-768x573.jpg 768w, https:\/\/nandrikinderhilfe.de\/wp-content\/uploads\/2024\/09\/Einweihung_Dorfzentrum-16x12.jpg 16w\" sizes=\"(max-width: 1139px) 100vw, 1139px\" \/>\t\t\t\t\t\t\t\t\t\t\t<figcaption class=\"widget-image-caption wp-caption-text\">Einweihung des neuen Dorfzentrums in Sirupinayur<\/figcaption>\n\t\t\t\t\t\t\t\t\t\t<\/figure>\n\t\t\t\t\t\t\t\t\t<\/div>\n\t\t\t\t<\/div>\n\t\t\t\t\t<\/div>\n\t\t\t\t<\/div>\n\t\t\t\t<\/div>\n\t\t","protected":false},"excerpt":{"rendered":"<p>Kinderunterst\u00fctzung in den Ureinwohner-D\u00f6rfern der Irular Die Volksgruppe der Irular lebte \u00fcber Jahrtausende hinweg in Urw\u00e4ldern und Baumsteppen S\u00fcdindiens in enger Verbundenheit mit der Natur. Ihr Elend begann in der Kolonialzeit. Das Land, auf dem und von dem sie urspr\u00fcnglich lebten, wurde mehr und mehr von Fremden in Anspruch genommen. Nach der Unabh\u00e4ngigkeit lie\u00dfen Holzeinschlag und Bergbau die W\u00e4lder mehr und mehr schrumpfen. 1978 untersagten die Forstverwaltungen ihnen den Zutritt zu ihren Wildnis-Territorien in denen und von denen sie lebten. Heute arbeiten die Irular als ungelernte Hilfskr\u00e4fte in Haushalten, Ziegeleien und Steinbr\u00fcchen. Vom Erl\u00f6s k\u00f6nnen sie nicht existieren. Sie sind unterern\u00e4hrt und krank. Weil der regelm\u00e4\u00dfige Schulbesuch erst allm\u00e4hlich zur Gewohnheit wird, haben sie keine Ausbildungen und es fehlt ihnen jetzt, da sie ihrer angestammten Lebensweise nicht mehr nachgehen k\u00f6nnen, an Verdienstm\u00f6glichkeiten und an ausreichender Ern\u00e4hrung, aber auch an Anerkennung durch die \u00fcbrige Gesellschaft. Wir wollen vermeiden, dass die Kultur der Irular zerst\u00f6rt wird. Wir wollen gemeinsam mit ihnen M\u00f6glichkeiten erkunden, wie sie auf der Grundlage einer guten Ausbildung in eigener Verantwortung ihr Leben selbstst\u00e4ndig gestalten k\u00f6nnen. Dazu geh\u00f6rt, dass sie sich ausk\u00f6mmlich ern\u00e4hren, ihre medizinische Versorgung sichern \u2013 kurzum, dass jeder Einzelne sowohl f\u00fcr sich selbst als auch f\u00fcr seine Gemeinschaft eintreten kann. Die Irular stehen vor der gro\u00dfen Aufgabe zugleich in der ureigenen Welt ihrer traditionellen Kultur und in der Welt des modernen Indiens zu bestehen. Heute arbeiten die Irular als ungelernte Hilfskr\u00e4fte in Haushalten, Ziegeleien und Steinbr\u00fcchen. Vom Erl\u00f6s k\u00f6nnen sie nicht existieren. Sie sind unterern\u00e4hrt und krank. Weil der regelm\u00e4\u00dfige Schulbesuch erst allm\u00e4hlich zur Gewohnheit wird, haben sie keine Ausbildungen und es fehlt ihnen jetzt, da sie ihrer angestammten Lebensweise nicht mehr nachgehen k\u00f6nnen, an Verdienstm\u00f6glichkeiten und an ausreichender Ern\u00e4hrung, aber auch an Anerkennung durch die \u00fcbrige Gesellschaft. Wir wollen vermeiden, dass die Kultur der Irular zerst\u00f6rt wird. Wir wollen gemeinsam mit ihnen M\u00f6glichkeiten erkunden, wie sie auf der Grundlage einer guten Ausbildung in eigener Verantwortung ihr Leben selbstst\u00e4ndig gestalten k\u00f6nnen. Dazu geh\u00f6rt, dass sie sich ausk\u00f6mmlich ern\u00e4hren, ihre medizinische Versorgung sichern \u2013 kurzum, dass jeder Einzelne sowohl f\u00fcr sich selbst als auch f\u00fcr seine Gemeinschaft eintreten kann. Die Irular stehen vor der gro\u00dfen Aufgabe zugleich in der ureigenen Welt ihrer traditionellen Kultur und in der Welt des modernen Indiens zu bestehen. Neues Dorfzentrum SirupinayurDas Dorf Sirupinayur liegt im Kancheepuram Distrikt, Tamil Nadu mit insgesamt 540 Familien, die dort wohnen. 41 davon sind Irular, also indische Urweinwohner, die oftmals noch unterhalb der untersten Kaste angesiedelt sind. Sie leben in einer kleinen H\u00fcttenansammlung etwas entfernt vom Hauptdorf. Die wesentliche Einkommensquelle ist Landarbeit oder Lohnarbeit, wenn die V\u00e4ter \u00fcberhaupt eine Arbeit bekommen. Aktuell betreut Nandri dort 15 Vorschulkinder und 22 Schulkinder. Die Eltern sind alle Analphabeten und haben nie gelernt, ihren Kindern mit Bildung zu einem besseren Leben zu verhelfen. Sie unterst\u00fctzen unsere Arbeit aber sehr gut. Nandri ist mit einer kleinen Behelfsh\u00fctte in 2016 gestartet. Mit Abendessen, Kindergarten und Abendausbildung konnten wir den Zustand der unterern\u00e4hrten Kinder sehr verbessern und die Kinder zum regelm\u00e4\u00dfigen Schulbesuch anleiten. Auch viele Frauen engagieren sich mit dem Erlernen von Hand- und N\u00e4harbeiten und k\u00f6nnen sich so ein kleines Zubrot verdienen. Da die alte H\u00fctte zu klein wurde und bei h\u00e4ufig vorkommenden \u00dcberflutungen auch keinen ausreichenden Schutz bot, haben wir ein neues Dorfzentrum errichtet. Dieses wurde im August 2021 mit Online-Teilnahme einiger Sponsoren er\u00f6ffnet! Einweihung des neuen Dorfzentrums in Sirupinayur<\/p>","protected":false},"author":1,"featured_media":0,"parent":0,"menu_order":0,"comment_status":"closed","ping_status":"closed","template":"","meta":{"footnotes":""},"class_list":["post-829","page","type-page","status-publish","hentry"],"_links":{"self":[{"href":"https:\/\/nandrikinderhilfe.de\/en\/wp-json\/wp\/v2\/pages\/829","targetHints":{"allow":["GET"]}}],"collection":[{"href":"https:\/\/nandrikinderhilfe.de\/en\/wp-json\/wp\/v2\/pages"}],"about":[{"href":"https:\/\/nandrikinderhilfe.de\/en\/wp-json\/wp\/v2\/types\/page"}],"author":[{"embeddable":true,"href":"https:\/\/nandrikinderhilfe.de\/en\/wp-json\/wp\/v2\/users\/1"}],"replies":[{"embeddable":true,"href":"https:\/\/nandrikinderhilfe.de\/en\/wp-json\/wp\/v2\/comments?post=829"}],"version-history":[{"count":61,"href":"https:\/\/nandrikinderhilfe.de\/en\/wp-json\/wp\/v2\/pages\/829\/revisions"}],"predecessor-version":[{"id":3442,"href":"https:\/\/nandrikinderhilfe.de\/en\/wp-json\/wp\/v2\/pages\/829\/revisions\/3442"}],"wp:attachment":[{"href":"https:\/\/nandrikinderhilfe.de\/en\/wp-json\/wp\/v2\/media?parent=829"}],"curies":[{"name":"wp","href":"https:\/\/api.w.org\/{rel}","templated":true}]}}