{"id":880,"date":"2024-09-10T13:20:59","date_gmt":"2024-09-10T13:20:59","guid":{"rendered":"https:\/\/test.nandrikinderhilfe.de\/?page_id=880"},"modified":"2025-04-07T16:26:03","modified_gmt":"2025-04-07T16:26:03","slug":"frauenhaus","status":"publish","type":"page","link":"https:\/\/nandrikinderhilfe.de\/en\/frauenhaus\/","title":{"rendered":"Frauenhaus"},"content":{"rendered":"\t\t<div data-elementor-type=\"wp-page\" data-elementor-id=\"880\" class=\"elementor elementor-880\">\n\t\t\t\t<div class=\"elementor-element elementor-element-d5cfde3 e-flex e-con-boxed wpr-particle-no wpr-jarallax-no wpr-parallax-no wpr-sticky-section-no e-con e-parent\" data-id=\"d5cfde3\" data-element_type=\"container\" data-e-type=\"container\" data-settings=\"{&quot;background_background&quot;:&quot;slideshow&quot;,&quot;background_slideshow_gallery&quot;:[{&quot;id&quot;:791,&quot;url&quot;:&quot;https:\\\/\\\/test.nandrikinderhilfe.de\\\/wp-content\\\/uploads\\\/2024\\\/09\\\/img_44481.jpg&quot;}],&quot;background_slideshow_ken_burns&quot;:&quot;yes&quot;,&quot;background_slideshow_loop&quot;:&quot;yes&quot;,&quot;background_slideshow_slide_duration&quot;:5000,&quot;background_slideshow_slide_transition&quot;:&quot;fade&quot;,&quot;background_slideshow_transition_duration&quot;:500,&quot;background_slideshow_ken_burns_zoom_direction&quot;:&quot;in&quot;}\">\n\t\t\t\t\t<div class=\"e-con-inner\">\n\t\t\t\t\t<\/div>\n\t\t\t\t<\/div>\n\t\t<div class=\"elementor-element elementor-element-4c3cac6b e-flex e-con-boxed wpr-particle-no wpr-jarallax-no wpr-parallax-no wpr-sticky-section-no e-con e-parent\" data-id=\"4c3cac6b\" data-element_type=\"container\" data-e-type=\"container\">\n\t\t\t\t\t<div class=\"e-con-inner\">\n\t\t<div class=\"elementor-element elementor-element-38737bf9 e-con-full e-flex wpr-particle-no wpr-jarallax-no wpr-parallax-no wpr-sticky-section-no e-con e-child\" data-id=\"38737bf9\" data-element_type=\"container\" data-e-type=\"container\">\n\t\t\t\t<div class=\"elementor-element elementor-element-4fa4a666 elementor-widget elementor-widget-heading\" data-id=\"4fa4a666\" data-element_type=\"widget\" data-e-type=\"widget\" data-widget_type=\"heading.default\">\n\t\t\t\t<div class=\"elementor-widget-container\">\n\t\t\t\t\t<h2 class=\"elementor-heading-title elementor-size-default\">\"Shelter of Safety\"<br>\nEin ganz besonderes Heim f\u00fcr Frauen<\/h2>\t\t\t\t<\/div>\n\t\t\t\t<\/div>\n\t\t\t\t<div class=\"elementor-element elementor-element-a697547 elementor-widget-divider--view-line elementor-widget elementor-widget-divider\" data-id=\"a697547\" data-element_type=\"widget\" data-e-type=\"widget\" data-widget_type=\"divider.default\">\n\t\t\t\t<div class=\"elementor-widget-container\">\n\t\t\t\t\t\t\t<div class=\"elementor-divider\">\n\t\t\t<span class=\"elementor-divider-separator\">\n\t\t\t\t\t\t<\/span>\n\t\t<\/div>\n\t\t\t\t\t\t<\/div>\n\t\t\t\t<\/div>\n\t\t\t\t<\/div>\n\t\t\t\t\t<\/div>\n\t\t\t\t<\/div>\n\t\t<div class=\"elementor-element elementor-element-37eaeb5 e-flex e-con-boxed wpr-particle-no wpr-jarallax-no wpr-parallax-no wpr-sticky-section-no e-con e-parent\" data-id=\"37eaeb5\" data-element_type=\"container\" data-e-type=\"container\">\n\t\t\t\t\t<div class=\"e-con-inner\">\n\t\t<div class=\"elementor-element elementor-element-9b1f4b2 e-con-full e-flex wpr-particle-no wpr-jarallax-no wpr-parallax-no wpr-sticky-section-no e-con e-child\" data-id=\"9b1f4b2\" data-element_type=\"container\" data-e-type=\"container\">\n\t\t\t\t<div class=\"elementor-element elementor-element-5f3347d elementor-widget elementor-widget-text-editor\" data-id=\"5f3347d\" data-element_type=\"widget\" data-e-type=\"widget\" data-widget_type=\"text-editor.default\">\n\t\t\t\t<div class=\"elementor-widget-container\">\n\t\t\t\t\t\t\t\t\t<p>In der stark patriarchisch gepr\u00e4gten indischen Gesellschaft bekommen Frauen und ihre Kinder in dr\u00e4ngender Not kaum Hilfe. Besonders dann nicht, wenn sich durch widrige Lebensumst\u00e4nde Frauen nicht mehr in der \u201enormalen\u201c beh\u00fcteten Umgebung eines Ehemanns und dessen Familie befinden. Dies kann durch h\u00e4usliche Gewalt, sexuellen Missbrauch, Krankheiten wie HIV oder auch Behinderungen passieren. <strong>Diese Frauen fallen durch jedes soziale Netz und somit auch ihre Kinder.<\/strong><\/p><p>Wir haben nun eine Sozialarbeiterin kennen gelernt, die sich seit mehr als sechs Jahren diesen Frauen und ihren Kindern annimmt, nachdem sie bereits seit 1990 Sozialarbeit f\u00fcr die \u00c4rmsten der Armen in Indien erbringt. Sie hei\u00dft Glory und finanziert ihre Arbeit bislang ausschlie\u00dflich durch lokale Geld- und Sachspenden. Ihr Wirkungsschwerpunkt liegt \u2013 wie auch die anderen Nandri Projekt \u2013 in Tamil Nadu, allerdings an anderer Stelle, n\u00e4mlich Madurai, ca. 450 km s\u00fcdlich von Chennai.<\/p>\t\t\t\t\t\t\t\t<\/div>\n\t\t\t\t<\/div>\n\t\t\t\t<\/div>\n\t\t\t\t\t<\/div>\n\t\t\t\t<\/div>\n\t\t<div class=\"elementor-element elementor-element-d0ccc7b e-flex e-con-boxed wpr-particle-no wpr-jarallax-no wpr-parallax-no wpr-sticky-section-no e-con e-parent\" data-id=\"d0ccc7b\" data-element_type=\"container\" data-e-type=\"container\">\n\t\t\t\t\t<div class=\"e-con-inner\">\n\t\t<div class=\"elementor-element elementor-element-1d676b0 e-con-full e-flex wpr-particle-no wpr-jarallax-no wpr-parallax-no wpr-sticky-section-no e-con e-child\" data-id=\"1d676b0\" data-element_type=\"container\" data-e-type=\"container\">\n\t\t\t\t<div class=\"elementor-element elementor-element-c0e5542 elementor-widget elementor-widget-text-editor\" data-id=\"c0e5542\" data-element_type=\"widget\" data-e-type=\"widget\" data-widget_type=\"text-editor.default\">\n\t\t\t\t<div class=\"elementor-widget-container\">\n\t\t\t\t\t\t\t\t\t<p>Es geht konkret um zwei Projekte:<\/p>\t\t\t\t\t\t\t\t<\/div>\n\t\t\t\t<\/div>\n\t\t\t\t<div class=\"elementor-element elementor-element-ea57276 elementor-widget elementor-widget-text-editor\" data-id=\"ea57276\" data-element_type=\"widget\" data-e-type=\"widget\" data-widget_type=\"text-editor.default\">\n\t\t\t\t<div class=\"elementor-widget-container\">\n\t\t\t\t\t\t\t\t\t<ul><li>\u201eShelter of Safety Home\u201c<\/li><li>die Dorfzentren f\u00fcr die Unterst\u00fctzung bed\u00fcrftiger Kinder im Hinterland.<\/li><\/ul>\t\t\t\t\t\t\t\t<\/div>\n\t\t\t\t<\/div>\n\t\t\t\t<\/div>\n\t\t<div class=\"elementor-element elementor-element-03a0978 e-con-full e-flex wpr-particle-no wpr-jarallax-no wpr-parallax-no wpr-sticky-section-no e-con e-child\" data-id=\"03a0978\" data-element_type=\"container\" data-e-type=\"container\">\n\t\t\t\t<div class=\"elementor-element elementor-element-c5ff852 elementor-widget elementor-widget-text-editor\" data-id=\"c5ff852\" data-element_type=\"widget\" data-e-type=\"widget\" data-widget_type=\"text-editor.default\">\n\t\t\t\t<div class=\"elementor-widget-container\">\n\t\t\t\t\t\t\t\t\t<p>Das \u201eShelter of Safety Home\u201c befindet sich ca. 30 km au\u00dferhalb von Madurai, wo die Luft sauber ist. Es besteht aus einem gro\u00dfen Schlafraum f\u00fcr ca. 50 Frauen und deren Kinder. Es hat eine offene K\u00fcche und umfasst ca. 3.000 qm Land, auf dem Gem\u00fcse und Obst angebaut werden kann. Auch einige Nutztiere werden dort gehalten. Gekocht wird drau\u00dfen und auch die gemeinsamen Aktivit\u00e4ten finden bislang unter einem Stoffdach statt.<\/p>\t\t\t\t\t\t\t\t<\/div>\n\t\t\t\t<\/div>\n\t\t\t\t<\/div>\n\t\t\t\t\t<\/div>\n\t\t\t\t<\/div>\n\t\t<div class=\"elementor-element elementor-element-af33187 e-flex e-con-boxed wpr-particle-no wpr-jarallax-no wpr-parallax-no wpr-sticky-section-no e-con e-parent\" data-id=\"af33187\" data-element_type=\"container\" data-e-type=\"container\">\n\t\t\t\t\t<div class=\"e-con-inner\">\n\t\t<div class=\"elementor-element elementor-element-7e4ffc6 e-con-full e-flex wpr-particle-no wpr-jarallax-no wpr-parallax-no wpr-sticky-section-no e-con e-child\" data-id=\"7e4ffc6\" data-element_type=\"container\" data-e-type=\"container\">\n\t\t\t\t<div class=\"elementor-element elementor-element-c6355f7 elementor-widget elementor-widget-image\" data-id=\"c6355f7\" data-element_type=\"widget\" data-e-type=\"widget\" data-widget_type=\"image.default\">\n\t\t\t\t<div class=\"elementor-widget-container\">\n\t\t\t\t\t\t\t\t\t\t\t\t<figure class=\"wp-caption\">\n\t\t\t\t\t\t\t\t\t\t<img fetchpriority=\"high\" decoding=\"async\" width=\"1140\" height=\"862\" src=\"https:\/\/nandrikinderhilfe.de\/wp-content\/uploads\/2024\/09\/Shelter-of-Safety.jpg\" class=\"attachment-full size-full wp-image-886\" alt=\"\" srcset=\"https:\/\/nandrikinderhilfe.de\/wp-content\/uploads\/2024\/09\/Shelter-of-Safety.jpg 1140w, https:\/\/nandrikinderhilfe.de\/wp-content\/uploads\/2024\/09\/Shelter-of-Safety-300x227.jpg 300w, https:\/\/nandrikinderhilfe.de\/wp-content\/uploads\/2024\/09\/Shelter-of-Safety-1024x774.jpg 1024w, https:\/\/nandrikinderhilfe.de\/wp-content\/uploads\/2024\/09\/Shelter-of-Safety-768x581.jpg 768w, https:\/\/nandrikinderhilfe.de\/wp-content\/uploads\/2024\/09\/Shelter-of-Safety-16x12.jpg 16w\" sizes=\"(max-width: 1140px) 100vw, 1140px\" \/>\t\t\t\t\t\t\t\t\t\t\t<figcaption class=\"widget-image-caption wp-caption-text\">Eindr\u00fccke vom \u201eShelter of Safety Home\u201c f\u00fcr Frauen und Kinder<\/figcaption>\n\t\t\t\t\t\t\t\t\t\t<\/figure>\n\t\t\t\t\t\t\t\t\t<\/div>\n\t\t\t\t<\/div>\n\t\t\t\t<\/div>\n\t\t\t\t\t<\/div>\n\t\t\t\t<\/div>\n\t\t<div class=\"elementor-element elementor-element-071feb3 e-flex e-con-boxed wpr-particle-no wpr-jarallax-no wpr-parallax-no wpr-sticky-section-no e-con e-parent\" data-id=\"071feb3\" data-element_type=\"container\" data-e-type=\"container\">\n\t\t\t\t\t<div class=\"e-con-inner\">\n\t\t<div class=\"elementor-element elementor-element-8ff5a7a e-con-full e-flex wpr-particle-no wpr-jarallax-no wpr-parallax-no wpr-sticky-section-no e-con e-child\" data-id=\"8ff5a7a\" data-element_type=\"container\" data-e-type=\"container\">\n\t\t\t\t<div class=\"elementor-element elementor-element-52868d9 elementor-widget elementor-widget-text-editor\" data-id=\"52868d9\" data-element_type=\"widget\" data-e-type=\"widget\" data-widget_type=\"text-editor.default\">\n\t\t\t\t<div class=\"elementor-widget-container\">\n\t\t\t\t\t\t\t\t\t<p>Die teilweise behinderten und stark beeintr\u00e4chtigten Frauen und ihre Kinder werden mit Grundnahrungsmitteln versorgt und angeleitet, sich mehr und mehr selbst zu versorgen. Es findet eine d<strong>auerhafte medizinische Betreuung<\/strong> durch einen Arzt statt und nat\u00fcrlich stehen ein Wachmann, ein Koch und eine Schwester zur Verf\u00fcgung. Mit Unterst\u00fctzung von Nandri wollen wir einen weiteren Raum f\u00fcr Gemeinschaftsaktivit\u00e4ten und einen fehlenden Sanit\u00e4tsraum errichten. Weiterhin \u00fcbernimmt Nandri zun\u00e4chst <strong>50% der laufenden Kosten<\/strong> f\u00fcr den Unterhalt des Shelter of Safety Home, der Rest wird durch Spenden der Bev\u00f6lkerung in Indien erbracht.<\/p><p>Nandri hat sich der Hilfe zur Selbsthilfe f\u00fcr Kinder und Familien verschrieben, die so den Weg in ein selbstbestimmtes Leben finden k\u00f6nnen. Dies geht oftmals besonders gut \u00fcber Frauen und M\u00fctter, die die Notwendigkeit daf\u00fcr erkennen und sich daf\u00fcr einsetzen.<\/p><p>Die <strong>Dorfzentren<\/strong> sind sehr \u00e4hnlich zu dem sehr erfolgreichen Konzept der Dorfzentren f\u00fcr die Ureinwohner-Kinder rund um Chennai, die wir seit vielen Jahren finanzieren: Wir mieten einen Raum an, stellen dort Lehrer und K\u00f6che an, die den Kindern gesunde Nahrung und regelm\u00e4\u00dfige Unterst\u00fctzung nach der Schule geben. Nat\u00fcrlich geh\u00f6rt dazu auch die Anleitung zum Z\u00e4hneputzen, dem Anlegen von Covid19-Schutzmasken und vielem mehr. Dies findet weit weg von der gro\u00dfen Stadt Madurai statt. F\u00fcr ein Kind ben\u00f6tigen wir etwa 1 \u20ac pro Tag, um dies zu finanzieren. Wir werden dadurch ca. 25-30 Kinder und Familien pro Dorfzentrum erreichen.<\/p>\t\t\t\t\t\t\t\t<\/div>\n\t\t\t\t<\/div>\n\t\t\t\t<\/div>\n\t\t\t\t\t<\/div>\n\t\t\t\t<\/div>\n\t\t<div class=\"elementor-element elementor-element-a6b100f e-flex e-con-boxed wpr-particle-no wpr-jarallax-no wpr-parallax-no wpr-sticky-section-no e-con e-parent\" data-id=\"a6b100f\" data-element_type=\"container\" data-e-type=\"container\">\n\t\t\t\t\t<div class=\"e-con-inner\">\n\t\t\t\t<div class=\"elementor-element elementor-element-e7cc086 elementor-widget elementor-widget-image\" data-id=\"e7cc086\" data-element_type=\"widget\" data-e-type=\"widget\" data-widget_type=\"image.default\">\n\t\t\t\t<div class=\"elementor-widget-container\">\n\t\t\t\t\t\t\t\t\t\t\t\t<figure class=\"wp-caption\">\n\t\t\t\t\t\t\t\t\t\t<img decoding=\"async\" width=\"1140\" height=\"860\" src=\"https:\/\/nandrikinderhilfe.de\/wp-content\/uploads\/2024\/09\/Kinder-in-den-geplanten-Dorf-Projekten.jpg\" class=\"attachment-full size-full wp-image-887\" alt=\"\" srcset=\"https:\/\/nandrikinderhilfe.de\/wp-content\/uploads\/2024\/09\/Kinder-in-den-geplanten-Dorf-Projekten.jpg 1140w, https:\/\/nandrikinderhilfe.de\/wp-content\/uploads\/2024\/09\/Kinder-in-den-geplanten-Dorf-Projekten-300x226.jpg 300w, https:\/\/nandrikinderhilfe.de\/wp-content\/uploads\/2024\/09\/Kinder-in-den-geplanten-Dorf-Projekten-1024x772.jpg 1024w, https:\/\/nandrikinderhilfe.de\/wp-content\/uploads\/2024\/09\/Kinder-in-den-geplanten-Dorf-Projekten-768x579.jpg 768w, https:\/\/nandrikinderhilfe.de\/wp-content\/uploads\/2024\/09\/Kinder-in-den-geplanten-Dorf-Projekten-16x12.jpg 16w\" sizes=\"(max-width: 1140px) 100vw, 1140px\" \/>\t\t\t\t\t\t\t\t\t\t\t<figcaption class=\"widget-image-caption wp-caption-text\">Kinder in den geplanten Dorf-Projekten<\/figcaption>\n\t\t\t\t\t\t\t\t\t\t<\/figure>\n\t\t\t\t\t\t\t\t\t<\/div>\n\t\t\t\t<\/div>\n\t\t\t\t\t<\/div>\n\t\t\t\t<\/div>\n\t\t<div class=\"elementor-element elementor-element-b23dbde e-flex e-con-boxed wpr-particle-no wpr-jarallax-no wpr-parallax-no wpr-sticky-section-no e-con e-parent\" data-id=\"b23dbde\" data-element_type=\"container\" data-e-type=\"container\">\n\t\t\t\t\t<div class=\"e-con-inner\">\n\t\t<div class=\"elementor-element elementor-element-568a648 e-con-full e-flex wpr-particle-no wpr-jarallax-no wpr-parallax-no wpr-sticky-section-no e-con e-child\" data-id=\"568a648\" data-element_type=\"container\" data-e-type=\"container\">\n\t\t\t\t<div class=\"elementor-element elementor-element-aa08fb7 elementor-widget elementor-widget-text-editor\" data-id=\"aa08fb7\" data-element_type=\"widget\" data-e-type=\"widget\" data-widget_type=\"text-editor.default\">\n\t\t\t\t<div class=\"elementor-widget-container\">\n\t\t\t\t\t\t\t\t\t<p>Wir als Nandri-Vorstand sind von diesen Projekten \u00fcberzeugt, auch weil die verantwortliche Sozialarbeiterin Glory jahrzehntelange Erfahrung in selbstloser sozialer Arbeit mitbringt. Glory ist uns von unserer langj\u00e4hrigen Sozialarbeiterin Francis empfohlen worden (Francis betreut u.a. die Nandri-Dorfzentren bei Chennai seit vielen Jahren).<\/p>\t\t\t\t\t\t\t\t<\/div>\n\t\t\t\t<\/div>\n\t\t\t\t<\/div>\n\t\t\t\t\t<\/div>\n\t\t\t\t<\/div>\n\t\t\t\t<\/div>\n\t\t","protected":false},"excerpt":{"rendered":"<p>&#8222;Shelter of Safety&#8220; Ein ganz besonderes Heim f\u00fcr Frauen In der stark patriarchisch gepr\u00e4gten indischen Gesellschaft bekommen Frauen und ihre Kinder in dr\u00e4ngender Not kaum Hilfe. Besonders dann nicht, wenn sich durch widrige Lebensumst\u00e4nde Frauen nicht mehr in der \u201enormalen\u201c beh\u00fcteten Umgebung eines Ehemanns und dessen Familie befinden. Dies kann durch h\u00e4usliche Gewalt, sexuellen Missbrauch, Krankheiten wie HIV oder auch Behinderungen passieren. Diese Frauen fallen durch jedes soziale Netz und somit auch ihre Kinder. Wir haben nun eine Sozialarbeiterin kennen gelernt, die sich seit mehr als sechs Jahren diesen Frauen und ihren Kindern annimmt, nachdem sie bereits seit 1990 Sozialarbeit f\u00fcr die \u00c4rmsten der Armen in Indien erbringt. Sie hei\u00dft Glory und finanziert ihre Arbeit bislang ausschlie\u00dflich durch lokale Geld- und Sachspenden. Ihr Wirkungsschwerpunkt liegt \u2013 wie auch die anderen Nandri Projekt \u2013 in Tamil Nadu, allerdings an anderer Stelle, n\u00e4mlich Madurai, ca. 450 km s\u00fcdlich von Chennai. Es geht konkret um zwei Projekte: \u201eShelter of Safety Home\u201c die Dorfzentren f\u00fcr die Unterst\u00fctzung bed\u00fcrftiger Kinder im Hinterland. Das \u201eShelter of Safety Home\u201c befindet sich ca. 30 km au\u00dferhalb von Madurai, wo die Luft sauber ist. Es besteht aus einem gro\u00dfen Schlafraum f\u00fcr ca. 50 Frauen und deren Kinder. Es hat eine offene K\u00fcche und umfasst ca. 3.000 qm Land, auf dem Gem\u00fcse und Obst angebaut werden kann. Auch einige Nutztiere werden dort gehalten. Gekocht wird drau\u00dfen und auch die gemeinsamen Aktivit\u00e4ten finden bislang unter einem Stoffdach statt. Eindr\u00fccke vom \u201eShelter of Safety Home\u201c f\u00fcr Frauen und Kinder Die teilweise behinderten und stark beeintr\u00e4chtigten Frauen und ihre Kinder werden mit Grundnahrungsmitteln versorgt und angeleitet, sich mehr und mehr selbst zu versorgen. Es findet eine dauerhafte medizinische Betreuung durch einen Arzt statt und nat\u00fcrlich stehen ein Wachmann, ein Koch und eine Schwester zur Verf\u00fcgung. Mit Unterst\u00fctzung von Nandri wollen wir einen weiteren Raum f\u00fcr Gemeinschaftsaktivit\u00e4ten und einen fehlenden Sanit\u00e4tsraum errichten. Weiterhin \u00fcbernimmt Nandri zun\u00e4chst 50% der laufenden Kosten f\u00fcr den Unterhalt des Shelter of Safety Home, der Rest wird durch Spenden der Bev\u00f6lkerung in Indien erbracht. Nandri hat sich der Hilfe zur Selbsthilfe f\u00fcr Kinder und Familien verschrieben, die so den Weg in ein selbstbestimmtes Leben finden k\u00f6nnen. Dies geht oftmals besonders gut \u00fcber Frauen und M\u00fctter, die die Notwendigkeit daf\u00fcr erkennen und sich daf\u00fcr einsetzen. Die Dorfzentren sind sehr \u00e4hnlich zu dem sehr erfolgreichen Konzept der Dorfzentren f\u00fcr die Ureinwohner-Kinder rund um Chennai, die wir seit vielen Jahren finanzieren: Wir mieten einen Raum an, stellen dort Lehrer und K\u00f6che an, die den Kindern gesunde Nahrung und regelm\u00e4\u00dfige Unterst\u00fctzung nach der Schule geben. Nat\u00fcrlich geh\u00f6rt dazu auch die Anleitung zum Z\u00e4hneputzen, dem Anlegen von Covid19-Schutzmasken und vielem mehr. Dies findet weit weg von der gro\u00dfen Stadt Madurai statt. F\u00fcr ein Kind ben\u00f6tigen wir etwa 1 \u20ac pro Tag, um dies zu finanzieren. Wir werden dadurch ca. 25-30 Kinder und Familien pro Dorfzentrum erreichen. Kinder in den geplanten Dorf-Projekten Wir als Nandri-Vorstand sind von diesen Projekten \u00fcberzeugt, auch weil die verantwortliche Sozialarbeiterin Glory jahrzehntelange Erfahrung in selbstloser sozialer Arbeit mitbringt. Glory ist uns von unserer langj\u00e4hrigen Sozialarbeiterin Francis empfohlen worden (Francis betreut u.a. die Nandri-Dorfzentren bei Chennai seit vielen Jahren).<\/p>","protected":false},"author":1,"featured_media":0,"parent":0,"menu_order":0,"comment_status":"closed","ping_status":"closed","template":"","meta":{"footnotes":""},"class_list":["post-880","page","type-page","status-publish","hentry"],"_links":{"self":[{"href":"https:\/\/nandrikinderhilfe.de\/en\/wp-json\/wp\/v2\/pages\/880","targetHints":{"allow":["GET"]}}],"collection":[{"href":"https:\/\/nandrikinderhilfe.de\/en\/wp-json\/wp\/v2\/pages"}],"about":[{"href":"https:\/\/nandrikinderhilfe.de\/en\/wp-json\/wp\/v2\/types\/page"}],"author":[{"embeddable":true,"href":"https:\/\/nandrikinderhilfe.de\/en\/wp-json\/wp\/v2\/users\/1"}],"replies":[{"embeddable":true,"href":"https:\/\/nandrikinderhilfe.de\/en\/wp-json\/wp\/v2\/comments?post=880"}],"version-history":[{"count":37,"href":"https:\/\/nandrikinderhilfe.de\/en\/wp-json\/wp\/v2\/pages\/880\/revisions"}],"predecessor-version":[{"id":3454,"href":"https:\/\/nandrikinderhilfe.de\/en\/wp-json\/wp\/v2\/pages\/880\/revisions\/3454"}],"wp:attachment":[{"href":"https:\/\/nandrikinderhilfe.de\/en\/wp-json\/wp\/v2\/media?parent=880"}],"curies":[{"name":"wp","href":"https:\/\/api.w.org\/{rel}","templated":true}]}}