{"id":909,"date":"2024-09-10T13:29:44","date_gmt":"2024-09-10T13:29:44","guid":{"rendered":"https:\/\/test.nandrikinderhilfe.de\/?page_id=909"},"modified":"2025-04-07T16:27:45","modified_gmt":"2025-04-07T16:27:45","slug":"ausbildungsinstitut","status":"publish","type":"page","link":"https:\/\/nandrikinderhilfe.de\/en\/ausbildungsinstitut\/","title":{"rendered":"Ausbildungsinstitut"},"content":{"rendered":"\t\t<div data-elementor-type=\"wp-page\" data-elementor-id=\"909\" class=\"elementor elementor-909\">\n\t\t\t\t<div class=\"elementor-element elementor-element-d5cfde3 e-flex e-con-boxed wpr-particle-no wpr-jarallax-no wpr-parallax-no wpr-sticky-section-no e-con e-parent\" data-id=\"d5cfde3\" data-element_type=\"container\" data-e-type=\"container\" data-settings=\"{&quot;background_background&quot;:&quot;slideshow&quot;,&quot;background_slideshow_gallery&quot;:[{&quot;id&quot;:912,&quot;url&quot;:&quot;https:\\\/\\\/test.nandrikinderhilfe.de\\\/wp-content\\\/uploads\\\/2024\\\/09\\\/Ausbildungsinstitut_Header_web.jpg&quot;}],&quot;background_slideshow_ken_burns&quot;:&quot;yes&quot;,&quot;background_slideshow_loop&quot;:&quot;yes&quot;,&quot;background_slideshow_slide_duration&quot;:5000,&quot;background_slideshow_slide_transition&quot;:&quot;fade&quot;,&quot;background_slideshow_transition_duration&quot;:500,&quot;background_slideshow_ken_burns_zoom_direction&quot;:&quot;in&quot;}\">\n\t\t\t\t\t<div class=\"e-con-inner\">\n\t\t\t\t\t<\/div>\n\t\t\t\t<\/div>\n\t\t<div class=\"elementor-element elementor-element-4c3cac6b e-flex e-con-boxed wpr-particle-no wpr-jarallax-no wpr-parallax-no wpr-sticky-section-no e-con e-parent\" data-id=\"4c3cac6b\" data-element_type=\"container\" data-e-type=\"container\">\n\t\t\t\t\t<div class=\"e-con-inner\">\n\t\t<div class=\"elementor-element elementor-element-38737bf9 e-con-full e-flex wpr-particle-no wpr-jarallax-no wpr-parallax-no wpr-sticky-section-no e-con e-child\" data-id=\"38737bf9\" data-element_type=\"container\" data-e-type=\"container\">\n\t\t\t\t<div class=\"elementor-element elementor-element-4fa4a666 elementor-widget elementor-widget-heading\" data-id=\"4fa4a666\" data-element_type=\"widget\" data-e-type=\"widget\" data-widget_type=\"heading.default\">\n\t\t\t\t<div class=\"elementor-widget-container\">\n\t\t\t\t\t<h2 class=\"elementor-heading-title elementor-size-default\">Nandri Ausbildungsinstitut<\/h2>\t\t\t\t<\/div>\n\t\t\t\t<\/div>\n\t\t\t\t<div class=\"elementor-element elementor-element-a697547 elementor-widget-divider--view-line elementor-widget elementor-widget-divider\" data-id=\"a697547\" data-element_type=\"widget\" data-e-type=\"widget\" data-widget_type=\"divider.default\">\n\t\t\t\t<div class=\"elementor-widget-container\">\n\t\t\t\t\t\t\t<div class=\"elementor-divider\">\n\t\t\t<span class=\"elementor-divider-separator\">\n\t\t\t\t\t\t<\/span>\n\t\t<\/div>\n\t\t\t\t\t\t<\/div>\n\t\t\t\t<\/div>\n\t\t\t\t<\/div>\n\t\t\t\t\t<\/div>\n\t\t\t\t<\/div>\n\t\t<div class=\"elementor-element elementor-element-37eaeb5 e-flex e-con-boxed wpr-particle-no wpr-jarallax-no wpr-parallax-no wpr-sticky-section-no e-con e-parent\" data-id=\"37eaeb5\" data-element_type=\"container\" data-e-type=\"container\">\n\t\t\t\t\t<div class=\"e-con-inner\">\n\t\t<div class=\"elementor-element elementor-element-9b1f4b2 e-con-full e-flex wpr-particle-no wpr-jarallax-no wpr-parallax-no wpr-sticky-section-no e-con e-child\" data-id=\"9b1f4b2\" data-element_type=\"container\" data-e-type=\"container\">\n\t\t\t\t<div class=\"elementor-element elementor-element-fc564db elementor-widget elementor-widget-heading\" data-id=\"fc564db\" data-element_type=\"widget\" data-e-type=\"widget\" data-widget_type=\"heading.default\">\n\t\t\t\t<div class=\"elementor-widget-container\">\n\t\t\t\t\t<h2 class=\"elementor-heading-title elementor-size-default\">Durch Ausbildung der Frauen zu besserer Bildung der Kinder \u2013 neues Ausbildungsinstitut er\u00f6ffnet<\/h2>\t\t\t\t<\/div>\n\t\t\t\t<\/div>\n\t\t\t\t<div class=\"elementor-element elementor-element-5f3347d elementor-widget elementor-widget-text-editor\" data-id=\"5f3347d\" data-element_type=\"widget\" data-e-type=\"widget\" data-widget_type=\"text-editor.default\">\n\t\t\t\t<div class=\"elementor-widget-container\">\n\t\t\t\t\t\t\t\t\t<p>Das j\u00fcngste Projekt von Nandri setzt auf die Verbesserung der Einkommenssituation der Frauen und M\u00fctter. Wir haben die Erfahrung gemacht, dass diese \u00fcberzeugt sind, dass es ihren Kindern und Familien durch eine gute Schulbildung dauerhaft besser gehen wird. Daher finden wir in ihnen zuverl\u00e4ssige Unterst\u00fctzer der Philosophie von Nandri.<\/p><p>Wir bilden Frauen \u00fcber einen Zeitraum von 3-6 Monaten zu Schneiderinnen aus. Damit k\u00f6nnen sie f\u00fcr sich und ihre Kinder Geld verdienen, denn das Schneidern von Kleidern in Indien hat trotz Industrialisierung weiterhin eine hohe Nachfrage.<\/p><p><strong>Das Projekt wurde vollst\u00e4ndig von Nandri finanziert und die ersten N\u00e4herinnen haben ihren Kurs im Mai 2018 begonnen.<\/strong><\/p>\t\t\t\t\t\t\t\t<\/div>\n\t\t\t\t<\/div>\n\t\t\t\t<\/div>\n\t\t\t\t\t<\/div>\n\t\t\t\t<\/div>\n\t\t\t\t<\/div>\n\t\t","protected":false},"excerpt":{"rendered":"<p>Nandri Ausbildungsinstitut Durch Ausbildung der Frauen zu besserer Bildung der Kinder \u2013 neues Ausbildungsinstitut er\u00f6ffnet Das j\u00fcngste Projekt von Nandri setzt auf die Verbesserung der Einkommenssituation der Frauen und M\u00fctter. Wir haben die Erfahrung gemacht, dass diese \u00fcberzeugt sind, dass es ihren Kindern und Familien durch eine gute Schulbildung dauerhaft besser gehen wird. Daher finden wir in ihnen zuverl\u00e4ssige Unterst\u00fctzer der Philosophie von Nandri. Wir bilden Frauen \u00fcber einen Zeitraum von 3-6 Monaten zu Schneiderinnen aus. Damit k\u00f6nnen sie f\u00fcr sich und ihre Kinder Geld verdienen, denn das Schneidern von Kleidern in Indien hat trotz Industrialisierung weiterhin eine hohe Nachfrage. Das Projekt wurde vollst\u00e4ndig von Nandri finanziert und die ersten N\u00e4herinnen haben ihren Kurs im Mai 2018 begonnen.<\/p>","protected":false},"author":1,"featured_media":0,"parent":0,"menu_order":0,"comment_status":"closed","ping_status":"closed","template":"","meta":{"footnotes":""},"class_list":["post-909","page","type-page","status-publish","hentry"],"_links":{"self":[{"href":"https:\/\/nandrikinderhilfe.de\/en\/wp-json\/wp\/v2\/pages\/909","targetHints":{"allow":["GET"]}}],"collection":[{"href":"https:\/\/nandrikinderhilfe.de\/en\/wp-json\/wp\/v2\/pages"}],"about":[{"href":"https:\/\/nandrikinderhilfe.de\/en\/wp-json\/wp\/v2\/types\/page"}],"author":[{"embeddable":true,"href":"https:\/\/nandrikinderhilfe.de\/en\/wp-json\/wp\/v2\/users\/1"}],"replies":[{"embeddable":true,"href":"https:\/\/nandrikinderhilfe.de\/en\/wp-json\/wp\/v2\/comments?post=909"}],"version-history":[{"count":16,"href":"https:\/\/nandrikinderhilfe.de\/en\/wp-json\/wp\/v2\/pages\/909\/revisions"}],"predecessor-version":[{"id":3460,"href":"https:\/\/nandrikinderhilfe.de\/en\/wp-json\/wp\/v2\/pages\/909\/revisions\/3460"}],"wp:attachment":[{"href":"https:\/\/nandrikinderhilfe.de\/en\/wp-json\/wp\/v2\/media?parent=909"}],"curies":[{"name":"wp","href":"https:\/\/api.w.org\/{rel}","templated":true}]}}