{"id":989,"date":"2024-09-10T14:30:21","date_gmt":"2024-09-10T14:30:21","guid":{"rendered":"https:\/\/test.nandrikinderhilfe.de\/?page_id=989"},"modified":"2025-04-10T09:35:04","modified_gmt":"2025-04-10T09:35:04","slug":"mitgliedschaft","status":"publish","type":"page","link":"https:\/\/nandrikinderhilfe.de\/en\/mitgliedschaft\/","title":{"rendered":"Mitgliedschaft"},"content":{"rendered":"\t\t<div data-elementor-type=\"wp-page\" data-elementor-id=\"989\" class=\"elementor elementor-989\">\n\t\t\t\t<div class=\"elementor-element elementor-element-d5cfde3 e-flex e-con-boxed wpr-particle-no wpr-jarallax-no wpr-parallax-no wpr-sticky-section-no e-con e-parent\" data-id=\"d5cfde3\" data-element_type=\"container\" data-e-type=\"container\" data-settings=\"{&quot;background_background&quot;:&quot;slideshow&quot;,&quot;background_slideshow_gallery&quot;:[{&quot;id&quot;:146,&quot;url&quot;:&quot;https:\\\/\\\/test.nandrikinderhilfe.de\\\/wp-content\\\/uploads\\\/2024\\\/09\\\/Header_04_web.jpg&quot;}],&quot;background_slideshow_ken_burns&quot;:&quot;yes&quot;,&quot;background_slideshow_loop&quot;:&quot;yes&quot;,&quot;background_slideshow_slide_duration&quot;:5000,&quot;background_slideshow_slide_transition&quot;:&quot;fade&quot;,&quot;background_slideshow_transition_duration&quot;:500,&quot;background_slideshow_ken_burns_zoom_direction&quot;:&quot;in&quot;}\">\n\t\t\t\t\t<div class=\"e-con-inner\">\n\t\t\t\t\t<\/div>\n\t\t\t\t<\/div>\n\t\t<div class=\"elementor-element elementor-element-4c3cac6b e-flex e-con-boxed wpr-particle-no wpr-jarallax-no wpr-parallax-no wpr-sticky-section-no e-con e-parent\" data-id=\"4c3cac6b\" data-element_type=\"container\" data-e-type=\"container\">\n\t\t\t\t\t<div class=\"e-con-inner\">\n\t\t<div class=\"elementor-element elementor-element-38737bf9 e-con-full e-flex wpr-particle-no wpr-jarallax-no wpr-parallax-no wpr-sticky-section-no e-con e-child\" data-id=\"38737bf9\" data-element_type=\"container\" data-e-type=\"container\">\n\t\t\t\t<div class=\"elementor-element elementor-element-4fa4a666 elementor-widget elementor-widget-heading\" data-id=\"4fa4a666\" data-element_type=\"widget\" data-e-type=\"widget\" data-widget_type=\"heading.default\">\n\t\t\t\t<div class=\"elementor-widget-container\">\n\t\t\t\t\t<h2 class=\"elementor-heading-title elementor-size-default\">Mitgliedschaft <\/h2>\t\t\t\t<\/div>\n\t\t\t\t<\/div>\n\t\t\t\t<div class=\"elementor-element elementor-element-76c3ed4 elementor-widget elementor-widget-heading\" data-id=\"76c3ed4\" data-element_type=\"widget\" data-e-type=\"widget\" data-widget_type=\"heading.default\">\n\t\t\t\t<div class=\"elementor-widget-container\">\n\t\t\t\t\t<h2 class=\"elementor-heading-title elementor-size-default\">Werden Sie Mitglied bei Nandri-Kinderhilfe e.V. und helfen Sie mit Ihrem Engagement jungen Menschen eine Zukunft aufzubauen.<\/h2>\t\t\t\t<\/div>\n\t\t\t\t<\/div>\n\t\t\t\t<div class=\"elementor-element elementor-element-a697547 elementor-widget-divider--view-line elementor-widget elementor-widget-divider\" data-id=\"a697547\" data-element_type=\"widget\" data-e-type=\"widget\" data-widget_type=\"divider.default\">\n\t\t\t\t<div class=\"elementor-widget-container\">\n\t\t\t\t\t\t\t<div class=\"elementor-divider\">\n\t\t\t<span class=\"elementor-divider-separator\">\n\t\t\t\t\t\t<\/span>\n\t\t<\/div>\n\t\t\t\t\t\t<\/div>\n\t\t\t\t<\/div>\n\t\t\t\t<div class=\"elementor-element elementor-element-4a6ef6d elementor-widget elementor-widget-text-editor\" data-id=\"4a6ef6d\" data-element_type=\"widget\" data-e-type=\"widget\" data-widget_type=\"text-editor.default\">\n\t\t\t\t<div class=\"elementor-widget-container\">\n\t\t\t\t\t\t\t\t\t<p>Nat\u00fcrlich freuen wir uns \u00fcber jedes weitere Mitglied \u2013 ganz gleich, ob Sie unsere Vereinsarbeit gerne aktiv mitgestalten und Ihre Ideen einbringen m\u00f6chten oder ob es Ihnen dabei lediglich um eine kontinuierliche Zugeh\u00f6rigkeit und F\u00f6rderung unserer Anliegen geht.<\/p><p><strong>Ich m\u00f6chte Mitglied bei Nandri Kinderhilfe e.V. werden f\u00fcr einen Jahresbetrag von 30,- EUR<\/strong><\/p>\t\t\t\t\t\t\t\t<\/div>\n\t\t\t\t<\/div>\n\t\t\t\t<div class=\"elementor-element elementor-element-225f1cf elementor-widget elementor-widget-text-editor\" data-id=\"225f1cf\" data-element_type=\"widget\" data-e-type=\"widget\" data-widget_type=\"text-editor.default\">\n\t\t\t\t<div class=\"elementor-widget-container\">\n\t\t\t\t\t\t\t\t\t<p><div class=\"frm_forms  with_frm_style frm_style_formidable-stil\" id=\"frm_form_6_container\" data-token=\"400d2c8812fb60f0cd4c7d70b9e098e7\">\n<form enctype=\"multipart\/form-data\" method=\"post\" class=\"frm-show-form  frm_ajax_submit \" id=\"form_mitgliedwerden\" data-token=\"400d2c8812fb60f0cd4c7d70b9e098e7\">\n<div class=\"frm_form_fields \">\n<fieldset>\n<legend class=\"frm_screen_reader\">Mitglied werden<\/legend>\r\n\r\n<div class=\"frm_fields_container\">\n<input type=\"hidden\" name=\"frm_action\" value=\"create\" \/>\n<input type=\"hidden\" name=\"form_id\" value=\"6\" \/>\n<input type=\"hidden\" name=\"frm_hide_fields_6\" id=\"frm_hide_fields_6\" value=\"\" \/>\n<input type=\"hidden\" name=\"form_key\" value=\"mitgliedwerden\" \/>\n<input type=\"hidden\" name=\"item_meta[0]\" value=\"\" \/>\n<input type=\"hidden\" id=\"frm_submit_entry_6\" name=\"frm_submit_entry_6\" value=\"5698f7e591\" \/><input type=\"hidden\" name=\"_wp_http_referer\" value=\"\/en\/wp-json\/wp\/v2\/pages\/989\" \/><div id=\"frm_field_121_container\" class=\"frm_form_field form-field  frm_required_field frm_top_container frm4 frm_first\">\r\n\t<label for=\"field_wu7y52\" id=\"field_wu7y52_label\" class=\"frm_primary_label\">Anrede\r\n\t\t<span class=\"frm_required\" aria-hidden=\"true\">*<\/span>\r\n\t<\/label>\r\n\t<input type=\"text\" id=\"field_wu7y52\" name=\"item_meta[121]\" value=\"\"  data-reqmsg=\"Anrede kann nicht leer sein.\" aria-required=\"true\" data-invmsg=\"Anrede ist ung\u00fcltig\" aria-invalid=\"false\"   aria-describedby=\"frm_desc_field_wu7y52\"\/>\r\n\t<div class=\"frm_description\" id=\"frm_desc_field_wu7y52\">Frau, Herr oder Divers<\/div>\r\n\t\r\n<\/div>\n<div id=\"frm_field_122_container\" class=\"frm_form_field form-field  frm_required_field frm_top_container frm4\">\r\n\t<label for=\"field_ctzk03\" id=\"field_ctzk03_label\" class=\"frm_primary_label\">Vorname &#038; Name\r\n\t\t<span class=\"frm_required\" aria-hidden=\"true\">*<\/span>\r\n\t<\/label>\r\n\t<input type=\"text\" id=\"field_ctzk03\" name=\"item_meta[122]\" value=\"\"  data-reqmsg=\"Vorname &amp; Name kann nicht leer sein.\" aria-required=\"true\" data-invmsg=\"Vorname &amp; Name ist ung\u00fcltig\" aria-invalid=\"false\"   aria-describedby=\"frm_desc_field_ctzk03\"\/>\r\n\t<div class=\"frm_description\" id=\"frm_desc_field_ctzk03\">Vorname<\/div>\r\n\t\r\n<\/div>\n<div id=\"frm_field_123_container\" class=\"frm_form_field form-field  frm_required_field frm_top_container frm4\">\r\n\t<label for=\"field_kwqp03\" id=\"field_kwqp03_label\" class=\"frm_primary_label\">\r\n\t\t<span class=\"frm_required\" aria-hidden=\"true\">*<\/span>\r\n\t<\/label>\r\n\t<input type=\"text\" id=\"field_kwqp03\" name=\"item_meta[123]\" value=\"\"  data-reqmsg=\"This field kann nicht leer sein.\" aria-required=\"true\" data-invmsg=\"This field ist ung\u00fcltig\" aria-invalid=\"false\"   aria-describedby=\"frm_desc_field_kwqp03\"\/>\r\n\t<div class=\"frm_description\" id=\"frm_desc_field_kwqp03\">Nachname<\/div>\r\n\t\r\n<\/div>\n<div id=\"frm_field_124_container\" class=\"frm_form_field form-field  frm_required_field frm_top_container frm4 frm_first\">\r\n\t<label for=\"field_zhmt5\" id=\"field_zhmt5_label\" class=\"frm_primary_label\">Stra\u00dfe &#038; Hausnummer\r\n\t\t<span class=\"frm_required\" aria-hidden=\"true\">*<\/span>\r\n\t<\/label>\r\n\t<input type=\"text\" id=\"field_zhmt5\" name=\"item_meta[124]\" value=\"\"  data-reqmsg=\"Stra\u00dfe &amp; Hausnummer kann nicht leer sein.\" aria-required=\"true\" data-invmsg=\"Stra\u00dfe &amp; Hausnummer ist ung\u00fcltig\" aria-invalid=\"false\"  \/>\r\n\t\r\n\t\r\n<\/div>\n<div id=\"frm_field_125_container\" class=\"frm_form_field form-field  frm_required_field frm_top_container frm4\">\r\n\t<label for=\"field_xlksi5\" id=\"field_xlksi5_label\" class=\"frm_primary_label\">PLZ\r\n\t\t<span class=\"frm_required\" aria-hidden=\"true\">*<\/span>\r\n\t<\/label>\r\n\t<input type=\"text\" id=\"field_xlksi5\" name=\"item_meta[125]\" value=\"\"  data-reqmsg=\"PLZ kann nicht leer sein.\" aria-required=\"true\" data-invmsg=\"PLZ ist ung\u00fcltig\" aria-invalid=\"false\"  \/>\r\n\t\r\n\t\r\n<\/div>\n<div id=\"frm_field_126_container\" class=\"frm_form_field form-field  frm_required_field frm_top_container frm4\">\r\n\t<label for=\"field_k0hc05\" id=\"field_k0hc05_label\" class=\"frm_primary_label\">Ort\r\n\t\t<span class=\"frm_required\" aria-hidden=\"true\">*<\/span>\r\n\t<\/label>\r\n\t<input type=\"text\" id=\"field_k0hc05\" name=\"item_meta[126]\" value=\"\"  data-reqmsg=\"Ort kann nicht leer sein.\" aria-required=\"true\" data-invmsg=\"Ort ist ung\u00fcltig\" aria-invalid=\"false\"  \/>\r\n\t\r\n\t\r\n<\/div>\n<div id=\"frm_field_127_container\" class=\"frm_form_field form-field  frm_required_field frm_top_container frm4 frm_first\">\r\n    <label for=\"field_xjj015\" id=\"field_xjj015_label\" class=\"frm_primary_label\">E-Mail\r\n        <span class=\"frm_required\">*<\/span>\r\n    <\/label>\r\n    <input type=\"email\" id=\"field_xjj015\" name=\"item_meta[127]\" value=\"\"  data-reqmsg=\"E-Mail kann nicht leer sein.\" aria-required=\"true\" data-invmsg=\"E-Mail ist ung\u00fcltig\" aria-invalid=\"false\"   aria-describedby=\"frm_desc_field_xjj015\"\/>\r\n    <div class=\"frm_description\" id=\"frm_desc_field_xjj015\">Beispiel: mustermann@web.de<\/div>\r\n    \r\n<\/div>\n<div id=\"frm_field_128_container\" class=\"frm_form_field form-field  frm_top_container frm4\">\r\n    <label for=\"field_bd2wo5\" id=\"field_bd2wo5_label\" class=\"frm_primary_label\">Telefon\r\n        <span class=\"frm_required\"><\/span>\r\n    <\/label>\r\n    <input type=\"tel\" id=\"field_bd2wo5\" name=\"item_meta[128]\" value=\"\"  data-invmsg=\"Telefon ist ung\u00fcltig\" aria-invalid=\"false\" pattern=\"((\\+\\d{1,3}(-|.| )?\\(?\\d\\)?(-| |.)?\\d{1,5})|(\\(?\\d{2,6}\\)?))(-|.| )?(\\d{3,4})(-|.| )?(\\d{4})(( x| ext)\\d{1,5}){0,1}$\"   aria-describedby=\"frm_desc_field_bd2wo5\"\/>\r\n    <div class=\"frm_description\" id=\"frm_desc_field_bd2wo5\">Optional<\/div>\r\n    \r\n<\/div>\n<div id=\"frm_field_129_container\" class=\"frm_form_field form-field  frm_required_field frm_top_container frm4\">\r\n\t<label for=\"field_nak4p5\" id=\"field_nak4p5_label\" class=\"frm_primary_label\">Datum \r\n\t\t<span class=\"frm_required\" aria-hidden=\"true\">*<\/span>\r\n\t<\/label>\r\n\t<input type=\"text\" id=\"field_nak4p5\" name=\"item_meta[129]\" value=\"\"  data-reqmsg=\"Datum  kann nicht leer sein.\" aria-required=\"true\" data-invmsg=\"Datum  ist ung\u00fcltig\" aria-invalid=\"false\"   aria-describedby=\"frm_desc_field_nak4p5\"\/>\r\n\t<div class=\"frm_description\" id=\"frm_desc_field_nak4p5\">Bitte <b>TT.MM.JJJJ<\/b> eingeben<\/div>\r\n\t\r\n<\/div>\n<div id=\"frm_field_130_container\" class=\"frm_form_field form-field  frm_top_container frm6 frm_first vertical_radio\">\r\n\t<div  id=\"field_jjc2v2_label\" class=\"frm_primary_label\">Mitglied bei Nandri Kinderhilfe e.V. werden\r\n\t\t<span class=\"frm_required\" aria-hidden=\"true\"><\/span>\r\n\t<\/div>\r\n\t<div class=\"frm_opt_container\" aria-labelledby=\"field_jjc2v2_label\" role=\"radiogroup\">\t\t<div class=\"frm_radio\" id=\"frm_radio_130-0\">\t\t\t<label  for=\"field_jjc2v2-0\">\n\t\t\t\t\t<input type=\"radio\" name=\"item_meta[130]\" id=\"field_jjc2v2-0\" value=\"Ich m\u00f6chte Nandri als Mitglied unterst\u00fctzen und werde f\u00fcr einen Jahresbetrag von 30,- EUR Mitglied bei Nandri Kinderhilfe e.V.\"\n\t\t data-invmsg=\"Mitglied bei Nandri Kinderhilfe e.V. werden is invalid\"   \/> Ich m\u00f6chte Nandri als Mitglied unterst\u00fctzen und werde f\u00fcr einen Jahresbetrag von 30,- EUR Mitglied bei Nandri Kinderhilfe e.V.<\/label><\/div>\n<\/div>\r\n\t<div class=\"frm_description\" id=\"frm_desc_field_jjc2v2\">Sie bekommen eine separate Best\u00e4tigung zugesandt<\/div>\r\n\t\r\n<\/div>\n<div id=\"frm_field_120_container\" class=\"frm_form_field form-field  frm_required_field frm_top_container frm6 vertical_radio\">\r\n\t<div  id=\"field_geuy43_label\" class=\"frm_primary_label\">Spendenquittung\r\n\t\t<span class=\"frm_required\" aria-hidden=\"true\">*<\/span>\r\n\t<\/div>\r\n\t<div class=\"frm_opt_container\" aria-labelledby=\"field_geuy43_label\" role=\"radiogroup\" aria-required=\"true\">\t\t<div class=\"frm_radio\" id=\"frm_radio_120-0\">\t\t\t<label  for=\"field_geuy43-0\">\n\t\t\t\t\t<input type=\"radio\" name=\"item_meta[120]\" id=\"field_geuy43-0\" value=\"Ja\"\n\t\t data-reqmsg=\"Spendenquittung kann nicht leer sein.\" data-invmsg=\"Spendenquittung is invalid\"   \/> Ja<\/label><\/div>\n\t\t<div class=\"frm_radio\" id=\"frm_radio_120-1\">\t\t\t<label  for=\"field_geuy43-1\">\n\t\t\t\t\t<input type=\"radio\" name=\"item_meta[120]\" id=\"field_geuy43-1\" value=\"Nein\"\n\t\t data-reqmsg=\"Spendenquittung kann nicht leer sein.\" data-invmsg=\"Spendenquittung is invalid\"   \/> Nein<\/label><\/div>\n<\/div>\r\n\t\r\n\t\r\n<\/div>\n<div id=\"frm_field_131_container\" class=\"frm_form_field form-field  frm_required_field frm_top_container vertical_radio\">\r\n\t<div  id=\"field_dbp0x3_label\" class=\"frm_primary_label\">Datenschutz\r\n\t\t<span class=\"frm_required\" aria-hidden=\"true\">*<\/span>\r\n\t<\/div>\r\n\t<div class=\"frm_opt_container\" aria-labelledby=\"field_dbp0x3_label\" role=\"group\">\t\t<div class=\"frm_checkbox\" id=\"frm_checkbox_131-0\">\t\t\t<label  for=\"field_dbp0x3-0\">\n\t\t\t<input type=\"checkbox\" name=\"item_meta[131][]\" id=\"field_dbp0x3-0\" value=\"Ich habe die Datenschutzerkl\u00e4rung gelesen und akzeptiere diese.\"  data-reqmsg=\"Datenschutz kann nicht leer sein.\" data-invmsg=\"Datenschutz is invalid\"   aria-required=\"true\"  \/> Ich habe die Datenschutzerkl\u00e4rung gelesen und akzeptiere diese.<\/label><\/div>\n<\/div>\r\n\t\r\n\t\r\n<\/div>\n<div id=\"frm_field_132_container\" class=\"frm_form_field  frm_html_container form-field\">\n<p>(<span style=\"color: #ff0000;\">*<\/span>) Pflichtfeld<\/p>\n<p>Ihre Nachricht wird verschl\u00fcsselt per https an unseren Server geschickt. Sie erkl\u00e4ren sich damit einverstanden, dass wir die Angaben zur Beantwortung Ihrer Anfrage verwenden d\u00fcrfen. Die Daten werden nach abgeschlossener Bearbeitung gel\u00f6scht.<\/p>\n<p>Hinweis: Sie k\u00f6nnen Ihre Einwilligung jederzeit f\u00fcr die Zukunft per E-Mail an <a href=\"mailto:info@nandrikinderhilfe.de\">info@nandrikinderhilfe.de<\/a> widerrufen. Hier finden Sie unsere <a href=\"\/datenschutz\/\" target=\"_blank\" rel=\"noopener\">Datenschutzerkl\u00e4rung<\/a>.<\/p>\n<\/div>\n<div id=\"frm_field_133_container\" class=\"frm_form_field form-field \">\r\n\t<div class=\"frm_submit\">\r\n\r\n<button class=\"frm_button_submit\" type=\"submit\" >Senden<\/button>\r\n\r\n<\/div>\r\n<\/div>\n\t<input type=\"hidden\" name=\"item_key\" value=\"\" \/>\n\t\t\t<div id=\"frm_field_135_container\">\n\t\t\t<label for=\"field_loowh\" >\n\t\t\t\tIf you are human, leave this field blank.\t\t\t<\/label>\n\t\t\t<input  id=\"field_loowh\" type=\"text\" class=\"frm_form_field form-field frm_verify\" name=\"item_meta[135]\" value=\"\"  \/>\n\t\t<\/div>\n\t\t<input name=\"frm_state\" type=\"hidden\" value=\"LEX2VcB\/HWEZHxnFReb2LzF+VcFnTwGNE7M2yFyd5hQ=\" \/><\/div>\n<\/fieldset>\n<\/div>\n\n<\/form>\n<\/div>\n<\/p>\t\t\t\t\t\t\t\t<\/div>\n\t\t\t\t<\/div>\n\t\t\t\t<\/div>\n\t\t<div class=\"elementor-element elementor-element-4846499 e-con-full e-flex wpr-particle-no wpr-jarallax-no wpr-parallax-no wpr-sticky-section-no e-con e-child\" data-id=\"4846499\" data-element_type=\"container\" data-e-type=\"container\">\n\t\t\t\t<div class=\"elementor-element elementor-element-269fd6e hfe-nav-menu__align-right hfe-submenu-icon-arrow hfe-link-redirect-child hfe-nav-menu__breakpoint-tablet elementor-widget elementor-widget-navigation-menu\" data-id=\"269fd6e\" data-element_type=\"widget\" data-e-type=\"widget\" data-settings=\"{&quot;padding_horizontal_menu_item&quot;:{&quot;unit&quot;:&quot;px&quot;,&quot;size&quot;:15,&quot;sizes&quot;:[]},&quot;padding_horizontal_menu_item_tablet&quot;:{&quot;unit&quot;:&quot;px&quot;,&quot;size&quot;:&quot;&quot;,&quot;sizes&quot;:[]},&quot;padding_horizontal_menu_item_mobile&quot;:{&quot;unit&quot;:&quot;px&quot;,&quot;size&quot;:&quot;&quot;,&quot;sizes&quot;:[]},&quot;padding_vertical_menu_item&quot;:{&quot;unit&quot;:&quot;px&quot;,&quot;size&quot;:15,&quot;sizes&quot;:[]},&quot;padding_vertical_menu_item_tablet&quot;:{&quot;unit&quot;:&quot;px&quot;,&quot;size&quot;:&quot;&quot;,&quot;sizes&quot;:[]},&quot;padding_vertical_menu_item_mobile&quot;:{&quot;unit&quot;:&quot;px&quot;,&quot;size&quot;:&quot;&quot;,&quot;sizes&quot;:[]},&quot;menu_space_between&quot;:{&quot;unit&quot;:&quot;px&quot;,&quot;size&quot;:&quot;&quot;,&quot;sizes&quot;:[]},&quot;menu_space_between_tablet&quot;:{&quot;unit&quot;:&quot;px&quot;,&quot;size&quot;:&quot;&quot;,&quot;sizes&quot;:[]},&quot;menu_space_between_mobile&quot;:{&quot;unit&quot;:&quot;px&quot;,&quot;size&quot;:&quot;&quot;,&quot;sizes&quot;:[]},&quot;dropdown_border_radius&quot;:{&quot;unit&quot;:&quot;px&quot;,&quot;top&quot;:&quot;&quot;,&quot;right&quot;:&quot;&quot;,&quot;bottom&quot;:&quot;&quot;,&quot;left&quot;:&quot;&quot;,&quot;isLinked&quot;:true},&quot;dropdown_border_radius_tablet&quot;:{&quot;unit&quot;:&quot;px&quot;,&quot;top&quot;:&quot;&quot;,&quot;right&quot;:&quot;&quot;,&quot;bottom&quot;:&quot;&quot;,&quot;left&quot;:&quot;&quot;,&quot;isLinked&quot;:true},&quot;dropdown_border_radius_mobile&quot;:{&quot;unit&quot;:&quot;px&quot;,&quot;top&quot;:&quot;&quot;,&quot;right&quot;:&quot;&quot;,&quot;bottom&quot;:&quot;&quot;,&quot;left&quot;:&quot;&quot;,&quot;isLinked&quot;:true},&quot;padding_horizontal_dropdown_item&quot;:{&quot;unit&quot;:&quot;px&quot;,&quot;size&quot;:&quot;&quot;,&quot;sizes&quot;:[]},&quot;padding_horizontal_dropdown_item_tablet&quot;:{&quot;unit&quot;:&quot;px&quot;,&quot;size&quot;:&quot;&quot;,&quot;sizes&quot;:[]},&quot;padding_horizontal_dropdown_item_mobile&quot;:{&quot;unit&quot;:&quot;px&quot;,&quot;size&quot;:&quot;&quot;,&quot;sizes&quot;:[]},&quot;padding_vertical_dropdown_item&quot;:{&quot;unit&quot;:&quot;px&quot;,&quot;size&quot;:15,&quot;sizes&quot;:[]},&quot;padding_vertical_dropdown_item_tablet&quot;:{&quot;unit&quot;:&quot;px&quot;,&quot;size&quot;:&quot;&quot;,&quot;sizes&quot;:[]},&quot;padding_vertical_dropdown_item_mobile&quot;:{&quot;unit&quot;:&quot;px&quot;,&quot;size&quot;:&quot;&quot;,&quot;sizes&quot;:[]},&quot;distance_from_menu&quot;:{&quot;unit&quot;:&quot;px&quot;,&quot;size&quot;:&quot;&quot;,&quot;sizes&quot;:[]},&quot;distance_from_menu_tablet&quot;:{&quot;unit&quot;:&quot;px&quot;,&quot;size&quot;:&quot;&quot;,&quot;sizes&quot;:[]},&quot;distance_from_menu_mobile&quot;:{&quot;unit&quot;:&quot;px&quot;,&quot;size&quot;:&quot;&quot;,&quot;sizes&quot;:[]},&quot;toggle_size&quot;:{&quot;unit&quot;:&quot;px&quot;,&quot;size&quot;:&quot;&quot;,&quot;sizes&quot;:[]},&quot;toggle_size_tablet&quot;:{&quot;unit&quot;:&quot;px&quot;,&quot;size&quot;:&quot;&quot;,&quot;sizes&quot;:[]},&quot;toggle_size_mobile&quot;:{&quot;unit&quot;:&quot;px&quot;,&quot;size&quot;:&quot;&quot;,&quot;sizes&quot;:[]},&quot;toggle_border_width&quot;:{&quot;unit&quot;:&quot;px&quot;,&quot;size&quot;:&quot;&quot;,&quot;sizes&quot;:[]},&quot;toggle_border_width_tablet&quot;:{&quot;unit&quot;:&quot;px&quot;,&quot;size&quot;:&quot;&quot;,&quot;sizes&quot;:[]},&quot;toggle_border_width_mobile&quot;:{&quot;unit&quot;:&quot;px&quot;,&quot;size&quot;:&quot;&quot;,&quot;sizes&quot;:[]},&quot;toggle_border_radius&quot;:{&quot;unit&quot;:&quot;px&quot;,&quot;size&quot;:&quot;&quot;,&quot;sizes&quot;:[]},&quot;toggle_border_radius_tablet&quot;:{&quot;unit&quot;:&quot;px&quot;,&quot;size&quot;:&quot;&quot;,&quot;sizes&quot;:[]},&quot;toggle_border_radius_mobile&quot;:{&quot;unit&quot;:&quot;px&quot;,&quot;size&quot;:&quot;&quot;,&quot;sizes&quot;:[]}}\" data-widget_type=\"navigation-menu.default\">\n\t\t\t\t<div class=\"elementor-widget-container\">\n\t\t\t\t\t\t\t\t<div class=\"hfe-nav-menu hfe-layout-vertical hfe-nav-menu-layout vertical\" data-layout=\"vertical\">\n\t\t\t\t<div role=\"button\" class=\"hfe-nav-menu__toggle elementor-clickable\" tabindex=\"0\" aria-label=\"Menu Toggle\">\n\t\t\t\t\t<span class=\"screen-reader-text\">Menu<\/span>\n\t\t\t\t\t<div class=\"hfe-nav-menu-icon\">\n\t\t\t\t\t\t<svg aria-hidden=\"true\"  class=\"e-font-icon-svg e-fas-align-justify\" viewBox=\"0 0 448 512\" xmlns=\"http:\/\/www.w3.org\/2000\/svg\"><path d=\"M432 416H16a16 16 0 0 0-16 16v32a16 16 0 0 0 16 16h416a16 16 0 0 0 16-16v-32a16 16 0 0 0-16-16zm0-128H16a16 16 0 0 0-16 16v32a16 16 0 0 0 16 16h416a16 16 0 0 0 16-16v-32a16 16 0 0 0-16-16zm0-128H16a16 16 0 0 0-16 16v32a16 16 0 0 0 16 16h416a16 16 0 0 0 16-16v-32a16 16 0 0 0-16-16zm0-128H16A16 16 0 0 0 0 48v32a16 16 0 0 0 16 16h416a16 16 0 0 0 16-16V48a16 16 0 0 0-16-16z\"><\/path><\/svg>\t\t\t\t\t<\/div>\n\t\t\t\t<\/div>\n\t\t\t\t<nav itemscope=\"itemscope\" itemtype=\"https:\/\/schema.org\/SiteNavigationElement\" class=\"hfe-nav-menu__layout-vertical hfe-nav-menu__submenu-arrow\" data-toggle-icon=\"&lt;svg aria-hidden=&quot;true&quot; tabindex=&quot;0&quot; class=&quot;e-font-icon-svg e-fas-align-justify&quot; viewBox=&quot;0 0 448 512&quot; xmlns=&quot;http:\/\/www.w3.org\/2000\/svg&quot;&gt;&lt;path d=&quot;M432 416H16a16 16 0 0 0-16 16v32a16 16 0 0 0 16 16h416a16 16 0 0 0 16-16v-32a16 16 0 0 0-16-16zm0-128H16a16 16 0 0 0-16 16v32a16 16 0 0 0 16 16h416a16 16 0 0 0 16-16v-32a16 16 0 0 0-16-16zm0-128H16a16 16 0 0 0-16 16v32a16 16 0 0 0 16 16h416a16 16 0 0 0 16-16v-32a16 16 0 0 0-16-16zm0-128H16A16 16 0 0 0 0 48v32a16 16 0 0 0 16 16h416a16 16 0 0 0 16-16V48a16 16 0 0 0-16-16z&quot;&gt;&lt;\/path&gt;&lt;\/svg&gt;\" data-close-icon=\"&lt;svg aria-hidden=&quot;true&quot; tabindex=&quot;0&quot; class=&quot;e-font-icon-svg e-far-window-close&quot; viewBox=&quot;0 0 512 512&quot; xmlns=&quot;http:\/\/www.w3.org\/2000\/svg&quot;&gt;&lt;path d=&quot;M464 32H48C21.5 32 0 53.5 0 80v352c0 26.5 21.5 48 48 48h416c26.5 0 48-21.5 48-48V80c0-26.5-21.5-48-48-48zm0 394c0 3.3-2.7 6-6 6H54c-3.3 0-6-2.7-6-6V86c0-3.3 2.7-6 6-6h404c3.3 0 6 2.7 6 6v340zM356.5 194.6L295.1 256l61.4 61.4c4.6 4.6 4.6 12.1 0 16.8l-22.3 22.3c-4.6 4.6-12.1 4.6-16.8 0L256 295.1l-61.4 61.4c-4.6 4.6-12.1 4.6-16.8 0l-22.3-22.3c-4.6-4.6-4.6-12.1 0-16.8l61.4-61.4-61.4-61.4c-4.6-4.6-4.6-12.1 0-16.8l22.3-22.3c4.6-4.6 12.1-4.6 16.8 0l61.4 61.4 61.4-61.4c4.6-4.6 12.1-4.6 16.8 0l22.3 22.3c4.7 4.6 4.7 12.1 0 16.8z&quot;&gt;&lt;\/path&gt;&lt;\/svg&gt;\" data-full-width=\"yes\">\n\t\t\t\t\t<ul id=\"menu-1-269fd6e\" class=\"hfe-nav-menu\"><li id=\"menu-item-947\" itemprop=\"name\" class=\"menu-item menu-item-type-post_type menu-item-object-page parent hfe-creative-menu\"><a href=\"https:\/\/nandrikinderhilfe.de\/en\/engagieren\/\" itemprop=\"url\" class = \"hfe-menu-item\">Engagieren<\/a><\/li>\n<li id=\"menu-item-969\" itemprop=\"name\" class=\"menu-item menu-item-type-post_type menu-item-object-page parent hfe-creative-menu\"><a href=\"https:\/\/nandrikinderhilfe.de\/en\/patenschaft\/\" itemprop=\"url\" class = \"hfe-menu-item\">Patenschaft<\/a><\/li>\n<li id=\"menu-item-3138\" itemprop=\"name\" class=\"menu-item menu-item-type-post_type menu-item-object-page parent hfe-creative-menu\"><a href=\"https:\/\/nandrikinderhilfe.de\/en\/spenden\/\" itemprop=\"url\" class = \"hfe-menu-item\">Spenden<\/a><\/li>\n<li id=\"menu-item-997\" itemprop=\"name\" class=\"menu-item menu-item-type-post_type menu-item-object-page parent hfe-creative-menu\"><a href=\"https:\/\/nandrikinderhilfe.de\/en\/mitgliedschaft\/\" itemprop=\"url\" class = \"hfe-menu-item\">Mitgliedschaft<\/a><\/li>\n<li id=\"menu-item-956\" itemprop=\"name\" class=\"menu-item menu-item-type-post_type menu-item-object-page parent hfe-creative-menu\"><a href=\"https:\/\/nandrikinderhilfe.de\/en\/sponsoren\/\" itemprop=\"url\" class = \"hfe-menu-item\">Sponsoren<\/a><\/li>\n<li id=\"menu-item-978\" itemprop=\"name\" class=\"menu-item menu-item-type-post_type menu-item-object-page parent hfe-creative-menu\"><a href=\"https:\/\/nandrikinderhilfe.de\/en\/feiern-und-jubilaen\/\" itemprop=\"url\" class = \"hfe-menu-item\">Feiern und Jubil\u00e4en<\/a><\/li>\n<li id=\"menu-item-1019\" itemprop=\"name\" class=\"menu-item menu-item-type-post_type menu-item-object-page parent hfe-creative-menu\"><a href=\"https:\/\/nandrikinderhilfe.de\/en\/sachspenden\/\" itemprop=\"url\" class = \"hfe-menu-item\">Sachspenden<\/a><\/li>\n<li id=\"menu-item-1031\" itemprop=\"name\" class=\"menu-item menu-item-type-post_type menu-item-object-page parent hfe-creative-menu\"><a href=\"https:\/\/nandrikinderhilfe.de\/en\/vermachtnis-testament\/\" itemprop=\"url\" class = \"hfe-menu-item\">Verm\u00e4chtnis\/Testament<\/a><\/li>\n<\/ul> \n\t\t\t\t<\/nav>\n\t\t\t<\/div>\n\t\t\t\t\t\t\t<\/div>\n\t\t\t\t<\/div>\n\t\t\t\t<\/div>\n\t\t\t\t\t<\/div>\n\t\t\t\t<\/div>\n\t\t<div class=\"elementor-element elementor-element-b9d5b24 e-con-full e-flex wpr-particle-no wpr-jarallax-no wpr-parallax-no wpr-sticky-section-no e-con e-parent\" data-id=\"b9d5b24\" data-element_type=\"container\" data-e-type=\"container\">\n\t\t\t\t<\/div>\n\t\t\t\t<\/div>\n\t\t","protected":false},"excerpt":{"rendered":"<p>Mitgliedschaft Werden Sie Mitglied bei Nandri-Kinderhilfe e.V. und helfen Sie mit Ihrem Engagement jungen Menschen eine Zukunft aufzubauen. Nat\u00fcrlich freuen wir uns \u00fcber jedes weitere Mitglied \u2013 ganz gleich, ob Sie unsere Vereinsarbeit gerne aktiv mitgestalten und Ihre Ideen einbringen m\u00f6chten oder ob es Ihnen dabei lediglich um eine kontinuierliche Zugeh\u00f6rigkeit und F\u00f6rderung unserer Anliegen geht. Ich m\u00f6chte Mitglied bei Nandri Kinderhilfe e.V. werden f\u00fcr einen Jahresbetrag von 30,- EUR Men\u00fc Engagieren Patenschaft Spenden Mitgliedschaft Sponsoren Feiern und Jubil\u00e4en Sachspenden Verm\u00e4chtnis\/Testament<\/p>","protected":false},"author":1,"featured_media":0,"parent":0,"menu_order":0,"comment_status":"closed","ping_status":"closed","template":"","meta":{"footnotes":""},"class_list":["post-989","page","type-page","status-publish","hentry"],"_links":{"self":[{"href":"https:\/\/nandrikinderhilfe.de\/en\/wp-json\/wp\/v2\/pages\/989","targetHints":{"allow":["GET"]}}],"collection":[{"href":"https:\/\/nandrikinderhilfe.de\/en\/wp-json\/wp\/v2\/pages"}],"about":[{"href":"https:\/\/nandrikinderhilfe.de\/en\/wp-json\/wp\/v2\/types\/page"}],"author":[{"embeddable":true,"href":"https:\/\/nandrikinderhilfe.de\/en\/wp-json\/wp\/v2\/users\/1"}],"replies":[{"embeddable":true,"href":"https:\/\/nandrikinderhilfe.de\/en\/wp-json\/wp\/v2\/comments?post=989"}],"version-history":[{"count":31,"href":"https:\/\/nandrikinderhilfe.de\/en\/wp-json\/wp\/v2\/pages\/989\/revisions"}],"predecessor-version":[{"id":3805,"href":"https:\/\/nandrikinderhilfe.de\/en\/wp-json\/wp\/v2\/pages\/989\/revisions\/3805"}],"wp:attachment":[{"href":"https:\/\/nandrikinderhilfe.de\/en\/wp-json\/wp\/v2\/media?parent=989"}],"curies":[{"name":"wp","href":"https:\/\/api.w.org\/{rel}","templated":true}]}}